{"id":808,"date":"2023-10-17T14:15:35","date_gmt":"2023-10-17T12:15:35","guid":{"rendered":"https:\/\/houseofretouching.com\/warsztaty\/?post_type=product&#038;p=808"},"modified":"2026-01-19T09:23:40","modified_gmt":"2026-01-19T08:23:40","slug":"kurs-color-gradingu-capture-one","status":"publish","type":"product","link":"https:\/\/houseofretouching.com\/warsztaty\/produkt\/kurs-color-gradingu-capture-one\/","title":{"rendered":"Color Grading (Capture One)"},"content":{"rendered":"<div class=\"pp\">\n<div class=\"pp-container pp-bg-1\">\n<div class=\"pp-two-columns\">\n<p class=\"pp-text-1\">Dlaczego Capture One?<\/p>\n<div>\n<p class=\"pp-text-3 pp-mb-l\">Umiej\u0119tno\u015b\u0107 bieg\u0142ego pos\u0142ugiwania si\u0119 <span class=\"pp-text-accent\">Capture One<\/span> jest nieodzown\u0105 umiej\u0119tno\u015bci\u0105 dla fotograf\u00f3w, post-producent\u00f3w fotografii, grafik\u00f3w komputerowych oraz innych zawod\u00f3w maj\u0105cych do czynienia z\u00a0negatywami cyfrowymi.<\/p>\n<p class=\"pp-text-body pp-mb-m\">Capture One lub Adobe Lightroom Classic s\u0105 absolutnym \u015bwiatowym standardem w wywo\u0142ywaniu plik\u00f3w raw i towarzysz\u0105 ka\u017cdemu profesjonali\u015bcie, a nierzadko i amatorowi fotografii. Powod\u00f3w dla kt\u00f3rych fotografowie wybieraj\u0105 te dwa programy jest wiele, a najwa\u017cniejsze z nich to:<\/p>\n<div class=\"line-horizontal\"><\/div>\n<ol class=\"pp-list-ordered\">\n<li class=\"pp-list-ordered-item pp-text-bold pp-text-body\"><span class=\"pp-text-accent pp-list-number\">01<\/span>Niezawodno\u015b\u0107<\/li>\n<li class=\"pp-list-ordered-item pp-text-bold pp-text-body\"><span class=\"pp-text-accent pp-list-number\">02<\/span>Powtarzalno\u015b\u0107 efekt\u00f3w<\/li>\n<li class=\"pp-list-ordered-item pp-text-bold pp-text-body\"><span class=\"pp-text-accent pp-list-number\">03<\/span>Mnogo\u015b\u0107 narz\u0119dzi pozwalaj\u0105cych na edycj\u0119 i modyfikacj\u0119 obrazu<\/li>\n<li class=\"pp-list-ordered-item pp-text-bold pp-text-body\"><span class=\"pp-text-accent pp-list-number\">04<\/span>Standaryzacja<\/li>\n<li class=\"pp-list-ordered-item pp-text-bold pp-text-body\"><span class=\"pp-text-accent pp-list-number\">05<\/span>Ergonomia<\/li>\n<\/ol>\n<p class=\"pp-text-body\">Najnowsze wersje tych dw\u00f3ch program\u00f3w niezwykle si\u0119 do siebie zbli\u017cy\u0142y w kwestiach wyboru narz\u0119dzi i ostatecznych efekt\u00f3w, ale nie s\u0105 identyczne. Capture One pozwala na prac\u0119 z\u00a0sesj\u0105 lub katalogiem. Lightroom tylko z katalogiem. Lightroom posiada funkcj\u0119 rozpoznawania twarzy, co usprawnia przeszukiwanie obszernych katalog\u00f3w, Capture One jest pozbawiony tej funkcji. Maskowanie w obu programach dzia\u0142a na\u00a0innych zasadach i z u\u017cyciem innej technologii.<\/p>\n<\/div>\n<\/div>\n<\/div>\n<div class=\"pp-container\">\n<div class=\"pp-two-columns pp-mb-xxl\">\n<p class=\"pp-text-1\">Czego si\u0119 nauczysz?<\/p>\n<div>\n<p class=\"pp-text-body pp-mb-m\">Warsztaty dotycza\u0328ce obr\u00f3bki plik\u00f3w RAW przy uz\u0307yciu Capture One obejmuja\u0328 om\u00f3wienie paneli i funkcji koniecznych do wykonania pe\u0142nego procesu colorgradingu i wywo\u0142ania zdj\u0119\u0107, w\u0142as\u0301ciwych praktyk pracy przy wywo\u0142ywaniu plik\u00f3w, c\u0301wiczenia wykorzystania moz\u0307liwos\u0301ci programu w celu przys\u0301pieszenia pracy, oraz uzyskania optymalnych efekt\u00f3w.<\/p>\n<p class=\"pp-text-body pp-mb-l\">Oznacza to, \u017ce osoba zg\u0142aszaj\u0105ca si\u0119 na szkolenie musi zna\u0107 podstawy dzia\u0142ania najnowszej wersji programu Capture One. Aby odkryc\u0301 pe\u0142en potencja\u0142 tkwi\u0105cy w zdje\u0328ciach oraz najnowszej wersji Capture One be\u0328dziemy rozmawiac\u0301 o dzia\u0142aniu narz\u0119dzi i \u0107wiczy\u0107 uzyskiwanie konkretnych efekt\u00f3w przy kreatywnej obr\u00f3bce wybranych zdje\u0328\u0107. Zrozumienie procesu oraz mechanizm\u00f3w dzia\u0142ania narz\u0119dzi prowadzi do \u015bwiadomego dzia\u0142ania i skr\u00f3cenia czasu pracy nad obrazem.<\/p>\n<p class=\"pp-text-3\">Kluczowym momentem warsztat\u00f3w jest nauka ustawiania styl\u00f3w kolorystycznych, czyli <span class=\"pp-text-accent\">tworzenia charakteru<\/span> zdj\u0119cia, jego unikalnej palety kolorystycznej, stosunku kana\u0142\u00f3w i mocy s\u0301wiat\u0142ocienia.<\/p>\n<\/div>\n<\/div>\n<div class=\"pp-mb-xl\">\n<p class=\"pp-text-body pp-mb-xs\">Program<\/p>\n<p class=\"pp-text-2\">W ramach <span class=\"pp-text-accent\">warsztat\u00f3w<\/span> poruszane b\u0119d\u0105 nast\u0119puj\u0105ce zagadnienia:<\/p>\n<\/div>\n<div class=\"pp-three-columns\">\n<div class=\"pp-grid-item\">\n<p class=\"pp-text-body pp-mb-xs\">[01]<\/p>\n<p class=\"pp-text-3\">RAW &#8211; czym jest i\u00a0dlaczego jest najlepsz\u0105 opcj\u0105?<\/p>\n<\/div>\n<div class=\"pp-grid-item\">\n<p class=\"pp-text-body pp-mb-xs\">[02]<\/p>\n<p class=\"pp-text-3\">Miejsce Capture One w\u00a0fotograficznym workflow.<\/p>\n<\/div>\n<div class=\"pp-grid-item\">\n<p class=\"pp-text-body pp-mb-xs\">[03]<\/p>\n<p class=\"pp-text-3\">Capture One i Adobe Lightroom \u2013 podobie\u0144stwa i\u00a0r\u00f3\u017cnice.<\/p>\n<\/div>\n<div class=\"pp-grid-item\">\n<p class=\"pp-text-body pp-mb-xs\">[04]<\/p>\n<p class=\"pp-text-3 pp-mb-m\">Funkcje i dzia\u0142anie Capture One.<\/p>\n<p class=\"pp-text-body\">Panele i ich funkcje ze szczeg\u00f3lnym uwzgl\u0119dnieniem tych uz\u0307ywanych najcz\u0119\u015bciej w House of Retouching.<\/p>\n<\/div>\n<div class=\"pp-grid-item\">\n<p class=\"pp-text-body pp-mb-xs\">[05]<\/p>\n<p class=\"pp-text-3 pp-mb-m\">Oszcz\u0119dno\u015b\u0107 czasu czyli om\u00f3wienie funkcji usprawniaj\u0105cych prac\u0119.<\/p>\n<ul class=\"pp-list-unordered\">\n<li class=\"pp-text-body\">Dzia\u0142anie na zbiorach zdje\u0328c\u0301.<\/li>\n<li class=\"pp-text-body\">Tworzenie schemat\u00f3w sesji, katalog\u00f3w ba\u0328dz\u0301 zmian nazw, metadanych etc.<\/li>\n<li class=\"pp-text-body\">Usuwanie skaz oraz drobny retusz na setkach zdje\u0328c\u0301 w cia\u0328gu sekund.<\/li>\n<\/ul>\n<\/div>\n<div class=\"pp-grid-item\">\n<p class=\"pp-text-body pp-mb-xs\">[06]<\/p>\n<p class=\"pp-text-3 pp-mb-m\">Kreowanie styli kolorystycznych.<\/p>\n<ul class=\"pp-list-unordered\">\n<li class=\"pp-text-body\">Stworzenie stylu wed\u0142ug referencji.<\/li>\n<li class=\"pp-text-body\">\u0106wiczenia z tworzenia kreatywnych styli kolorowych oraz czarno-bia\u0142ych.<\/li>\n<\/ul>\n<\/div>\n<div class=\"pp-grid-item\">\n<p class=\"pp-text-body pp-mb-xs\">[07]<\/p>\n<p class=\"pp-text-3 pp-mb-m\">Dopasowywanie zdj\u0119\u0107 mi\u0119dzy sob\u0105.<\/p>\n<ul class=\"pp-list-unordered\">\n<li class=\"pp-text-body\">Uz\u0307ywanie styli do nadania sp\u00f3jnos\u0301ci zbiorom zdje\u0328c\u0301.<\/li>\n<li class=\"pp-text-body\">Ujednolicanie zdje\u0328c\u0301 r\u00f3z\u0307nia\u0328cych sie\u0328 os\u0301wietleniem, ekspozycja\u0328 itd.<\/li>\n<\/ul>\n<\/div>\n<div class=\"pp-grid-item\">\n<p class=\"pp-text-body pp-mb-xs\">[08]<\/p>\n<p class=\"pp-text-3 pp-mb-m\">Praca na warstwach \u2013 korekcje os\u0301wietlenia.<\/p>\n<ul class=\"pp-list-unordered\">\n<li class=\"pp-text-body\">Kreowanie os\u0301wietlenia.<\/li>\n<li class=\"pp-text-body\">Zmiany temperatury s\u0301wiat\u0142a oraz lokalne korekcje kolorystyczne.<\/li>\n<\/ul>\n<\/div>\n<div class=\"pp-grid-item\">\n<p class=\"pp-text-body pp-mb-xs\">[09]<\/p>\n<p class=\"pp-text-3 pp-mb-m\">Wo\u0142anie:<\/p>\n<ul class=\"pp-list-unordered\">\n<li class=\"pp-text-body\">Profile kolorystyczne wyjs\u0301ciowe.<\/li>\n<li class=\"pp-text-body\">Parametry wyjs\u0301ciowe.<\/li>\n<li class=\"pp-text-body\">Tworzenie recept.<\/li>\n<li class=\"pp-text-body\">Wo\u0142anie wielu plik\u00f3w r\u00f3wnoczes\u0301nie do wielu format\u00f3w i przestrzeni kolorystycznych.<\/li>\n<\/ul>\n<\/div>\n<\/div>\n<\/div>\n<div class=\"pp-two-columns-2\">\n<div class=\"pp-container pp-bg-2\">\n<div class=\"pp-mb-xl\">\n<p class=\"pp-text-body pp-mb-xs pp-text-white\">Wa\u017cne!<\/p>\n<p class=\"pp-text-1 pp-text-white\">Co musisz<br \/>\nwiedzie\u0107?<\/p>\n<\/div>\n<div class=\"pp-two-columns\">\n<div class=\"pp-grid-item-2\">\n<p class=\"pp-text-body pp-mb-xs\">[01]<\/p>\n<p class=\"pp-text-3 pp-mb-m pp-text-white\">Czy warsztaty s\u0105 dla\u00a0mnie?<\/p>\n<p class=\"pp-text-body\">Warsztaty nie s\u0105 przeznaczone dla os\u00f3b ca\u0142kiem pocz\u0105tkuj\u0105cych. Wymagana jest znajomo\u015b\u0107 podstaw dzia\u0142ania najnowszej wersji programu Capture One.<\/p>\n<\/div>\n<div class=\"pp-grid-item-2\">\n<p class=\"pp-text-body pp-mb-xs\">[02]<\/p>\n<p class=\"pp-text-3 pp-mb-m pp-text-white\">Minimalna liczba os\u00f3b bior\u0105ca udzia\u0142 w\u00a0warsztatach.<\/p>\n<p class=\"pp-text-body\">Warunkiem ruszenia warsztat\u00f3w w okre\u015blonym terminie jest uzbieranie si\u0119 minimum 4 os\u00f3b ch\u0119tnych.<\/p>\n<p class=\"pp-text-body\">Przeczytaj: <a class=\"pp-link pp-text-bold\" href=\"https:\/\/houseofretouching.com\/warsztaty\/regulamin\/\">Regulamin warsztat\u00f3w<\/a><\/p>\n<\/div>\n<div class=\"pp-grid-item-2\">\n<p class=\"pp-text-body pp-mb-xs\">[03]<\/p>\n<p class=\"pp-text-3 pp-mb-m pp-text-white\">Rezygnacja z udzia\u0142u w\u00a0warsztatach<\/p>\n<p class=\"pp-text-body\">Mo\u017cesz bezp\u0142atnie zrezygnowa\u0107 z udzia\u0142u w wykupionych warsztatach w terminie 14 dni od daty zakupu. Wyj\u0105tkiem jest sytuacja, kiedy kupisz udzia\u0142 w warsztatach p\u00f3\u017aniej ni\u017c 14 dni przed ich rozpocz\u0119ciem.<\/p>\n<p class=\"pp-text-body\">Przeczytaj: <a class=\"pp-link pp-text-bold\" href=\"https:\/\/houseofretouching.com\/warsztaty\/regulamin\/\">Regulamin warsztat\u00f3w<\/a><\/p>\n<\/div>\n<div class=\"pp-grid-item-2\">\n<p class=\"pp-text-body pp-mb-xs\">[04]<\/p>\n<p class=\"pp-text-3 pp-mb-m pp-text-white\">Warsztaty odbywaj\u0105 si\u0119 stacjonarnie w\u00a0Krakowie.<\/p>\n<p class=\"pp-text-body\">Uczestnik\u00f3w warsztat\u00f3w zapraszamy do naszego studia zlokalizowanego w centrum Krakowa.<\/p>\n<\/div>\n<\/div>\n<\/div>\n<div class=\"pp-container pp-bg-3 pp-flex-ac-sb\">\n<div class=\"pp-mb-xxl\">\n<p class=\"pp-text-body pp-mb-xs pp-text-white\">Kontakt<\/p>\n<p class=\"pp-text-1 pp-mb-xl pp-text-white\">Masz pytania?<\/p>\n<p class=\"pp-text-body pp-mb-m\">Sprawd\u017a nasz\u0105 sekcj\u0119 FAQ, w kt\u00f3rej odpowiedzieli\u015bmy na najcz\u0119\u015bciej pojawiaj\u0105ce si\u0119 pytania.<\/p>\n<p><a class=\"pp-button pp-text-body pp-text-bold\" href=\"https:\/\/houseofretouching.com\/warsztaty\/#faq\">Zobacz FAQ<\/a><\/p>\n<\/div>\n<div>\n<p class=\"pp-text-body pp-mb-xs\">Nie znalaz\u0142e\u015b\/a\u015b odpowiedzi? Napisz do nas!<\/p>\n<p><a class=\"pp-text-3 pp-word-break pp-link-no-hover\" href=\"mailto:workshops@houseofretouching.com\">workshops@<br \/>\nhouseofretouching.com<\/a><\/p>\n<\/div>\n<\/div>\n<\/div>\n<\/div>\n","protected":false},"excerpt":{"rendered":"<p>Umiej\u0119tno\u015b\u0107 bieg\u0142ego pos\u0142ugiwania si\u0119 Capture One jest nieodzowna\u0328 umiej\u0119tno\u015bci\u0105 dla fotograf\u00f3w, post-producent\u00f3w fotografii, grafik\u00f3w komputerowych, oraz innych zawod\u00f3w maja\u0328cych do czynienia z negatywami cyfrowymi.<\/p>\n","protected":false},"featured_media":1994,"comment_status":"open","ping_status":"closed","template":"","meta":{"site-sidebar-layout":"default","site-content-layout":"","ast-site-content-layout":"default","site-content-style":"default","site-sidebar-style":"default","ast-global-header-display":"","ast-banner-title-visibility":"","ast-main-header-display":"","ast-hfb-above-header-display":"","ast-hfb-below-header-display":"","ast-hfb-mobile-header-display":"","site-post-title":"","ast-breadcrumbs-content":"","ast-featured-img":"","footer-sml-layout":"","ast-disable-related-posts":"","theme-transparent-header-meta":"default","adv-header-id-meta":"","stick-header-meta":"","header-above-stick-meta":"","header-main-stick-meta":"","header-below-stick-meta":"","astra-migrate-meta-layouts":"set","ast-page-background-enabled":"default","ast-page-background-meta":{"desktop":{"background-color":"var(--ast-global-color-4)","background-image":"","background-repeat":"repeat","background-position":"center center","background-size":"auto","background-attachment":"scroll","background-type":"","background-media":"","overlay-type":"","overlay-color":"","overlay-opacity":"","overlay-gradient":""},"tablet":{"background-color":"","background-image":"","background-repeat":"repeat","background-position":"center center","background-size":"auto","background-attachment":"scroll","background-type":"","background-media":"","overlay-type":"","overlay-color":"","overlay-opacity":"","overlay-gradient":""},"mobile":{"background-color":"","background-image":"","background-repeat":"repeat","background-position":"center center","background-size":"auto","background-attachment":"scroll","background-type":"","background-media":"","overlay-type":"","overlay-color":"","overlay-opacity":"","overlay-gradient":""}},"ast-content-background-meta":{"desktop":{"background-color":"var(--ast-global-color-5)","background-image":"","background-repeat":"repeat","background-position":"center center","background-size":"auto","background-attachment":"scroll","background-type":"","background-media":"","overlay-type":"","overlay-color":"","overlay-opacity":"","overlay-gradient":""},"tablet":{"background-color":"var(--ast-global-color-5)","background-image":"","background-repeat":"repeat","background-position":"center center","background-size":"auto","background-attachment":"scroll","background-type":"","background-media":"","overlay-type":"","overlay-color":"","overlay-opacity":"","overlay-gradient":""},"mobile":{"background-color":"var(--ast-global-color-5)","background-image":"","background-repeat":"repeat","background-position":"center center","background-size":"auto","background-attachment":"scroll","background-type":"","background-media":"","overlay-type":"","overlay-color":"","overlay-opacity":"","overlay-gradient":""}}},"product_brand":[],"product_cat":[19],"product_tag":[],"class_list":{"0":"post-808","1":"product","2":"type-product","3":"status-publish","4":"has-post-thumbnail","6":"product_cat-stacjonarne","7":"desktop-align-left","8":"tablet-align-left","9":"mobile-align-left","11":"first","12":"instock","13":"taxable","14":"shipping-taxable","15":"purchasable","16":"product-type-variable"},"yoast_head":"<!-- This site is optimized with the Yoast SEO plugin v27.4 - https:\/\/yoast.com\/product\/yoast-seo-wordpress\/ -->\n<title>Color Grading (Capture One) - Warsztaty House of Retouching<\/title>\n<meta name=\"robots\" content=\"index, follow, max-snippet:-1, max-image-preview:large, max-video-preview:-1\" \/>\n<link rel=\"canonical\" href=\"https:\/\/houseofretouching.com\/warsztaty\/produkt\/kurs-color-gradingu-capture-one\/\" \/>\n<meta property=\"og:locale\" content=\"pl_PL\" \/>\n<meta property=\"og:type\" content=\"article\" \/>\n<meta property=\"og:title\" content=\"Color Grading (Capture One) - Warsztaty House of Retouching\" \/>\n<meta property=\"og:description\" content=\"Umiej\u0119tno\u015b\u0107 bieg\u0142ego pos\u0142ugiwania si\u0119 Capture One jest nieodzowna\u0328 umiej\u0119tno\u015bci\u0105 dla fotograf\u00f3w, post-producent\u00f3w fotografii, grafik\u00f3w komputerowych, oraz innych zawod\u00f3w maja\u0328cych do czynienia z negatywami cyfrowymi.\" \/>\n<meta property=\"og:url\" content=\"https:\/\/houseofretouching.com\/warsztaty\/produkt\/kurs-color-gradingu-capture-one\/\" \/>\n<meta property=\"og:site_name\" content=\"Warsztaty House of Retouching\" \/>\n<meta property=\"article:modified_time\" content=\"2026-01-19T08:23:40+00:00\" \/>\n<meta property=\"og:image\" content=\"https:\/\/houseofretouching.com\/warsztaty\/wp-content\/uploads\/2023\/10\/Capture-one.jpg\" \/>\n\t<meta property=\"og:image:width\" content=\"1200\" \/>\n\t<meta property=\"og:image:height\" content=\"1200\" \/>\n\t<meta property=\"og:image:type\" content=\"image\/jpeg\" \/>\n<meta name=\"twitter:card\" content=\"summary_large_image\" \/>\n<meta name=\"twitter:label1\" content=\"Szacowany czas czytania\" \/>\n\t<meta name=\"twitter:data1\" content=\"4 minuty\" \/>\n<script type=\"application\/ld+json\" class=\"yoast-schema-graph\">{\"@context\":\"https:\\\/\\\/schema.org\",\"@graph\":[{\"@type\":\"WebPage\",\"@id\":\"https:\\\/\\\/houseofretouching.com\\\/warsztaty\\\/produkt\\\/kurs-color-gradingu-capture-one\\\/\",\"url\":\"https:\\\/\\\/houseofretouching.com\\\/warsztaty\\\/produkt\\\/kurs-color-gradingu-capture-one\\\/\",\"name\":\"Color Grading (Capture One) - Warsztaty House of Retouching\",\"isPartOf\":{\"@id\":\"https:\\\/\\\/houseofretouching.com\\\/warsztaty\\\/#website\"},\"primaryImageOfPage\":{\"@id\":\"https:\\\/\\\/houseofretouching.com\\\/warsztaty\\\/produkt\\\/kurs-color-gradingu-capture-one\\\/#primaryimage\"},\"image\":{\"@id\":\"https:\\\/\\\/houseofretouching.com\\\/warsztaty\\\/produkt\\\/kurs-color-gradingu-capture-one\\\/#primaryimage\"},\"thumbnailUrl\":\"https:\\\/\\\/houseofretouching.com\\\/warsztaty\\\/wp-content\\\/uploads\\\/2023\\\/10\\\/Capture-one.jpg\",\"datePublished\":\"2023-10-17T12:15:35+00:00\",\"dateModified\":\"2026-01-19T08:23:40+00:00\",\"breadcrumb\":{\"@id\":\"https:\\\/\\\/houseofretouching.com\\\/warsztaty\\\/produkt\\\/kurs-color-gradingu-capture-one\\\/#breadcrumb\"},\"inLanguage\":\"pl-PL\",\"potentialAction\":[{\"@type\":\"ReadAction\",\"target\":[\"https:\\\/\\\/houseofretouching.com\\\/warsztaty\\\/produkt\\\/kurs-color-gradingu-capture-one\\\/\"]}]},{\"@type\":\"ImageObject\",\"inLanguage\":\"pl-PL\",\"@id\":\"https:\\\/\\\/houseofretouching.com\\\/warsztaty\\\/produkt\\\/kurs-color-gradingu-capture-one\\\/#primaryimage\",\"url\":\"https:\\\/\\\/houseofretouching.com\\\/warsztaty\\\/wp-content\\\/uploads\\\/2023\\\/10\\\/Capture-one.jpg\",\"contentUrl\":\"https:\\\/\\\/houseofretouching.com\\\/warsztaty\\\/wp-content\\\/uploads\\\/2023\\\/10\\\/Capture-one.jpg\",\"width\":1200,\"height\":1200,\"caption\":\"Warsztaty z postprodukcji fotografii w Capture One\"},{\"@type\":\"BreadcrumbList\",\"@id\":\"https:\\\/\\\/houseofretouching.com\\\/warsztaty\\\/produkt\\\/kurs-color-gradingu-capture-one\\\/#breadcrumb\",\"itemListElement\":[{\"@type\":\"ListItem\",\"position\":1,\"name\":\"Strona g\u0142\u00f3wna\",\"item\":\"https:\\\/\\\/houseofretouching.com\\\/warsztaty\\\/\"},{\"@type\":\"ListItem\",\"position\":2,\"name\":\"Sklep\",\"item\":\"https:\\\/\\\/houseofretouching.com\\\/warsztaty\\\/sklep\\\/\"},{\"@type\":\"ListItem\",\"position\":3,\"name\":\"Color Grading (Capture One)\"}]},{\"@type\":\"WebSite\",\"@id\":\"https:\\\/\\\/houseofretouching.com\\\/warsztaty\\\/#website\",\"url\":\"https:\\\/\\\/houseofretouching.com\\\/warsztaty\\\/\",\"name\":\"Warsztaty House of Retouching\",\"description\":\"\",\"publisher\":{\"@id\":\"https:\\\/\\\/houseofretouching.com\\\/warsztaty\\\/#organization\"},\"potentialAction\":[{\"@type\":\"SearchAction\",\"target\":{\"@type\":\"EntryPoint\",\"urlTemplate\":\"https:\\\/\\\/houseofretouching.com\\\/warsztaty\\\/?s={search_term_string}\"},\"query-input\":{\"@type\":\"PropertyValueSpecification\",\"valueRequired\":true,\"valueName\":\"search_term_string\"}}],\"inLanguage\":\"pl-PL\"},{\"@type\":\"Organization\",\"@id\":\"https:\\\/\\\/houseofretouching.com\\\/warsztaty\\\/#organization\",\"name\":\"Warsztaty House of Retouching\",\"url\":\"https:\\\/\\\/houseofretouching.com\\\/warsztaty\\\/\",\"logo\":{\"@type\":\"ImageObject\",\"inLanguage\":\"pl-PL\",\"@id\":\"https:\\\/\\\/houseofretouching.com\\\/warsztaty\\\/#\\\/schema\\\/logo\\\/image\\\/\",\"url\":\"https:\\\/\\\/houseofretouching.com\\\/warsztaty\\\/wp-content\\\/uploads\\\/2023\\\/10\\\/hofr-logo-primary.svg\",\"contentUrl\":\"https:\\\/\\\/houseofretouching.com\\\/warsztaty\\\/wp-content\\\/uploads\\\/2023\\\/10\\\/hofr-logo-primary.svg\",\"width\":300,\"height\":20,\"caption\":\"Warsztaty House of Retouching\"},\"image\":{\"@id\":\"https:\\\/\\\/houseofretouching.com\\\/warsztaty\\\/#\\\/schema\\\/logo\\\/image\\\/\"}}]}<\/script>\n<!-- \/ Yoast SEO plugin. -->","yoast_head_json":{"title":"Color Grading (Capture One) - Warsztaty House of Retouching","robots":{"index":"index","follow":"follow","max-snippet":"max-snippet:-1","max-image-preview":"max-image-preview:large","max-video-preview":"max-video-preview:-1"},"canonical":"https:\/\/houseofretouching.com\/warsztaty\/produkt\/kurs-color-gradingu-capture-one\/","og_locale":"pl_PL","og_type":"article","og_title":"Color Grading (Capture One) - Warsztaty House of Retouching","og_description":"Umiej\u0119tno\u015b\u0107 bieg\u0142ego pos\u0142ugiwania si\u0119 Capture One jest nieodzowna\u0328 umiej\u0119tno\u015bci\u0105 dla fotograf\u00f3w, post-producent\u00f3w fotografii, grafik\u00f3w komputerowych, oraz innych zawod\u00f3w maja\u0328cych do czynienia z negatywami cyfrowymi.","og_url":"https:\/\/houseofretouching.com\/warsztaty\/produkt\/kurs-color-gradingu-capture-one\/","og_site_name":"Warsztaty House of Retouching","article_modified_time":"2026-01-19T08:23:40+00:00","og_image":[{"width":1200,"height":1200,"url":"https:\/\/houseofretouching.com\/warsztaty\/wp-content\/uploads\/2023\/10\/Capture-one.jpg","type":"image\/jpeg"}],"twitter_card":"summary_large_image","twitter_misc":{"Szacowany czas czytania":"4 minuty"},"schema":{"@context":"https:\/\/schema.org","@graph":[{"@type":"WebPage","@id":"https:\/\/houseofretouching.com\/warsztaty\/produkt\/kurs-color-gradingu-capture-one\/","url":"https:\/\/houseofretouching.com\/warsztaty\/produkt\/kurs-color-gradingu-capture-one\/","name":"Color Grading (Capture One) - Warsztaty House of Retouching","isPartOf":{"@id":"https:\/\/houseofretouching.com\/warsztaty\/#website"},"primaryImageOfPage":{"@id":"https:\/\/houseofretouching.com\/warsztaty\/produkt\/kurs-color-gradingu-capture-one\/#primaryimage"},"image":{"@id":"https:\/\/houseofretouching.com\/warsztaty\/produkt\/kurs-color-gradingu-capture-one\/#primaryimage"},"thumbnailUrl":"https:\/\/houseofretouching.com\/warsztaty\/wp-content\/uploads\/2023\/10\/Capture-one.jpg","datePublished":"2023-10-17T12:15:35+00:00","dateModified":"2026-01-19T08:23:40+00:00","breadcrumb":{"@id":"https:\/\/houseofretouching.com\/warsztaty\/produkt\/kurs-color-gradingu-capture-one\/#breadcrumb"},"inLanguage":"pl-PL","potentialAction":[{"@type":"ReadAction","target":["https:\/\/houseofretouching.com\/warsztaty\/produkt\/kurs-color-gradingu-capture-one\/"]}]},{"@type":"ImageObject","inLanguage":"pl-PL","@id":"https:\/\/houseofretouching.com\/warsztaty\/produkt\/kurs-color-gradingu-capture-one\/#primaryimage","url":"https:\/\/houseofretouching.com\/warsztaty\/wp-content\/uploads\/2023\/10\/Capture-one.jpg","contentUrl":"https:\/\/houseofretouching.com\/warsztaty\/wp-content\/uploads\/2023\/10\/Capture-one.jpg","width":1200,"height":1200,"caption":"Warsztaty z postprodukcji fotografii w Capture One"},{"@type":"BreadcrumbList","@id":"https:\/\/houseofretouching.com\/warsztaty\/produkt\/kurs-color-gradingu-capture-one\/#breadcrumb","itemListElement":[{"@type":"ListItem","position":1,"name":"Strona g\u0142\u00f3wna","item":"https:\/\/houseofretouching.com\/warsztaty\/"},{"@type":"ListItem","position":2,"name":"Sklep","item":"https:\/\/houseofretouching.com\/warsztaty\/sklep\/"},{"@type":"ListItem","position":3,"name":"Color Grading (Capture One)"}]},{"@type":"WebSite","@id":"https:\/\/houseofretouching.com\/warsztaty\/#website","url":"https:\/\/houseofretouching.com\/warsztaty\/","name":"Warsztaty House of Retouching","description":"","publisher":{"@id":"https:\/\/houseofretouching.com\/warsztaty\/#organization"},"potentialAction":[{"@type":"SearchAction","target":{"@type":"EntryPoint","urlTemplate":"https:\/\/houseofretouching.com\/warsztaty\/?s={search_term_string}"},"query-input":{"@type":"PropertyValueSpecification","valueRequired":true,"valueName":"search_term_string"}}],"inLanguage":"pl-PL"},{"@type":"Organization","@id":"https:\/\/houseofretouching.com\/warsztaty\/#organization","name":"Warsztaty House of Retouching","url":"https:\/\/houseofretouching.com\/warsztaty\/","logo":{"@type":"ImageObject","inLanguage":"pl-PL","@id":"https:\/\/houseofretouching.com\/warsztaty\/#\/schema\/logo\/image\/","url":"https:\/\/houseofretouching.com\/warsztaty\/wp-content\/uploads\/2023\/10\/hofr-logo-primary.svg","contentUrl":"https:\/\/houseofretouching.com\/warsztaty\/wp-content\/uploads\/2023\/10\/hofr-logo-primary.svg","width":300,"height":20,"caption":"Warsztaty House of Retouching"},"image":{"@id":"https:\/\/houseofretouching.com\/warsztaty\/#\/schema\/logo\/image\/"}}]}},"_links":{"self":[{"href":"https:\/\/houseofretouching.com\/warsztaty\/wp-json\/wp\/v2\/product\/808","targetHints":{"allow":["GET"]}}],"collection":[{"href":"https:\/\/houseofretouching.com\/warsztaty\/wp-json\/wp\/v2\/product"}],"about":[{"href":"https:\/\/houseofretouching.com\/warsztaty\/wp-json\/wp\/v2\/types\/product"}],"replies":[{"embeddable":true,"href":"https:\/\/houseofretouching.com\/warsztaty\/wp-json\/wp\/v2\/comments?post=808"}],"wp:featuredmedia":[{"embeddable":true,"href":"https:\/\/houseofretouching.com\/warsztaty\/wp-json\/wp\/v2\/media\/1994"}],"wp:attachment":[{"href":"https:\/\/houseofretouching.com\/warsztaty\/wp-json\/wp\/v2\/media?parent=808"}],"wp:term":[{"taxonomy":"product_brand","embeddable":true,"href":"https:\/\/houseofretouching.com\/warsztaty\/wp-json\/wp\/v2\/product_brand?post=808"},{"taxonomy":"product_cat","embeddable":true,"href":"https:\/\/houseofretouching.com\/warsztaty\/wp-json\/wp\/v2\/product_cat?post=808"},{"taxonomy":"product_tag","embeddable":true,"href":"https:\/\/houseofretouching.com\/warsztaty\/wp-json\/wp\/v2\/product_tag?post=808"}],"curies":[{"name":"wp","href":"https:\/\/api.w.org\/{rel}","templated":true}]}}