{"id":3425,"date":"2024-11-04T09:27:25","date_gmt":"2024-11-04T08:27:25","guid":{"rendered":"https:\/\/houseofretouching.com\/warsztaty\/?post_type=product&#038;p=3425"},"modified":"2026-02-04T14:52:03","modified_gmt":"2026-02-04T13:52:03","slug":"retusz-reklamowy-kampania-reklamowa","status":"publish","type":"product","link":"https:\/\/houseofretouching.com\/warsztaty\/produkt\/retusz-reklamowy-kampania-reklamowa\/","title":{"rendered":"Retusz Reklamowy (Kampania reklamowa)"},"content":{"rendered":"<div class=\"pp\">\n<div class=\"pp-container\">\n<div class=\"pp-two-columns pp-mb-xxl\">\n<p class=\"pp-text-1\">Czego si\u0119 nauczysz?<\/p>\n<div>\n<p class=\"pp-text-3 pp-mb-l\">W naszym warsztatowym s\u0142owniku pod poj\u0119ciem &#8222;Retuszu Reklamowego&#8221; kryje si\u0119\u2026 wszystko, co jest mo\u017cliwe. \ud83d\ude09 Ten dzie\u0144 nie ma szczeg\u00f3\u0142owego planu krok po kroku \u2013 to czas kreatywnego pod\u0105\u017cania do wyznaczonego celu.<\/p>\n<p class=\"pp-text-body\">Na podstawie zdj\u0119\u0107, z kt\u00f3rymi mierzyli\u015bmy si\u0119 w \u015bwiecie reklamy, poka\u017cemy Wam, jak przej\u015b\u0107 od planowania technicznej budowy plik\u00f3w, przez sk\u0142ad skomplikowanych monta\u017cy, masek, zabaw\u0119 z kana\u0142ami, budowanie plan\u00f3w, \u0142\u0105czenie r\u00f3\u017cnych element\u00f3w, tworzenie o\u015bwietlenia, cieni i klimatu, a\u017c po identyfikacj\u0119 potencjalnych pu\u0142apek i zagro\u017ce\u0144. B\u0119dzie to czas burzy m\u00f3zg\u00f3w i wsp\u00f3lnej kreatywno\u015bci, bo do celu, kt\u00f3ry sobie wyznaczymy, zawsze mo\u017cna dotrze\u0107 na wiele sposob\u00f3w. Mo\u017ce kto\u015b z Was zna lepsze rozwi\u0105zanie i wsp\u00f3lnie wypracujemy zupe\u0142nie nowe podej\u015bcie do problematycznych kwestii.<\/p>\n<p class=\"pp-text-body\">S\u0105 to warsztaty dla os\u00f3b zaawansowanych, kt\u00f3re w \u015brodowisku Photoshop czuj\u0105 si\u0119 pewnie i swobodnie. Nie b\u0119dziemy si\u0119 zag\u0142\u0119bia\u0107 w detale samego retuszu (sk\u00f3ra, ubrania, w\u0142osy, kolory, kszta\u0142ty itd.), poniewa\u017c temu po\u015bwi\u0119cony jest inny nasz warsztat pt. &#8222;Postprodukcja Fotograficzna&#8221;.<\/p>\n<p class=\"pp-text-body\">Tutaj b\u0119dzie kreatywne szale\u0144stwo, analiza i komponowanie, aby osi\u0105gn\u0105\u0107 cel z jak najlepszym, naturalnym efektem. Podzielimy si\u0119 naszym do\u015bwiadczeniem pracy przy kampaniach reklamowych, om\u00f3wimy zagro\u017cenia, kt\u00f3re mog\u0105 uniemo\u017cliwi\u0107 dalsze manipulacje, a co gorsza \u2013 prowadzi\u0107 do utraty kontroli nad struktur\u0105 obrazu. Poka\u017cemy, jak ich unika\u0107 i jak przygotowa\u0107 si\u0119 na zmiany koncepcji dyrektora artystycznego czy fotografa. W reklamie niestety zdarza si\u0119 to do\u015b\u0107 cz\u0119sto, dlatego warto o tym my\u015ble\u0107 od samego pocz\u0105tku.<\/p>\n<\/div>\n<\/div>\n<div class=\"pp-mb-xl\">\n<p class=\"pp-text-body pp-mb-xs\" style=\"text-transform: uppercase;\">Program<\/p>\n<p class=\"pp-text-2\">W ramach <span class=\"pp-text-accent\">warsztat\u00f3w<\/span> poruszane b\u0119d\u0105 nast\u0119puj\u0105ce zagadnienia:<\/p>\n<\/div>\n<div class=\"pp-three-columns\">\n<div class=\"pp-grid-item\">\n<p class=\"pp-text-body pp-mb-xs\">[01]<\/p>\n<p class=\"pp-text-3 pp-mb-m\">Analiza obrazu.<\/p>\n<ul class=\"pp-list-unordered\">\n<li class=\"pp-text-body\">Planowanie kompozycji obrazu.<\/li>\n<li class=\"pp-text-body\">Strategia w budowaniu struktury warstw pliku oraz krok\u00f3w pracy jako kluczowy etap pracy nad z\u0142o\u017conym projektem.<\/li>\n<\/ul>\n<\/div>\n<div class=\"pp-grid-item\">\n<p class=\"pp-text-body pp-mb-xs\">[02]<\/p>\n<p class=\"pp-text-3 pp-mb-m\">Wo\u0142anie plik\u00f3w.<\/p>\n<ul class=\"pp-list-unordered\">\n<li class=\"pp-text-body\">Wyb\u00f3r stylu kolorystycznego.<\/li>\n<li class=\"pp-text-body\">Wywo\u0142anie zdj\u0119cia bazowego HDR i\u00a0obraz\u00f3w potrzebnych do monta\u017cu.<\/li>\n<\/ul>\n<\/div>\n<div class=\"pp-grid-item\">\n<p class=\"pp-text-body pp-mb-xs\">[03]<\/p>\n<p class=\"pp-text-3 pp-mb-m\">Focus stacking.<\/p>\n<ul class=\"pp-list-unordered\">\n<li class=\"pp-text-body\">Doostrzanie fragment\u00f3w produktu przy\u00a0pomocy dodatkowych uj\u0119\u0107.<\/li>\n<li class=\"pp-text-body\">Wykorzystanie innych uj\u0119\u0107 pod wzgl\u0119dem o\u015bwietlenia produktu.<\/li>\n<\/ul>\n<\/div>\n<div class=\"pp-grid-item\">\n<p class=\"pp-text-body pp-mb-xs\">[04]<\/p>\n<p class=\"pp-text-3 pp-mb-m\">Praca z HDR-em.<\/p>\n<ul class=\"pp-list-unordered\">\n<li class=\"pp-text-body\">Korygowanie o\u015bwietlenia globalnego i\u00a0budowanie sceny.<\/li>\n<li class=\"pp-text-body\">Odzyskiwanie szczeg\u00f3\u0142\u00f3w z cieni i\u00a0\u015bwiate\u0142.<\/li>\n<\/ul>\n<\/div>\n<div class=\"pp-grid-item\">\n<p class=\"pp-text-body pp-mb-xs\">[05]<\/p>\n<p class=\"pp-text-3 pp-mb-m\">Retusz Hi-Res.<\/p>\n<ul class=\"pp-list-unordered\">\n<li class=\"pp-text-body\">Praca na maskach i warstwach.<\/li>\n<li class=\"pp-text-body\">Wykorzystanie r\u00f3\u017cnych technik retuszu z\u00a0dba\u0142o\u015bci\u0105 o szczeg\u00f3\u0142y i\u00a0zachowaniem struktury ziarna.<\/li>\n<li class=\"pp-text-body\">Kreatywne wykorzystanie narz\u0119dzi AI w\u00a0Photoshopie.<\/li>\n<\/ul>\n<\/div>\n<div class=\"pp-grid-item\">\n<p class=\"pp-text-body pp-mb-xs\">[06]<\/p>\n<p class=\"pp-text-3 pp-mb-m\">Tworzenie korekcji koloru i\u00a0o\u015bwietlenia.<\/p>\n<ul class=\"pp-list-unordered\">\n<li class=\"pp-text-body\">Praca z warstwami dopasowa\u0144.<\/li>\n<li class=\"pp-text-body\">Wykorzystanie kana\u0142\u00f3w i tryb\u00f3w mieszania.<\/li>\n<li class=\"pp-text-body\">Obiekty i filtry inteligentne oraz ich zastosowanie.<\/li>\n<\/ul>\n<\/div>\n<div class=\"pp-grid-item\">\n<p class=\"pp-text-body pp-mb-xs\">[07]<\/p>\n<p class=\"pp-text-3 pp-mb-m\">Edycja kszta\u0142tu i symetrii.<\/p>\n<p class=\"pp-text-body\">Zapis siatki przekszta\u0142ce\u0144.<\/p>\n<\/div>\n<div class=\"pp-grid-item\">\n<p class=\"pp-text-body pp-mb-xs\">[08]<\/p>\n<p class=\"pp-text-3 pp-mb-m\">Dopasowanie g\u0142\u0119bi ostro\u015bci i\u00a0ziarna.<\/p>\n<p class=\"pp-text-body\">Praca z rozmyciami i wyostrzeniami.<\/p>\n<\/div>\n<div class=\"pp-grid-item\">\n<p class=\"pp-text-body pp-mb-xs\">[09]<\/p>\n<p class=\"pp-text-3 pp-mb-m\">Na koniec.<\/p>\n<p class=\"pp-text-body\">Og\u00f3lna ocena wykonanej pracy pod k\u0105tem mo\u017cliwo\u015bci zmian koncepcyjnych klienta.<\/p>\n<\/div>\n<\/div>\n<\/div>\n<div class=\"pp-two-columns-2\">\n<div class=\"pp-container pp-bg-2\">\n<div class=\"pp-mb-xl\">\n<p class=\"pp-text-body pp-mb-xs pp-text-white\">Wa\u017cne!<\/p>\n<p class=\"pp-text-1 pp-text-white\">Co musisz<br \/>\nwiedzie\u0107?<\/p>\n<\/div>\n<div class=\"pp-two-columns\">\n<div class=\"pp-grid-item-2\">\n<p class=\"pp-text-body pp-mb-xs\">[01]<\/p>\n<p class=\"pp-text-3 pp-mb-m pp-text-white\">Czy warsztaty s\u0105 dla\u00a0mnie?<\/p>\n<p class=\"pp-text-body\">Warsztaty nie s\u0105 przeznaczone dla os\u00f3b ca\u0142kiem pocz\u0105tkuj\u0105cych. Wymagana jest podstawowa znajomo\u015b\u0107 zagadnie\u0144 dotycz\u0105cych obs\u0142ugi i wo\u0142ania raw\u00f3w oraz zasad pracy w Photoshopie.<\/p>\n<\/div>\n<div class=\"pp-grid-item-2\">\n<p class=\"pp-text-body pp-mb-xs\">[02]<\/p>\n<p class=\"pp-text-3 pp-mb-m pp-text-white\">Minimalna liczba os\u00f3b bior\u0105ca udzia\u0142 w\u00a0warsztatach.<\/p>\n<p class=\"pp-text-body\">Warunkiem ruszenia warsztat\u00f3w w okre\u015blonym terminie jest uzbieranie si\u0119 minimum 4 os\u00f3b ch\u0119tnych.<\/p>\n<p class=\"pp-text-body\">Przeczytaj: <a class=\"pp-link pp-text-bold\" href=\"https:\/\/houseofretouching.com\/warsztaty\/regulamin\/\">Regulamin warsztat\u00f3w<\/a><\/p>\n<\/div>\n<div class=\"pp-grid-item-2\">\n<p class=\"pp-text-body pp-mb-xs\">[03]<\/p>\n<p class=\"pp-text-3 pp-mb-m pp-text-white\">Rezygnacja z udzia\u0142u w\u00a0warsztatach<\/p>\n<p class=\"pp-text-body\">Mo\u017cesz bezp\u0142atnie zrezygnowa\u0107 z udzia\u0142u w wykupionych warsztatach w terminie 14 dni od daty zakupu. Wyj\u0105tkiem jest sytuacja, kiedy kupisz udzia\u0142 w warsztatach p\u00f3\u017aniej ni\u017c 14 dni przed ich rozpocz\u0119ciem.<\/p>\n<p class=\"pp-text-body\">Przeczytaj: <a class=\"pp-link pp-text-bold\" href=\"https:\/\/houseofretouching.com\/warsztaty\/regulamin\/\">Regulamin warsztat\u00f3w<\/a><\/p>\n<\/div>\n<div class=\"pp-grid-item-2\">\n<p class=\"pp-text-body pp-mb-xs\">[04]<\/p>\n<p class=\"pp-text-3 pp-mb-m pp-text-white\">Warsztaty odbywaj\u0105 si\u0119 stacjonarnie w\u00a0Krakowie.<\/p>\n<p class=\"pp-text-body\">Uczestnik\u00f3w warsztat\u00f3w zapraszamy do naszego studia zlokalizowanego w centrum Krakowa.<\/p>\n<\/div>\n<\/div>\n<\/div>\n<div class=\"pp-container pp-bg-3 pp-flex-ac-sb\">\n<div class=\"pp-mb-xxl\">\n<p class=\"pp-text-body pp-mb-xs pp-text-white\">Kontakt<\/p>\n<p class=\"pp-text-1 pp-mb-xl pp-text-white\">Masz pytania?<\/p>\n<p class=\"pp-text-body pp-mb-m\">Sprawd\u017a nasz\u0105 sekcj\u0119 FAQ, w kt\u00f3rej odpowiedzieli\u015bmy na najcz\u0119\u015bciej pojawiaj\u0105ce si\u0119 pytania.<\/p>\n<p><a class=\"pp-button pp-text-body pp-text-bold\" href=\"https:\/\/houseofretouching.com\/warsztaty\/#faq\">Zobacz FAQ<\/a><\/p>\n<\/div>\n<div>\n<p class=\"pp-text-body pp-mb-xs\">Nie znalaz\u0142e\u015b\/a\u015b odpowiedzi? Napisz do nas!<\/p>\n<p><a class=\"pp-text-3 pp-word-break pp-link-no-hover\" href=\"mailto:workshops@houseofretouching.com\">workshops@<br \/>\nhouseofretouching.com<\/a><\/p>\n<\/div>\n<\/div>\n<\/div>\n<\/div>\n","protected":false},"excerpt":{"rendered":"<p>Podczas warsztat\u00f3w &#8222;Retusz Reklamowy (Kampania reklamowa)&#8221; poka\u017cemy Wam, jak przej\u015b\u0107 od planowania technicznej budowy plik\u00f3w, przez sk\u0142ad skomplikowanych monta\u017cy, masek, zabaw\u0119 z kana\u0142ami, budowanie plan\u00f3w, \u0142\u0105czenie r\u00f3\u017cnych element\u00f3w, tworzenie o\u015bwietlenia, cieni i klimatu, a\u017c po identyfikacj\u0119 potencjalnych pu\u0142apek i zagro\u017ce\u0144.<\/p>\n<div style=\"display: flex; gap: 6px; padding-bottom: 16px; padding-top: 24px;\">\n<div>\n<p style=\"flex-grow: 1;\"><span style=\"font-weight: 600;\">Warsztaty jednodniowe<\/span><br \/>\n8 godzin (niedziela 9:00-17:00)<\/p>\n<\/div>\n<\/div>\n<div style=\"display: flex; gap: 6px; padding-bottom: 16px;\">\n<div>\n<p style=\"flex-grow: 1;\"><span style=\"font-weight: 600;\">Lokalizacja: studio House of Retouching<\/span><br \/>\nul. Grabowskiego 8\/6, Krak\u00f3w<\/p>\n<\/div>\n<\/div>\n<div style=\"display: flex; gap: 6px; padding-bottom: 40px;\">\n<div>\n<p style=\"flex-grow: 1;\">W trakcie warsztat\u00f3w przewidziane s\u0105:<br \/>\n2-3 kr\u00f3tsze przerwy na kaw\u0119\/herbat\u0119<br \/>\n1 przerwa lunchowa (lunch we w\u0142asnym zakresie)<\/p>\n<\/div>\n<\/div>\n","protected":false},"featured_media":1991,"comment_status":"open","ping_status":"closed","template":"","meta":{"site-sidebar-layout":"default","site-content-layout":"","ast-site-content-layout":"default","site-content-style":"default","site-sidebar-style":"default","ast-global-header-display":"","ast-banner-title-visibility":"","ast-main-header-display":"","ast-hfb-above-header-display":"","ast-hfb-below-header-display":"","ast-hfb-mobile-header-display":"","site-post-title":"","ast-breadcrumbs-content":"","ast-featured-img":"","footer-sml-layout":"","ast-disable-related-posts":"","theme-transparent-header-meta":"default","adv-header-id-meta":"","stick-header-meta":"","header-above-stick-meta":"","header-main-stick-meta":"","header-below-stick-meta":"","astra-migrate-meta-layouts":"set","ast-page-background-enabled":"default","ast-page-background-meta":{"desktop":{"background-color":"var(--ast-global-color-4)","background-image":"","background-repeat":"repeat","background-position":"center center","background-size":"auto","background-attachment":"scroll","background-type":"","background-media":"","overlay-type":"","overlay-color":"","overlay-opacity":"","overlay-gradient":""},"tablet":{"background-color":"","background-image":"","background-repeat":"repeat","background-position":"center center","background-size":"auto","background-attachment":"scroll","background-type":"","background-media":"","overlay-type":"","overlay-color":"","overlay-opacity":"","overlay-gradient":""},"mobile":{"background-color":"","background-image":"","background-repeat":"repeat","background-position":"center center","background-size":"auto","background-attachment":"scroll","background-type":"","background-media":"","overlay-type":"","overlay-color":"","overlay-opacity":"","overlay-gradient":""}},"ast-content-background-meta":{"desktop":{"background-color":"var(--ast-global-color-5)","background-image":"","background-repeat":"repeat","background-position":"center center","background-size":"auto","background-attachment":"scroll","background-type":"","background-media":"","overlay-type":"","overlay-color":"","overlay-opacity":"","overlay-gradient":""},"tablet":{"background-color":"var(--ast-global-color-5)","background-image":"","background-repeat":"repeat","background-position":"center center","background-size":"auto","background-attachment":"scroll","background-type":"","background-media":"","overlay-type":"","overlay-color":"","overlay-opacity":"","overlay-gradient":""},"mobile":{"background-color":"var(--ast-global-color-5)","background-image":"","background-repeat":"repeat","background-position":"center center","background-size":"auto","background-attachment":"scroll","background-type":"","background-media":"","overlay-type":"","overlay-color":"","overlay-opacity":"","overlay-gradient":""}}},"product_brand":[],"product_cat":[19],"product_tag":[],"class_list":{"0":"post-3425","1":"product","2":"type-product","3":"status-publish","4":"has-post-thumbnail","6":"product_cat-stacjonarne","7":"desktop-align-left","8":"tablet-align-left","9":"mobile-align-left","11":"first","12":"outofstock","13":"taxable","14":"shipping-taxable","15":"product-type-variable"},"yoast_head":"<!-- This site is optimized with the Yoast SEO plugin v27.4 - https:\/\/yoast.com\/product\/yoast-seo-wordpress\/ -->\n<title>Retusz Reklamowy (Kampania reklamowa) - Warsztaty House of Retouching<\/title>\n<meta name=\"robots\" content=\"index, follow, max-snippet:-1, max-image-preview:large, max-video-preview:-1\" \/>\n<link rel=\"canonical\" href=\"https:\/\/houseofretouching.com\/warsztaty\/produkt\/retusz-reklamowy-kampania-reklamowa\/\" \/>\n<meta property=\"og:locale\" content=\"pl_PL\" \/>\n<meta property=\"og:type\" content=\"article\" \/>\n<meta property=\"og:title\" content=\"Retusz Reklamowy (Kampania reklamowa) - Warsztaty House of Retouching\" \/>\n<meta property=\"og:description\" content=\"Podczas warsztat\u00f3w &quot;Retusz Reklamowy (Kampania reklamowa)&quot; poka\u017cemy Wam, jak przej\u015b\u0107 od planowania technicznej budowy plik\u00f3w, przez sk\u0142ad skomplikowanych monta\u017cy, masek, zabaw\u0119 z kana\u0142ami, budowanie plan\u00f3w, \u0142\u0105czenie r\u00f3\u017cnych element\u00f3w, tworzenie o\u015bwietlenia, cieni i klimatu, a\u017c po identyfikacj\u0119 potencjalnych pu\u0142apek i zagro\u017ce\u0144.   Warsztaty jednodniowe 8 godzin (niedziela 9:00-17:00)      Lokalizacja: studio House of Retouching ul. Grabowskiego 8\/6, Krak\u00f3w      W trakcie warsztat\u00f3w przewidziane s\u0105: 2-3 kr\u00f3tsze przerwy na kaw\u0119\/herbat\u0119 1 przerwa lunchowa (lunch we w\u0142asnym zakresie)\" \/>\n<meta property=\"og:url\" content=\"https:\/\/houseofretouching.com\/warsztaty\/produkt\/retusz-reklamowy-kampania-reklamowa\/\" \/>\n<meta property=\"og:site_name\" content=\"Warsztaty House of Retouching\" \/>\n<meta property=\"article:modified_time\" content=\"2026-02-04T13:52:03+00:00\" \/>\n<meta property=\"og:image\" content=\"https:\/\/houseofretouching.com\/warsztaty\/wp-content\/uploads\/2023\/10\/Retusz-reklamowy.jpg\" \/>\n\t<meta property=\"og:image:width\" content=\"1200\" \/>\n\t<meta property=\"og:image:height\" content=\"1200\" \/>\n\t<meta property=\"og:image:type\" content=\"image\/jpeg\" \/>\n<meta name=\"twitter:card\" content=\"summary_large_image\" \/>\n<meta name=\"twitter:label1\" content=\"Szacowany czas czytania\" \/>\n\t<meta name=\"twitter:data1\" content=\"4 minuty\" \/>\n<script type=\"application\/ld+json\" class=\"yoast-schema-graph\">{\"@context\":\"https:\\\/\\\/schema.org\",\"@graph\":[{\"@type\":\"WebPage\",\"@id\":\"https:\\\/\\\/houseofretouching.com\\\/warsztaty\\\/produkt\\\/retusz-reklamowy-kampania-reklamowa\\\/\",\"url\":\"https:\\\/\\\/houseofretouching.com\\\/warsztaty\\\/produkt\\\/retusz-reklamowy-kampania-reklamowa\\\/\",\"name\":\"Retusz Reklamowy (Kampania reklamowa) - Warsztaty House of Retouching\",\"isPartOf\":{\"@id\":\"https:\\\/\\\/houseofretouching.com\\\/warsztaty\\\/#website\"},\"primaryImageOfPage\":{\"@id\":\"https:\\\/\\\/houseofretouching.com\\\/warsztaty\\\/produkt\\\/retusz-reklamowy-kampania-reklamowa\\\/#primaryimage\"},\"image\":{\"@id\":\"https:\\\/\\\/houseofretouching.com\\\/warsztaty\\\/produkt\\\/retusz-reklamowy-kampania-reklamowa\\\/#primaryimage\"},\"thumbnailUrl\":\"https:\\\/\\\/houseofretouching.com\\\/warsztaty\\\/wp-content\\\/uploads\\\/2023\\\/10\\\/Retusz-reklamowy.jpg\",\"datePublished\":\"2024-11-04T08:27:25+00:00\",\"dateModified\":\"2026-02-04T13:52:03+00:00\",\"breadcrumb\":{\"@id\":\"https:\\\/\\\/houseofretouching.com\\\/warsztaty\\\/produkt\\\/retusz-reklamowy-kampania-reklamowa\\\/#breadcrumb\"},\"inLanguage\":\"pl-PL\",\"potentialAction\":[{\"@type\":\"ReadAction\",\"target\":[\"https:\\\/\\\/houseofretouching.com\\\/warsztaty\\\/produkt\\\/retusz-reklamowy-kampania-reklamowa\\\/\"]}]},{\"@type\":\"ImageObject\",\"inLanguage\":\"pl-PL\",\"@id\":\"https:\\\/\\\/houseofretouching.com\\\/warsztaty\\\/produkt\\\/retusz-reklamowy-kampania-reklamowa\\\/#primaryimage\",\"url\":\"https:\\\/\\\/houseofretouching.com\\\/warsztaty\\\/wp-content\\\/uploads\\\/2023\\\/10\\\/Retusz-reklamowy.jpg\",\"contentUrl\":\"https:\\\/\\\/houseofretouching.com\\\/warsztaty\\\/wp-content\\\/uploads\\\/2023\\\/10\\\/Retusz-reklamowy.jpg\",\"width\":1200,\"height\":1200,\"caption\":\"Warsztaty z retuszu reklamowego\"},{\"@type\":\"BreadcrumbList\",\"@id\":\"https:\\\/\\\/houseofretouching.com\\\/warsztaty\\\/produkt\\\/retusz-reklamowy-kampania-reklamowa\\\/#breadcrumb\",\"itemListElement\":[{\"@type\":\"ListItem\",\"position\":1,\"name\":\"Strona g\u0142\u00f3wna\",\"item\":\"https:\\\/\\\/houseofretouching.com\\\/warsztaty\\\/\"},{\"@type\":\"ListItem\",\"position\":2,\"name\":\"Sklep\",\"item\":\"https:\\\/\\\/houseofretouching.com\\\/warsztaty\\\/sklep\\\/\"},{\"@type\":\"ListItem\",\"position\":3,\"name\":\"Retusz Reklamowy (Kampania reklamowa)\"}]},{\"@type\":\"WebSite\",\"@id\":\"https:\\\/\\\/houseofretouching.com\\\/warsztaty\\\/#website\",\"url\":\"https:\\\/\\\/houseofretouching.com\\\/warsztaty\\\/\",\"name\":\"Warsztaty House of Retouching\",\"description\":\"\",\"publisher\":{\"@id\":\"https:\\\/\\\/houseofretouching.com\\\/warsztaty\\\/#organization\"},\"potentialAction\":[{\"@type\":\"SearchAction\",\"target\":{\"@type\":\"EntryPoint\",\"urlTemplate\":\"https:\\\/\\\/houseofretouching.com\\\/warsztaty\\\/?s={search_term_string}\"},\"query-input\":{\"@type\":\"PropertyValueSpecification\",\"valueRequired\":true,\"valueName\":\"search_term_string\"}}],\"inLanguage\":\"pl-PL\"},{\"@type\":\"Organization\",\"@id\":\"https:\\\/\\\/houseofretouching.com\\\/warsztaty\\\/#organization\",\"name\":\"Warsztaty House of Retouching\",\"url\":\"https:\\\/\\\/houseofretouching.com\\\/warsztaty\\\/\",\"logo\":{\"@type\":\"ImageObject\",\"inLanguage\":\"pl-PL\",\"@id\":\"https:\\\/\\\/houseofretouching.com\\\/warsztaty\\\/#\\\/schema\\\/logo\\\/image\\\/\",\"url\":\"https:\\\/\\\/houseofretouching.com\\\/warsztaty\\\/wp-content\\\/uploads\\\/2023\\\/10\\\/hofr-logo-primary.svg\",\"contentUrl\":\"https:\\\/\\\/houseofretouching.com\\\/warsztaty\\\/wp-content\\\/uploads\\\/2023\\\/10\\\/hofr-logo-primary.svg\",\"width\":300,\"height\":20,\"caption\":\"Warsztaty House of Retouching\"},\"image\":{\"@id\":\"https:\\\/\\\/houseofretouching.com\\\/warsztaty\\\/#\\\/schema\\\/logo\\\/image\\\/\"}}]}<\/script>\n<!-- \/ Yoast SEO plugin. -->","yoast_head_json":{"title":"Retusz Reklamowy (Kampania reklamowa) - Warsztaty House of Retouching","robots":{"index":"index","follow":"follow","max-snippet":"max-snippet:-1","max-image-preview":"max-image-preview:large","max-video-preview":"max-video-preview:-1"},"canonical":"https:\/\/houseofretouching.com\/warsztaty\/produkt\/retusz-reklamowy-kampania-reklamowa\/","og_locale":"pl_PL","og_type":"article","og_title":"Retusz Reklamowy (Kampania reklamowa) - Warsztaty House of Retouching","og_description":"Podczas warsztat\u00f3w \"Retusz Reklamowy (Kampania reklamowa)\" poka\u017cemy Wam, jak przej\u015b\u0107 od planowania technicznej budowy plik\u00f3w, przez sk\u0142ad skomplikowanych monta\u017cy, masek, zabaw\u0119 z kana\u0142ami, budowanie plan\u00f3w, \u0142\u0105czenie r\u00f3\u017cnych element\u00f3w, tworzenie o\u015bwietlenia, cieni i klimatu, a\u017c po identyfikacj\u0119 potencjalnych pu\u0142apek i zagro\u017ce\u0144.   Warsztaty jednodniowe 8 godzin (niedziela 9:00-17:00)      Lokalizacja: studio House of Retouching ul. Grabowskiego 8\/6, Krak\u00f3w      W trakcie warsztat\u00f3w przewidziane s\u0105: 2-3 kr\u00f3tsze przerwy na kaw\u0119\/herbat\u0119 1 przerwa lunchowa (lunch we w\u0142asnym zakresie)","og_url":"https:\/\/houseofretouching.com\/warsztaty\/produkt\/retusz-reklamowy-kampania-reklamowa\/","og_site_name":"Warsztaty House of Retouching","article_modified_time":"2026-02-04T13:52:03+00:00","og_image":[{"width":1200,"height":1200,"url":"https:\/\/houseofretouching.com\/warsztaty\/wp-content\/uploads\/2023\/10\/Retusz-reklamowy.jpg","type":"image\/jpeg"}],"twitter_card":"summary_large_image","twitter_misc":{"Szacowany czas czytania":"4 minuty"},"schema":{"@context":"https:\/\/schema.org","@graph":[{"@type":"WebPage","@id":"https:\/\/houseofretouching.com\/warsztaty\/produkt\/retusz-reklamowy-kampania-reklamowa\/","url":"https:\/\/houseofretouching.com\/warsztaty\/produkt\/retusz-reklamowy-kampania-reklamowa\/","name":"Retusz Reklamowy (Kampania reklamowa) - Warsztaty House of Retouching","isPartOf":{"@id":"https:\/\/houseofretouching.com\/warsztaty\/#website"},"primaryImageOfPage":{"@id":"https:\/\/houseofretouching.com\/warsztaty\/produkt\/retusz-reklamowy-kampania-reklamowa\/#primaryimage"},"image":{"@id":"https:\/\/houseofretouching.com\/warsztaty\/produkt\/retusz-reklamowy-kampania-reklamowa\/#primaryimage"},"thumbnailUrl":"https:\/\/houseofretouching.com\/warsztaty\/wp-content\/uploads\/2023\/10\/Retusz-reklamowy.jpg","datePublished":"2024-11-04T08:27:25+00:00","dateModified":"2026-02-04T13:52:03+00:00","breadcrumb":{"@id":"https:\/\/houseofretouching.com\/warsztaty\/produkt\/retusz-reklamowy-kampania-reklamowa\/#breadcrumb"},"inLanguage":"pl-PL","potentialAction":[{"@type":"ReadAction","target":["https:\/\/houseofretouching.com\/warsztaty\/produkt\/retusz-reklamowy-kampania-reklamowa\/"]}]},{"@type":"ImageObject","inLanguage":"pl-PL","@id":"https:\/\/houseofretouching.com\/warsztaty\/produkt\/retusz-reklamowy-kampania-reklamowa\/#primaryimage","url":"https:\/\/houseofretouching.com\/warsztaty\/wp-content\/uploads\/2023\/10\/Retusz-reklamowy.jpg","contentUrl":"https:\/\/houseofretouching.com\/warsztaty\/wp-content\/uploads\/2023\/10\/Retusz-reklamowy.jpg","width":1200,"height":1200,"caption":"Warsztaty z retuszu reklamowego"},{"@type":"BreadcrumbList","@id":"https:\/\/houseofretouching.com\/warsztaty\/produkt\/retusz-reklamowy-kampania-reklamowa\/#breadcrumb","itemListElement":[{"@type":"ListItem","position":1,"name":"Strona g\u0142\u00f3wna","item":"https:\/\/houseofretouching.com\/warsztaty\/"},{"@type":"ListItem","position":2,"name":"Sklep","item":"https:\/\/houseofretouching.com\/warsztaty\/sklep\/"},{"@type":"ListItem","position":3,"name":"Retusz Reklamowy (Kampania reklamowa)"}]},{"@type":"WebSite","@id":"https:\/\/houseofretouching.com\/warsztaty\/#website","url":"https:\/\/houseofretouching.com\/warsztaty\/","name":"Warsztaty House of Retouching","description":"","publisher":{"@id":"https:\/\/houseofretouching.com\/warsztaty\/#organization"},"potentialAction":[{"@type":"SearchAction","target":{"@type":"EntryPoint","urlTemplate":"https:\/\/houseofretouching.com\/warsztaty\/?s={search_term_string}"},"query-input":{"@type":"PropertyValueSpecification","valueRequired":true,"valueName":"search_term_string"}}],"inLanguage":"pl-PL"},{"@type":"Organization","@id":"https:\/\/houseofretouching.com\/warsztaty\/#organization","name":"Warsztaty House of Retouching","url":"https:\/\/houseofretouching.com\/warsztaty\/","logo":{"@type":"ImageObject","inLanguage":"pl-PL","@id":"https:\/\/houseofretouching.com\/warsztaty\/#\/schema\/logo\/image\/","url":"https:\/\/houseofretouching.com\/warsztaty\/wp-content\/uploads\/2023\/10\/hofr-logo-primary.svg","contentUrl":"https:\/\/houseofretouching.com\/warsztaty\/wp-content\/uploads\/2023\/10\/hofr-logo-primary.svg","width":300,"height":20,"caption":"Warsztaty House of Retouching"},"image":{"@id":"https:\/\/houseofretouching.com\/warsztaty\/#\/schema\/logo\/image\/"}}]}},"_links":{"self":[{"href":"https:\/\/houseofretouching.com\/warsztaty\/wp-json\/wp\/v2\/product\/3425","targetHints":{"allow":["GET"]}}],"collection":[{"href":"https:\/\/houseofretouching.com\/warsztaty\/wp-json\/wp\/v2\/product"}],"about":[{"href":"https:\/\/houseofretouching.com\/warsztaty\/wp-json\/wp\/v2\/types\/product"}],"replies":[{"embeddable":true,"href":"https:\/\/houseofretouching.com\/warsztaty\/wp-json\/wp\/v2\/comments?post=3425"}],"wp:featuredmedia":[{"embeddable":true,"href":"https:\/\/houseofretouching.com\/warsztaty\/wp-json\/wp\/v2\/media\/1991"}],"wp:attachment":[{"href":"https:\/\/houseofretouching.com\/warsztaty\/wp-json\/wp\/v2\/media?parent=3425"}],"wp:term":[{"taxonomy":"product_brand","embeddable":true,"href":"https:\/\/houseofretouching.com\/warsztaty\/wp-json\/wp\/v2\/product_brand?post=3425"},{"taxonomy":"product_cat","embeddable":true,"href":"https:\/\/houseofretouching.com\/warsztaty\/wp-json\/wp\/v2\/product_cat?post=3425"},{"taxonomy":"product_tag","embeddable":true,"href":"https:\/\/houseofretouching.com\/warsztaty\/wp-json\/wp\/v2\/product_tag?post=3425"}],"curies":[{"name":"wp","href":"https:\/\/api.w.org\/{rel}","templated":true}]}}