{"id":3113,"date":"2024-09-06T09:18:37","date_gmt":"2024-09-06T07:18:37","guid":{"rendered":"https:\/\/houseofretouching.com\/warsztaty\/?post_type=product&#038;p=3113"},"modified":"2024-09-06T09:30:23","modified_gmt":"2024-09-06T07:30:23","slug":"renowacja-i-koloryzacja-fotografii","status":"publish","type":"product","link":"https:\/\/houseofretouching.com\/warsztaty\/produkt\/renowacja-i-koloryzacja-fotografii\/","title":{"rendered":"Renowacja i koloryzacja fotografii"},"content":{"rendered":"<div class=\"pp\">\n<div class=\"pp-container\">\n<div class=\"pp-two-columns pp-mb-xxl\">\n<p class=\"pp-text-1\">Czego si\u0119 nauczysz?<\/p>\n<div>\n<p class=\"pp-text-3 pp-mb-l\">Te warsztaty przeznaczone s\u0105 dla os\u00f3b chc\u0105cych pozna\u0107 proces <span class=\"pp-text-accent\">rekonstrukcji<\/span> starych, zniszczonych zdj\u0119\u0107 i koloryzacji zdj\u0119\u0107 czarno-bia\u0142ych.<\/p>\n<p class=\"pp-text-body\">W trakcie zaj\u0119\u0107 poka\u017cemy Wam jak zdigitalizowa\u0107 fotografi\u0119 z materia\u0142u transparentnego i refleksyjnego, jak przeprowadzi\u0107 retusz, odzyska\u0107 wyblak\u0142e kolory, a w przypadku czarno-bia\u0142ych fotografii &#8211; jak je pokolorowa\u0107 aby wygl\u0105da\u0142y naturalnie i adekwatnie do czas\u00f3w w kt\u00f3rych powsta\u0142y.<\/p>\n<\/div>\n<\/div>\n<\/div>\n<div class=\"pp-two-columns-2\">\n<div class=\"pp-container pp-bg-2\">\n<div class=\"pp-mb-xl\">\n<p class=\"pp-text-body pp-mb-xs pp-text-white\">Wa\u017cne!<\/p>\n<p class=\"pp-text-1 pp-text-white\">Co musisz<br \/>\nwiedzie\u0107?<\/p>\n<\/div>\n<div class=\"pp-two-columns\">\n<div class=\"pp-grid-item-2\">\n<p class=\"pp-text-body pp-mb-xs\">[01]<\/p>\n<p class=\"pp-text-3 pp-mb-m pp-text-white\">Czy warsztaty s\u0105 dla\u00a0mnie?<\/p>\n<p class=\"pp-text-body\">Warsztaty nie s\u0105 przeznaczone dla os\u00f3b ca\u0142kiem pocz\u0105tkuj\u0105cych. Wymagana jest podstawowa znajomo\u015b\u0107 zagadnie\u0144 dotycz\u0105cych obs\u0142ugi i wo\u0142ania raw\u00f3w oraz zasad pracy w Photoshopie.<\/p>\n<\/div>\n<div class=\"pp-grid-item-2\">\n<p class=\"pp-text-body pp-mb-xs\">[02]<\/p>\n<p class=\"pp-text-3 pp-mb-m pp-text-white\">Minimalna liczba os\u00f3b bior\u0105ca udzia\u0142 w\u00a0warsztatach.<\/p>\n<p class=\"pp-text-body\">Warunkiem ruszenia warsztat\u00f3w w okre\u015blonym terminie jest uzbieranie si\u0119 minimum 4 os\u00f3b ch\u0119tnych.<\/p>\n<p class=\"pp-text-body\">Przeczytaj: <a class=\"pp-link pp-text-bold\" href=\"https:\/\/houseofretouching.com\/warsztaty\/regulamin\/\">Regulamin warsztat\u00f3w<\/a><\/p>\n<\/div>\n<div class=\"pp-grid-item-2\">\n<p class=\"pp-text-body pp-mb-xs\">[03]<\/p>\n<p class=\"pp-text-3 pp-mb-m pp-text-white\">Rezygnacja z udzia\u0142u w\u00a0warsztatach<\/p>\n<p class=\"pp-text-body\">Mo\u017cesz bezp\u0142atnie zrezygnowa\u0107 z udzia\u0142u w wykupionych warsztatach w terminie 14 dni od daty zakupu. Wyj\u0105tkiem jest sytuacja, kiedy kupisz udzia\u0142 w warsztatach p\u00f3\u017aniej ni\u017c 14 dni przed ich rozpocz\u0119ciem.<\/p>\n<p class=\"pp-text-body\">Przeczytaj: <a class=\"pp-link pp-text-bold\" href=\"https:\/\/houseofretouching.com\/warsztaty\/regulamin\/\">Regulamin warsztat\u00f3w<\/a><\/p>\n<\/div>\n<div class=\"pp-grid-item-2\">\n<p class=\"pp-text-body pp-mb-xs\">[04]<\/p>\n<p class=\"pp-text-3 pp-mb-m pp-text-white\">Warsztaty odbywaj\u0105 si\u0119 stacjonarnie w\u00a0Krakowie.<\/p>\n<p class=\"pp-text-body\">Uczestnik\u00f3w warsztat\u00f3w zapraszamy do naszego studia zlokalizowanego w centrum Krakowa.<\/p>\n<\/div>\n<\/div>\n<\/div>\n<div class=\"pp-container pp-bg-3 pp-flex-ac-sb\">\n<div class=\"pp-mb-xxl\">\n<p class=\"pp-text-body pp-mb-xs pp-text-white\">Kontakt<\/p>\n<p class=\"pp-text-1 pp-mb-xl pp-text-white\">Masz pytania?<\/p>\n<p class=\"pp-text-body pp-mb-m\">Sprawd\u017a nasz\u0105 sekcj\u0119 FAQ, w kt\u00f3rej odpowiedzieli\u015bmy na najcz\u0119\u015bciej pojawiaj\u0105ce si\u0119 pytania.<\/p>\n<p><a class=\"pp-button pp-text-body pp-text-bold\" href=\"https:\/\/houseofretouching.com\/warsztaty\/#faq\">Zobacz FAQ<\/a><\/p>\n<\/div>\n<div>\n<p class=\"pp-text-body pp-mb-xs\">Nie znalaz\u0142e\u015b\/a\u015b odpowiedzi? Napisz do nas!<\/p>\n<p><a class=\"pp-text-3 pp-word-break pp-link-no-hover\" href=\"mailto:workshops@houseofretouching.com\">workshops@<br \/>\nhouseofretouching.com<\/a><\/p>\n<\/div>\n<\/div>\n<\/div>\n<\/div>\n","protected":false},"excerpt":{"rendered":"<p>Te warsztaty przeznaczone s\u0105 dla os\u00f3b chc\u0105cych pozna\u0107 proces rekonstrukcji starych, zniszczonych zdj\u0119\u0107 i koloryzacji zdj\u0119\u0107 czarno-bia\u0142ych.<\/p>\n<p><strong>Warsztaty w przygotowaniu.<\/strong><\/p>\n","protected":false},"featured_media":3114,"comment_status":"open","ping_status":"closed","template":"","meta":{"site-sidebar-layout":"default","site-content-layout":"","ast-site-content-layout":"default","site-content-style":"default","site-sidebar-style":"default","ast-global-header-display":"","ast-banner-title-visibility":"","ast-main-header-display":"","ast-hfb-above-header-display":"","ast-hfb-below-header-display":"","ast-hfb-mobile-header-display":"","site-post-title":"","ast-breadcrumbs-content":"","ast-featured-img":"","footer-sml-layout":"","ast-disable-related-posts":"","theme-transparent-header-meta":"default","adv-header-id-meta":"","stick-header-meta":"","header-above-stick-meta":"","header-main-stick-meta":"","header-below-stick-meta":"","astra-migrate-meta-layouts":"set","ast-page-background-enabled":"default","ast-page-background-meta":{"desktop":{"background-color":"var(--ast-global-color-4)","background-image":"","background-repeat":"repeat","background-position":"center center","background-size":"auto","background-attachment":"scroll","background-type":"","background-media":"","overlay-type":"","overlay-color":"","overlay-opacity":"","overlay-gradient":""},"tablet":{"background-color":"","background-image":"","background-repeat":"repeat","background-position":"center center","background-size":"auto","background-attachment":"scroll","background-type":"","background-media":"","overlay-type":"","overlay-color":"","overlay-opacity":"","overlay-gradient":""},"mobile":{"background-color":"","background-image":"","background-repeat":"repeat","background-position":"center center","background-size":"auto","background-attachment":"scroll","background-type":"","background-media":"","overlay-type":"","overlay-color":"","overlay-opacity":"","overlay-gradient":""}},"ast-content-background-meta":{"desktop":{"background-color":"var(--ast-global-color-5)","background-image":"","background-repeat":"repeat","background-position":"center center","background-size":"auto","background-attachment":"scroll","background-type":"","background-media":"","overlay-type":"","overlay-color":"","overlay-opacity":"","overlay-gradient":""},"tablet":{"background-color":"var(--ast-global-color-5)","background-image":"","background-repeat":"repeat","background-position":"center center","background-size":"auto","background-attachment":"scroll","background-type":"","background-media":"","overlay-type":"","overlay-color":"","overlay-opacity":"","overlay-gradient":""},"mobile":{"background-color":"var(--ast-global-color-5)","background-image":"","background-repeat":"repeat","background-position":"center center","background-size":"auto","background-attachment":"scroll","background-type":"","background-media":"","overlay-type":"","overlay-color":"","overlay-opacity":"","overlay-gradient":""}}},"product_brand":[],"product_cat":[19],"product_tag":[],"class_list":{"0":"post-3113","1":"product","2":"type-product","3":"status-publish","4":"has-post-thumbnail","6":"product_cat-stacjonarne","7":"desktop-align-left","8":"tablet-align-left","9":"mobile-align-left","11":"first","12":"outofstock","13":"virtual","14":"taxable","15":"product-type-simple"},"yoast_head":"<!-- This site is optimized with the Yoast SEO plugin v27.4 - https:\/\/yoast.com\/product\/yoast-seo-wordpress\/ -->\n<title>Renowacja i koloryzacja fotografii - Warsztaty House of Retouching<\/title>\n<meta name=\"robots\" content=\"index, follow, max-snippet:-1, max-image-preview:large, max-video-preview:-1\" \/>\n<link rel=\"canonical\" href=\"https:\/\/houseofretouching.com\/warsztaty\/produkt\/renowacja-i-koloryzacja-fotografii\/\" \/>\n<meta property=\"og:locale\" content=\"pl_PL\" \/>\n<meta property=\"og:type\" content=\"article\" \/>\n<meta property=\"og:title\" content=\"Renowacja i koloryzacja fotografii - Warsztaty House of Retouching\" \/>\n<meta property=\"og:description\" content=\"Te warsztaty przeznaczone s\u0105 dla os\u00f3b chc\u0105cych pozna\u0107 proces rekonstrukcji starych, zniszczonych zdj\u0119\u0107 i koloryzacji zdj\u0119\u0107 czarno-bia\u0142ych.  Warsztaty w przygotowaniu.\" \/>\n<meta property=\"og:url\" content=\"https:\/\/houseofretouching.com\/warsztaty\/produkt\/renowacja-i-koloryzacja-fotografii\/\" \/>\n<meta property=\"og:site_name\" content=\"Warsztaty House of Retouching\" \/>\n<meta property=\"article:modified_time\" content=\"2024-09-06T07:30:23+00:00\" \/>\n<meta property=\"og:image\" content=\"https:\/\/houseofretouching.com\/warsztaty\/wp-content\/uploads\/2024\/09\/Renowacja-i-koloryzacja-fotografii.jpg\" \/>\n\t<meta property=\"og:image:width\" content=\"1200\" \/>\n\t<meta property=\"og:image:height\" content=\"1200\" \/>\n\t<meta property=\"og:image:type\" content=\"image\/jpeg\" \/>\n<meta name=\"twitter:card\" content=\"summary_large_image\" \/>\n<meta name=\"twitter:label1\" content=\"Szacowany czas czytania\" \/>\n\t<meta name=\"twitter:data1\" content=\"2 minuty\" \/>\n<script type=\"application\/ld+json\" class=\"yoast-schema-graph\">{\"@context\":\"https:\\\/\\\/schema.org\",\"@graph\":[{\"@type\":\"WebPage\",\"@id\":\"https:\\\/\\\/houseofretouching.com\\\/warsztaty\\\/produkt\\\/renowacja-i-koloryzacja-fotografii\\\/\",\"url\":\"https:\\\/\\\/houseofretouching.com\\\/warsztaty\\\/produkt\\\/renowacja-i-koloryzacja-fotografii\\\/\",\"name\":\"Renowacja i koloryzacja fotografii - Warsztaty House of Retouching\",\"isPartOf\":{\"@id\":\"https:\\\/\\\/houseofretouching.com\\\/warsztaty\\\/#website\"},\"primaryImageOfPage\":{\"@id\":\"https:\\\/\\\/houseofretouching.com\\\/warsztaty\\\/produkt\\\/renowacja-i-koloryzacja-fotografii\\\/#primaryimage\"},\"image\":{\"@id\":\"https:\\\/\\\/houseofretouching.com\\\/warsztaty\\\/produkt\\\/renowacja-i-koloryzacja-fotografii\\\/#primaryimage\"},\"thumbnailUrl\":\"https:\\\/\\\/houseofretouching.com\\\/warsztaty\\\/wp-content\\\/uploads\\\/2024\\\/09\\\/Renowacja-i-koloryzacja-fotografii.jpg\",\"datePublished\":\"2024-09-06T07:18:37+00:00\",\"dateModified\":\"2024-09-06T07:30:23+00:00\",\"breadcrumb\":{\"@id\":\"https:\\\/\\\/houseofretouching.com\\\/warsztaty\\\/produkt\\\/renowacja-i-koloryzacja-fotografii\\\/#breadcrumb\"},\"inLanguage\":\"pl-PL\",\"potentialAction\":[{\"@type\":\"ReadAction\",\"target\":[\"https:\\\/\\\/houseofretouching.com\\\/warsztaty\\\/produkt\\\/renowacja-i-koloryzacja-fotografii\\\/\"]}]},{\"@type\":\"ImageObject\",\"inLanguage\":\"pl-PL\",\"@id\":\"https:\\\/\\\/houseofretouching.com\\\/warsztaty\\\/produkt\\\/renowacja-i-koloryzacja-fotografii\\\/#primaryimage\",\"url\":\"https:\\\/\\\/houseofretouching.com\\\/warsztaty\\\/wp-content\\\/uploads\\\/2024\\\/09\\\/Renowacja-i-koloryzacja-fotografii.jpg\",\"contentUrl\":\"https:\\\/\\\/houseofretouching.com\\\/warsztaty\\\/wp-content\\\/uploads\\\/2024\\\/09\\\/Renowacja-i-koloryzacja-fotografii.jpg\",\"width\":1200,\"height\":1200},{\"@type\":\"BreadcrumbList\",\"@id\":\"https:\\\/\\\/houseofretouching.com\\\/warsztaty\\\/produkt\\\/renowacja-i-koloryzacja-fotografii\\\/#breadcrumb\",\"itemListElement\":[{\"@type\":\"ListItem\",\"position\":1,\"name\":\"Strona g\u0142\u00f3wna\",\"item\":\"https:\\\/\\\/houseofretouching.com\\\/warsztaty\\\/\"},{\"@type\":\"ListItem\",\"position\":2,\"name\":\"Sklep\",\"item\":\"https:\\\/\\\/houseofretouching.com\\\/warsztaty\\\/sklep\\\/\"},{\"@type\":\"ListItem\",\"position\":3,\"name\":\"Renowacja i koloryzacja fotografii\"}]},{\"@type\":\"WebSite\",\"@id\":\"https:\\\/\\\/houseofretouching.com\\\/warsztaty\\\/#website\",\"url\":\"https:\\\/\\\/houseofretouching.com\\\/warsztaty\\\/\",\"name\":\"Warsztaty House of Retouching\",\"description\":\"\",\"publisher\":{\"@id\":\"https:\\\/\\\/houseofretouching.com\\\/warsztaty\\\/#organization\"},\"potentialAction\":[{\"@type\":\"SearchAction\",\"target\":{\"@type\":\"EntryPoint\",\"urlTemplate\":\"https:\\\/\\\/houseofretouching.com\\\/warsztaty\\\/?s={search_term_string}\"},\"query-input\":{\"@type\":\"PropertyValueSpecification\",\"valueRequired\":true,\"valueName\":\"search_term_string\"}}],\"inLanguage\":\"pl-PL\"},{\"@type\":\"Organization\",\"@id\":\"https:\\\/\\\/houseofretouching.com\\\/warsztaty\\\/#organization\",\"name\":\"Warsztaty House of Retouching\",\"url\":\"https:\\\/\\\/houseofretouching.com\\\/warsztaty\\\/\",\"logo\":{\"@type\":\"ImageObject\",\"inLanguage\":\"pl-PL\",\"@id\":\"https:\\\/\\\/houseofretouching.com\\\/warsztaty\\\/#\\\/schema\\\/logo\\\/image\\\/\",\"url\":\"https:\\\/\\\/houseofretouching.com\\\/warsztaty\\\/wp-content\\\/uploads\\\/2023\\\/10\\\/hofr-logo-primary.svg\",\"contentUrl\":\"https:\\\/\\\/houseofretouching.com\\\/warsztaty\\\/wp-content\\\/uploads\\\/2023\\\/10\\\/hofr-logo-primary.svg\",\"width\":300,\"height\":20,\"caption\":\"Warsztaty House of Retouching\"},\"image\":{\"@id\":\"https:\\\/\\\/houseofretouching.com\\\/warsztaty\\\/#\\\/schema\\\/logo\\\/image\\\/\"}}]}<\/script>\n<!-- \/ Yoast SEO plugin. -->","yoast_head_json":{"title":"Renowacja i koloryzacja fotografii - Warsztaty House of Retouching","robots":{"index":"index","follow":"follow","max-snippet":"max-snippet:-1","max-image-preview":"max-image-preview:large","max-video-preview":"max-video-preview:-1"},"canonical":"https:\/\/houseofretouching.com\/warsztaty\/produkt\/renowacja-i-koloryzacja-fotografii\/","og_locale":"pl_PL","og_type":"article","og_title":"Renowacja i koloryzacja fotografii - Warsztaty House of Retouching","og_description":"Te warsztaty przeznaczone s\u0105 dla os\u00f3b chc\u0105cych pozna\u0107 proces rekonstrukcji starych, zniszczonych zdj\u0119\u0107 i koloryzacji zdj\u0119\u0107 czarno-bia\u0142ych.  Warsztaty w przygotowaniu.","og_url":"https:\/\/houseofretouching.com\/warsztaty\/produkt\/renowacja-i-koloryzacja-fotografii\/","og_site_name":"Warsztaty House of Retouching","article_modified_time":"2024-09-06T07:30:23+00:00","og_image":[{"width":1200,"height":1200,"url":"https:\/\/houseofretouching.com\/warsztaty\/wp-content\/uploads\/2024\/09\/Renowacja-i-koloryzacja-fotografii.jpg","type":"image\/jpeg"}],"twitter_card":"summary_large_image","twitter_misc":{"Szacowany czas czytania":"2 minuty"},"schema":{"@context":"https:\/\/schema.org","@graph":[{"@type":"WebPage","@id":"https:\/\/houseofretouching.com\/warsztaty\/produkt\/renowacja-i-koloryzacja-fotografii\/","url":"https:\/\/houseofretouching.com\/warsztaty\/produkt\/renowacja-i-koloryzacja-fotografii\/","name":"Renowacja i koloryzacja fotografii - Warsztaty House of Retouching","isPartOf":{"@id":"https:\/\/houseofretouching.com\/warsztaty\/#website"},"primaryImageOfPage":{"@id":"https:\/\/houseofretouching.com\/warsztaty\/produkt\/renowacja-i-koloryzacja-fotografii\/#primaryimage"},"image":{"@id":"https:\/\/houseofretouching.com\/warsztaty\/produkt\/renowacja-i-koloryzacja-fotografii\/#primaryimage"},"thumbnailUrl":"https:\/\/houseofretouching.com\/warsztaty\/wp-content\/uploads\/2024\/09\/Renowacja-i-koloryzacja-fotografii.jpg","datePublished":"2024-09-06T07:18:37+00:00","dateModified":"2024-09-06T07:30:23+00:00","breadcrumb":{"@id":"https:\/\/houseofretouching.com\/warsztaty\/produkt\/renowacja-i-koloryzacja-fotografii\/#breadcrumb"},"inLanguage":"pl-PL","potentialAction":[{"@type":"ReadAction","target":["https:\/\/houseofretouching.com\/warsztaty\/produkt\/renowacja-i-koloryzacja-fotografii\/"]}]},{"@type":"ImageObject","inLanguage":"pl-PL","@id":"https:\/\/houseofretouching.com\/warsztaty\/produkt\/renowacja-i-koloryzacja-fotografii\/#primaryimage","url":"https:\/\/houseofretouching.com\/warsztaty\/wp-content\/uploads\/2024\/09\/Renowacja-i-koloryzacja-fotografii.jpg","contentUrl":"https:\/\/houseofretouching.com\/warsztaty\/wp-content\/uploads\/2024\/09\/Renowacja-i-koloryzacja-fotografii.jpg","width":1200,"height":1200},{"@type":"BreadcrumbList","@id":"https:\/\/houseofretouching.com\/warsztaty\/produkt\/renowacja-i-koloryzacja-fotografii\/#breadcrumb","itemListElement":[{"@type":"ListItem","position":1,"name":"Strona g\u0142\u00f3wna","item":"https:\/\/houseofretouching.com\/warsztaty\/"},{"@type":"ListItem","position":2,"name":"Sklep","item":"https:\/\/houseofretouching.com\/warsztaty\/sklep\/"},{"@type":"ListItem","position":3,"name":"Renowacja i koloryzacja fotografii"}]},{"@type":"WebSite","@id":"https:\/\/houseofretouching.com\/warsztaty\/#website","url":"https:\/\/houseofretouching.com\/warsztaty\/","name":"Warsztaty House of Retouching","description":"","publisher":{"@id":"https:\/\/houseofretouching.com\/warsztaty\/#organization"},"potentialAction":[{"@type":"SearchAction","target":{"@type":"EntryPoint","urlTemplate":"https:\/\/houseofretouching.com\/warsztaty\/?s={search_term_string}"},"query-input":{"@type":"PropertyValueSpecification","valueRequired":true,"valueName":"search_term_string"}}],"inLanguage":"pl-PL"},{"@type":"Organization","@id":"https:\/\/houseofretouching.com\/warsztaty\/#organization","name":"Warsztaty House of Retouching","url":"https:\/\/houseofretouching.com\/warsztaty\/","logo":{"@type":"ImageObject","inLanguage":"pl-PL","@id":"https:\/\/houseofretouching.com\/warsztaty\/#\/schema\/logo\/image\/","url":"https:\/\/houseofretouching.com\/warsztaty\/wp-content\/uploads\/2023\/10\/hofr-logo-primary.svg","contentUrl":"https:\/\/houseofretouching.com\/warsztaty\/wp-content\/uploads\/2023\/10\/hofr-logo-primary.svg","width":300,"height":20,"caption":"Warsztaty House of Retouching"},"image":{"@id":"https:\/\/houseofretouching.com\/warsztaty\/#\/schema\/logo\/image\/"}}]}},"_links":{"self":[{"href":"https:\/\/houseofretouching.com\/warsztaty\/wp-json\/wp\/v2\/product\/3113","targetHints":{"allow":["GET"]}}],"collection":[{"href":"https:\/\/houseofretouching.com\/warsztaty\/wp-json\/wp\/v2\/product"}],"about":[{"href":"https:\/\/houseofretouching.com\/warsztaty\/wp-json\/wp\/v2\/types\/product"}],"replies":[{"embeddable":true,"href":"https:\/\/houseofretouching.com\/warsztaty\/wp-json\/wp\/v2\/comments?post=3113"}],"wp:featuredmedia":[{"embeddable":true,"href":"https:\/\/houseofretouching.com\/warsztaty\/wp-json\/wp\/v2\/media\/3114"}],"wp:attachment":[{"href":"https:\/\/houseofretouching.com\/warsztaty\/wp-json\/wp\/v2\/media?parent=3113"}],"wp:term":[{"taxonomy":"product_brand","embeddable":true,"href":"https:\/\/houseofretouching.com\/warsztaty\/wp-json\/wp\/v2\/product_brand?post=3113"},{"taxonomy":"product_cat","embeddable":true,"href":"https:\/\/houseofretouching.com\/warsztaty\/wp-json\/wp\/v2\/product_cat?post=3113"},{"taxonomy":"product_tag","embeddable":true,"href":"https:\/\/houseofretouching.com\/warsztaty\/wp-json\/wp\/v2\/product_tag?post=3113"}],"curies":[{"name":"wp","href":"https:\/\/api.w.org\/{rel}","templated":true}]}}