{"id":1055,"date":"2023-10-31T11:04:33","date_gmt":"2023-10-31T10:04:33","guid":{"rendered":"https:\/\/houseofretouching.com\/warsztaty\/?post_type=product&#038;p=1055"},"modified":"2025-04-29T10:35:22","modified_gmt":"2025-04-29T08:35:22","slug":"retusz-reklamowy-ecommerce","status":"publish","type":"product","link":"https:\/\/houseofretouching.com\/warsztaty\/produkt\/retusz-reklamowy-ecommerce\/","title":{"rendered":"Retusz Reklamowy (E-commerce)"},"content":{"rendered":"<div class=\"pp\">\n<div class=\"pp-container\">\n<div class=\"pp-two-columns pp-mb-xxl\">\n<p class=\"pp-text-1\">Czego si\u0119 nauczysz?<\/p>\n<div>\n<p class=\"pp-text-3 pp-mb-l\">Nasze warsztaty to kompleksowe szkolenie, kt\u00f3re pozwoli Ci zdoby\u0107 umiej\u0119tno\u015bci niezb\u0119dne do profesjonalnej obr\u00f3bki zdj\u0119\u0107 produktowych na potrzeby zastosowa\u0144 e-commerce.<\/p>\n<p class=\"pp-text-body\">Skupimy si\u0119 na najwa\u017cniejszych aspektach retuszu tego typu zdj\u0119\u0107 czyli na wycinaniu produktu z t\u0142a, sp\u00f3jno\u015bci mi\u0119dzy zdj\u0119ciami, tworzeniu cieni i odbi\u0107 oraz edycji kszta\u0142tu. Dowiesz si\u0119, mi\u0119dzy innymi jak w praktyce wykorzysta\u0107 obiekty inteligentne oraz narz\u0119dzia automatyzacji. Poka\u017cemy Ci, jak efektywnie korzysta\u0107 z akcji w Photoshopie aby przyspieszy\u0107 swoj\u0105 prac\u0119. Nauczysz si\u0119 tworzenia w\u0142asnej biblioteki kolor\u00f3w z wykorzystaniem kod\u00f3w HEX i RGB, co pozwoli Ci zachowa\u0107 jednolito\u015b\u0107 materia\u0142\u00f3w reklamowych.<\/p>\n<p class=\"pp-text-body\">Podczas warsztat\u00f3w om\u00f3wimy, jak styl i branding marki wp\u0142ywaj\u0105 na proces retuszu oraz jak odpowiednio dostosowa\u0107 zdj\u0119cia do potrzeb klienta. Zrozumiesz, jak uczyni\u0107 produkt g\u0142\u00f3wnym bohaterem i jakie s\u0105 r\u00f3\u017cne rodzaje fotografii produktowej, od packshot\u00f3w po zdj\u0119cia w stylu lifestyle.<\/p>\n<p class=\"pp-text-body\">To szkolenie to nie tylko nauka technik, ale r\u00f3wnie\u017c umiej\u0119tno\u015bci \u015bwiadomego podejmowania decyzji w retuszu e-comm. Bez wzgl\u0119du na to, czy jeste\u015b pocz\u0105tkuj\u0105cym retuszerem, czy masz ju\u017c do\u015bwiadczenie, te warsztaty pomog\u0105 Ci zorganizowa\u0107 i udoskonali\u0107 sw\u00f3j warsztat. Do\u0142\u0105cz do nas i zdob\u0105d\u017a praktyczne umiej\u0119tno\u015bci, potrzebne w pracy ze zdj\u0119ciami e-commerce!<\/p>\n<\/div>\n<\/div>\n<div class=\"pp-mb-xl\">\n<p class=\"pp-text-body pp-mb-xs\" style=\"text-transform: uppercase;\">Program<\/p>\n<p class=\"pp-text-2\">W ramach <span class=\"pp-text-accent\">warsztat\u00f3w<\/span> poruszane b\u0119d\u0105 nast\u0119puj\u0105ce zagadnienia:<\/p>\n<\/div>\n<div class=\"pp-three-columns\">\n<div class=\"pp-grid-item\">\n<p class=\"pp-text-body pp-mb-xs\">[01]<\/p>\n<p class=\"pp-text-3 pp-mb-m\">Analiza obrazu.<\/p>\n<ul class=\"pp-list-unordered\">\n<li class=\"pp-text-body\">Towar\/us\u0142uga jako g\u0142\u00f3wny bohater zdj\u0119cia.<\/li>\n<li class=\"pp-text-body\">Rodzaje zdj\u0119\u0107 reklamowych.<\/li>\n<\/ul>\n<\/div>\n<div class=\"pp-grid-item\">\n<p class=\"pp-text-body pp-mb-xs\">[02]<\/p>\n<p class=\"pp-text-3 pp-mb-m\">Opracowanie procesu pracy.<\/p>\n<ul class=\"pp-list-unordered\">\n<li class=\"pp-text-body\">Jak styl i branding marki wp\u0142ywa na prac\u0119 z\u00a0projektem.<\/li>\n<li class=\"pp-text-body\">Jak dobrze wypracowa\u0107 wsp\u00f3lny brief z\u00a0klientem.<\/li>\n<\/ul>\n<\/div>\n<div class=\"pp-grid-item\">\n<p class=\"pp-text-body pp-mb-xs\">[03]<\/p>\n<p class=\"pp-text-3 pp-mb-m\">Tworzenie biblioteki kolor\u00f3w.<\/p>\n<p class=\"pp-text-body\">Praca z wykorzystaniem kod\u00f3w hex i rgb.<\/p>\n<\/div>\n<div class=\"pp-grid-item\">\n<p class=\"pp-text-body pp-mb-xs\">[04]<\/p>\n<p class=\"pp-text-3 pp-mb-m\">Wo\u0142anie plik\u00f3w.<\/p>\n<p class=\"pp-text-body\">Wywo\u0142ywanie usp\u00f3jnionej serii zdj\u0119\u0107 w\u00a0Camera Raw.<\/p>\n<\/div>\n<div class=\"pp-grid-item\">\n<p class=\"pp-text-body pp-mb-xs\">[05]<\/p>\n<p class=\"pp-text-3 pp-mb-m\">Narz\u0119dzia do automatyzacji.<\/p>\n<ul class=\"pp-list-unordered\">\n<li class=\"pp-text-body\">Tworzenie i korzystanie z akcji\/operacji.<\/li>\n<li class=\"pp-text-body\">Korzystanie ze skrypt\u00f3w wsadowych.<\/li>\n<\/ul>\n<\/div>\n<div class=\"pp-grid-item\">\n<p class=\"pp-text-body pp-mb-xs\">[06]<\/p>\n<p class=\"pp-text-3 pp-mb-m\">Retusz zdj\u0119\u0107 na potrzeby<br \/>\ne-commerce.<\/p>\n<ul class=\"pp-list-unordered\">\n<li class=\"pp-text-body\">Retusz produktu.<\/li>\n<li class=\"pp-text-body\">Podstawowa obr\u00f3bka sk\u00f3ry, w\u0142os\u00f3w i\u00a0ubra\u0144.<\/li>\n<\/ul>\n<\/div>\n<div class=\"pp-grid-item\">\n<p class=\"pp-text-body pp-mb-xs\">[07]<\/p>\n<p class=\"pp-text-3 pp-mb-m\">Korekcje kolorystyczne.<\/p>\n<ul class=\"pp-list-unordered\">\n<li class=\"pp-text-body\">Zgodno\u015b\u0107 kolorystyczna produktu z\u00a0referencj\u0105 klienta.<\/li>\n<li class=\"pp-text-body\">Usp\u00f3jnianie serii.<\/li>\n<\/ul>\n<\/div>\n<div class=\"pp-grid-item\">\n<p class=\"pp-text-body pp-mb-xs\">[08]<\/p>\n<p class=\"pp-text-3 pp-mb-m\">Szparowanie.<\/p>\n<ul class=\"pp-list-unordered\">\n<li class=\"pp-text-body\">Wycinanie obiektu z t\u0142a za pomoc\u0105 \u015bcie\u017cek i\u00a0masek.<\/li>\n<li class=\"pp-text-body\">Tworzenie cieni i odbi\u0107.<\/li>\n<\/ul>\n<\/div>\n<div class=\"pp-grid-item\">\n<p class=\"pp-text-body pp-mb-xs\">[09]<\/p>\n<p class=\"pp-text-3 pp-mb-m\">Wykorzystanie obiektu inteligentnego.<\/p>\n<p class=\"pp-text-body\">Edycja kszta\u0142tu i symetrii.<\/p>\n<\/div>\n<\/div>\n<\/div>\n<div class=\"pp-two-columns-2\">\n<div class=\"pp-container pp-bg-2\">\n<div class=\"pp-mb-xl\">\n<p class=\"pp-text-body pp-mb-xs pp-text-white\">Wa\u017cne!<\/p>\n<p class=\"pp-text-1 pp-text-white\">Co musisz<br \/>\nwiedzie\u0107?<\/p>\n<\/div>\n<div class=\"pp-two-columns\">\n<div class=\"pp-grid-item-2\">\n<p class=\"pp-text-body pp-mb-xs\">[01]<\/p>\n<p class=\"pp-text-3 pp-mb-m pp-text-white\">Czy warsztaty s\u0105 dla\u00a0mnie?<\/p>\n<p class=\"pp-text-body\">Warsztaty nie s\u0105 przeznaczone dla os\u00f3b ca\u0142kiem pocz\u0105tkuj\u0105cych. Wymagana jest podstawowa znajomo\u015b\u0107 zagadnie\u0144 dotycz\u0105cych obs\u0142ugi i wo\u0142ania raw\u00f3w oraz zasad pracy w Photoshopie.<\/p>\n<\/div>\n<div class=\"pp-grid-item-2\">\n<p class=\"pp-text-body pp-mb-xs\">[02]<\/p>\n<p class=\"pp-text-3 pp-mb-m pp-text-white\">Minimalna liczba os\u00f3b bior\u0105ca udzia\u0142 w\u00a0warsztatach.<\/p>\n<p class=\"pp-text-body\">Warunkiem ruszenia warsztat\u00f3w w okre\u015blonym terminie jest uzbieranie si\u0119 minimum 4 os\u00f3b ch\u0119tnych.<\/p>\n<p class=\"pp-text-body\">Przeczytaj: <a class=\"pp-link pp-text-bold\" href=\"https:\/\/houseofretouching.com\/warsztaty\/regulamin\/\">Regulamin warsztat\u00f3w<\/a><\/p>\n<\/div>\n<div class=\"pp-grid-item-2\">\n<p class=\"pp-text-body pp-mb-xs\">[03]<\/p>\n<p class=\"pp-text-3 pp-mb-m pp-text-white\">Rezygnacja z udzia\u0142u w\u00a0warsztatach<\/p>\n<p class=\"pp-text-body\">Mo\u017cesz bezp\u0142atnie zrezygnowa\u0107 z udzia\u0142u w wykupionych warsztatach w terminie 14 dni od daty zakupu. Wyj\u0105tkiem jest sytuacja, kiedy kupisz udzia\u0142 w warsztatach p\u00f3\u017aniej ni\u017c 14 dni przed ich rozpocz\u0119ciem.<\/p>\n<p class=\"pp-text-body\">Przeczytaj: <a class=\"pp-link pp-text-bold\" href=\"https:\/\/houseofretouching.com\/warsztaty\/regulamin\/\">Regulamin warsztat\u00f3w<\/a><\/p>\n<\/div>\n<div class=\"pp-grid-item-2\">\n<p class=\"pp-text-body pp-mb-xs\">[04]<\/p>\n<p class=\"pp-text-3 pp-mb-m pp-text-white\">Warsztaty odbywaj\u0105 si\u0119 stacjonarnie w\u00a0Krakowie.<\/p>\n<p class=\"pp-text-body\">Uczestnik\u00f3w warsztat\u00f3w zapraszamy do naszego studia zlokalizowanego w centrum Krakowa.<\/p>\n<\/div>\n<\/div>\n<\/div>\n<div class=\"pp-container pp-bg-3 pp-flex-ac-sb\">\n<div class=\"pp-mb-xxl\">\n<p class=\"pp-text-body pp-mb-xs pp-text-white\">Kontakt<\/p>\n<p class=\"pp-text-1 pp-mb-xl pp-text-white\">Masz pytania?<\/p>\n<p class=\"pp-text-body pp-mb-m\">Sprawd\u017a nasz\u0105 sekcj\u0119 FAQ, w kt\u00f3rej odpowiedzieli\u015bmy na najcz\u0119\u015bciej pojawiaj\u0105ce si\u0119 pytania.<\/p>\n<p><a class=\"pp-button pp-text-body pp-text-bold\" href=\"https:\/\/houseofretouching.com\/warsztaty\/#faq\">Zobacz FAQ<\/a><\/p>\n<\/div>\n<div>\n<p class=\"pp-text-body pp-mb-xs\">Nie znalaz\u0142e\u015b\/a\u015b odpowiedzi? Napisz do nas!<\/p>\n<p><a class=\"pp-text-3 pp-word-break pp-link-no-hover\" href=\"mailto:workshops@houseofretouching.com\">workshops@<br \/>\nhouseofretouching.com<\/a><\/p>\n<\/div>\n<\/div>\n<\/div>\n<\/div>\n","protected":false},"excerpt":{"rendered":"<p>Nasze warsztaty &#8222;Retusz Reklamowy (E-commerce)&#8221; to kompleksowe szkolenie, kt\u00f3re pozwoli Ci zdoby\u0107 umiej\u0119tno\u015bci niezb\u0119dne do profesjonalnej obr\u00f3bki zdj\u0119\u0107 produktowych na potrzeby zastosowa\u0144 e-commerce. To nie tylko nauka technik, ale r\u00f3wnie\u017c umiej\u0119tno\u015bci \u015bwiadomego podejmowania decyzji w retuszu e-comm. Bez wzgl\u0119du na to, czy jeste\u015b pocz\u0105tkuj\u0105cym retuszerem, czy masz ju\u017c do\u015bwiadczenie, te warsztaty pomog\u0105 Ci zorganizowa\u0107 i udoskonali\u0107 sw\u00f3j warsztat.<\/p>\n<div style=\"display: flex; gap: 6px; padding-bottom: 16px; padding-top: 24px;\">\n<div>\n<p style=\"flex-grow: 1;\"><span style=\"font-weight: 600;\">Warsztaty jednodniowe<\/span><br \/>\n8 godzin (sobota 9:00-17:00)<\/p>\n<\/div>\n<\/div>\n<div style=\"display: flex; gap: 6px; padding-bottom: 16px;\">\n<div>\n<p style=\"flex-grow: 1;\"><span style=\"font-weight: 600;\">Lokalizacja: studio House of Retouching<\/span><br \/>\nul. Grabowskiego 8\/6, Krak\u00f3w<\/p>\n<\/div>\n<\/div>\n<div style=\"display: flex; gap: 6px; padding-bottom: 40px;\">\n<div>\n<p style=\"flex-grow: 1;\">W trakcie warsztat\u00f3w przewidziane s\u0105:<br \/>\n2-3 kr\u00f3tsze przerwy na kaw\u0119\/herbat\u0119<br \/>\n1 przerwa lunchowa (lunch we w\u0142asnym zakresie)<\/p>\n<\/div>\n<\/div>\n","protected":false},"featured_media":1991,"comment_status":"open","ping_status":"closed","template":"","meta":{"site-sidebar-layout":"default","site-content-layout":"","ast-site-content-layout":"default","site-content-style":"default","site-sidebar-style":"default","ast-global-header-display":"","ast-banner-title-visibility":"","ast-main-header-display":"","ast-hfb-above-header-display":"","ast-hfb-below-header-display":"","ast-hfb-mobile-header-display":"","site-post-title":"","ast-breadcrumbs-content":"","ast-featured-img":"","footer-sml-layout":"","ast-disable-related-posts":"","theme-transparent-header-meta":"default","adv-header-id-meta":"","stick-header-meta":"","header-above-stick-meta":"","header-main-stick-meta":"","header-below-stick-meta":"","astra-migrate-meta-layouts":"set","ast-page-background-enabled":"default","ast-page-background-meta":{"desktop":{"background-color":"var(--ast-global-color-4)","background-image":"","background-repeat":"repeat","background-position":"center center","background-size":"auto","background-attachment":"scroll","background-type":"","background-media":"","overlay-type":"","overlay-color":"","overlay-opacity":"","overlay-gradient":""},"tablet":{"background-color":"","background-image":"","background-repeat":"repeat","background-position":"center center","background-size":"auto","background-attachment":"scroll","background-type":"","background-media":"","overlay-type":"","overlay-color":"","overlay-opacity":"","overlay-gradient":""},"mobile":{"background-color":"","background-image":"","background-repeat":"repeat","background-position":"center center","background-size":"auto","background-attachment":"scroll","background-type":"","background-media":"","overlay-type":"","overlay-color":"","overlay-opacity":"","overlay-gradient":""}},"ast-content-background-meta":{"desktop":{"background-color":"var(--ast-global-color-5)","background-image":"","background-repeat":"repeat","background-position":"center center","background-size":"auto","background-attachment":"scroll","background-type":"","background-media":"","overlay-type":"","overlay-color":"","overlay-opacity":"","overlay-gradient":""},"tablet":{"background-color":"var(--ast-global-color-5)","background-image":"","background-repeat":"repeat","background-position":"center center","background-size":"auto","background-attachment":"scroll","background-type":"","background-media":"","overlay-type":"","overlay-color":"","overlay-opacity":"","overlay-gradient":""},"mobile":{"background-color":"var(--ast-global-color-5)","background-image":"","background-repeat":"repeat","background-position":"center center","background-size":"auto","background-attachment":"scroll","background-type":"","background-media":"","overlay-type":"","overlay-color":"","overlay-opacity":"","overlay-gradient":""}}},"product_brand":[],"product_cat":[19],"product_tag":[],"class_list":{"0":"post-1055","1":"product","2":"type-product","3":"status-publish","4":"has-post-thumbnail","6":"product_cat-stacjonarne","7":"desktop-align-left","8":"tablet-align-left","9":"mobile-align-left","11":"first","12":"outofstock","13":"taxable","14":"shipping-taxable","15":"product-type-variable"},"yoast_head":"<!-- This site is optimized with the Yoast SEO plugin v27.4 - https:\/\/yoast.com\/product\/yoast-seo-wordpress\/ -->\n<title>Retusz Reklamowy (E-commerce) - Warsztaty House of Retouching<\/title>\n<meta name=\"robots\" content=\"index, follow, max-snippet:-1, max-image-preview:large, max-video-preview:-1\" \/>\n<link rel=\"canonical\" href=\"https:\/\/houseofretouching.com\/warsztaty\/produkt\/retusz-reklamowy-ecommerce\/\" \/>\n<meta property=\"og:locale\" content=\"pl_PL\" \/>\n<meta property=\"og:type\" content=\"article\" \/>\n<meta property=\"og:title\" content=\"Retusz Reklamowy (E-commerce) - Warsztaty House of Retouching\" \/>\n<meta property=\"og:description\" content=\"Nasze warsztaty &quot;Retusz Reklamowy (E-commerce)&quot; to kompleksowe szkolenie, kt\u00f3re pozwoli Ci zdoby\u0107 umiej\u0119tno\u015bci niezb\u0119dne do profesjonalnej obr\u00f3bki zdj\u0119\u0107 produktowych na potrzeby zastosowa\u0144 e-commerce. To nie tylko nauka technik, ale r\u00f3wnie\u017c umiej\u0119tno\u015bci \u015bwiadomego podejmowania decyzji w retuszu e-comm. Bez wzgl\u0119du na to, czy jeste\u015b pocz\u0105tkuj\u0105cym retuszerem, czy masz ju\u017c do\u015bwiadczenie, te warsztaty pomog\u0105 Ci zorganizowa\u0107 i udoskonali\u0107 sw\u00f3j warsztat.   Warsztaty jednodniowe 8 godzin (sobota 9:00-17:00)      Lokalizacja: studio House of Retouching ul. Grabowskiego 8\/6, Krak\u00f3w      W trakcie warsztat\u00f3w przewidziane s\u0105: 2-3 kr\u00f3tsze przerwy na kaw\u0119\/herbat\u0119 1 przerwa lunchowa (lunch we w\u0142asnym zakresie)\" \/>\n<meta property=\"og:url\" content=\"https:\/\/houseofretouching.com\/warsztaty\/produkt\/retusz-reklamowy-ecommerce\/\" \/>\n<meta property=\"og:site_name\" content=\"Warsztaty House of Retouching\" \/>\n<meta property=\"article:modified_time\" content=\"2025-04-29T08:35:22+00:00\" \/>\n<meta property=\"og:image\" content=\"https:\/\/houseofretouching.com\/warsztaty\/wp-content\/uploads\/2023\/10\/Retusz-reklamowy.jpg\" \/>\n\t<meta property=\"og:image:width\" content=\"1200\" \/>\n\t<meta property=\"og:image:height\" content=\"1200\" \/>\n\t<meta property=\"og:image:type\" content=\"image\/jpeg\" \/>\n<meta name=\"twitter:card\" content=\"summary_large_image\" \/>\n<meta name=\"twitter:label1\" content=\"Szacowany czas czytania\" \/>\n\t<meta name=\"twitter:data1\" content=\"3 minuty\" \/>\n<script type=\"application\/ld+json\" class=\"yoast-schema-graph\">{\"@context\":\"https:\\\/\\\/schema.org\",\"@graph\":[{\"@type\":\"WebPage\",\"@id\":\"https:\\\/\\\/houseofretouching.com\\\/warsztaty\\\/produkt\\\/retusz-reklamowy-ecommerce\\\/\",\"url\":\"https:\\\/\\\/houseofretouching.com\\\/warsztaty\\\/produkt\\\/retusz-reklamowy-ecommerce\\\/\",\"name\":\"Retusz Reklamowy (E-commerce) - Warsztaty House of Retouching\",\"isPartOf\":{\"@id\":\"https:\\\/\\\/houseofretouching.com\\\/warsztaty\\\/#website\"},\"primaryImageOfPage\":{\"@id\":\"https:\\\/\\\/houseofretouching.com\\\/warsztaty\\\/produkt\\\/retusz-reklamowy-ecommerce\\\/#primaryimage\"},\"image\":{\"@id\":\"https:\\\/\\\/houseofretouching.com\\\/warsztaty\\\/produkt\\\/retusz-reklamowy-ecommerce\\\/#primaryimage\"},\"thumbnailUrl\":\"https:\\\/\\\/houseofretouching.com\\\/warsztaty\\\/wp-content\\\/uploads\\\/2023\\\/10\\\/Retusz-reklamowy.jpg\",\"datePublished\":\"2023-10-31T10:04:33+00:00\",\"dateModified\":\"2025-04-29T08:35:22+00:00\",\"breadcrumb\":{\"@id\":\"https:\\\/\\\/houseofretouching.com\\\/warsztaty\\\/produkt\\\/retusz-reklamowy-ecommerce\\\/#breadcrumb\"},\"inLanguage\":\"pl-PL\",\"potentialAction\":[{\"@type\":\"ReadAction\",\"target\":[\"https:\\\/\\\/houseofretouching.com\\\/warsztaty\\\/produkt\\\/retusz-reklamowy-ecommerce\\\/\"]}]},{\"@type\":\"ImageObject\",\"inLanguage\":\"pl-PL\",\"@id\":\"https:\\\/\\\/houseofretouching.com\\\/warsztaty\\\/produkt\\\/retusz-reklamowy-ecommerce\\\/#primaryimage\",\"url\":\"https:\\\/\\\/houseofretouching.com\\\/warsztaty\\\/wp-content\\\/uploads\\\/2023\\\/10\\\/Retusz-reklamowy.jpg\",\"contentUrl\":\"https:\\\/\\\/houseofretouching.com\\\/warsztaty\\\/wp-content\\\/uploads\\\/2023\\\/10\\\/Retusz-reklamowy.jpg\",\"width\":1200,\"height\":1200,\"caption\":\"Warsztaty z retuszu reklamowego\"},{\"@type\":\"BreadcrumbList\",\"@id\":\"https:\\\/\\\/houseofretouching.com\\\/warsztaty\\\/produkt\\\/retusz-reklamowy-ecommerce\\\/#breadcrumb\",\"itemListElement\":[{\"@type\":\"ListItem\",\"position\":1,\"name\":\"Strona g\u0142\u00f3wna\",\"item\":\"https:\\\/\\\/houseofretouching.com\\\/warsztaty\\\/\"},{\"@type\":\"ListItem\",\"position\":2,\"name\":\"Sklep\",\"item\":\"https:\\\/\\\/houseofretouching.com\\\/warsztaty\\\/sklep\\\/\"},{\"@type\":\"ListItem\",\"position\":3,\"name\":\"Retusz Reklamowy (E-commerce)\"}]},{\"@type\":\"WebSite\",\"@id\":\"https:\\\/\\\/houseofretouching.com\\\/warsztaty\\\/#website\",\"url\":\"https:\\\/\\\/houseofretouching.com\\\/warsztaty\\\/\",\"name\":\"Warsztaty House of Retouching\",\"description\":\"\",\"publisher\":{\"@id\":\"https:\\\/\\\/houseofretouching.com\\\/warsztaty\\\/#organization\"},\"potentialAction\":[{\"@type\":\"SearchAction\",\"target\":{\"@type\":\"EntryPoint\",\"urlTemplate\":\"https:\\\/\\\/houseofretouching.com\\\/warsztaty\\\/?s={search_term_string}\"},\"query-input\":{\"@type\":\"PropertyValueSpecification\",\"valueRequired\":true,\"valueName\":\"search_term_string\"}}],\"inLanguage\":\"pl-PL\"},{\"@type\":\"Organization\",\"@id\":\"https:\\\/\\\/houseofretouching.com\\\/warsztaty\\\/#organization\",\"name\":\"Warsztaty House of Retouching\",\"url\":\"https:\\\/\\\/houseofretouching.com\\\/warsztaty\\\/\",\"logo\":{\"@type\":\"ImageObject\",\"inLanguage\":\"pl-PL\",\"@id\":\"https:\\\/\\\/houseofretouching.com\\\/warsztaty\\\/#\\\/schema\\\/logo\\\/image\\\/\",\"url\":\"https:\\\/\\\/houseofretouching.com\\\/warsztaty\\\/wp-content\\\/uploads\\\/2023\\\/10\\\/hofr-logo-primary.svg\",\"contentUrl\":\"https:\\\/\\\/houseofretouching.com\\\/warsztaty\\\/wp-content\\\/uploads\\\/2023\\\/10\\\/hofr-logo-primary.svg\",\"width\":300,\"height\":20,\"caption\":\"Warsztaty House of Retouching\"},\"image\":{\"@id\":\"https:\\\/\\\/houseofretouching.com\\\/warsztaty\\\/#\\\/schema\\\/logo\\\/image\\\/\"}}]}<\/script>\n<!-- \/ Yoast SEO plugin. -->","yoast_head_json":{"title":"Retusz Reklamowy (E-commerce) - Warsztaty House of Retouching","robots":{"index":"index","follow":"follow","max-snippet":"max-snippet:-1","max-image-preview":"max-image-preview:large","max-video-preview":"max-video-preview:-1"},"canonical":"https:\/\/houseofretouching.com\/warsztaty\/produkt\/retusz-reklamowy-ecommerce\/","og_locale":"pl_PL","og_type":"article","og_title":"Retusz Reklamowy (E-commerce) - Warsztaty House of Retouching","og_description":"Nasze warsztaty \"Retusz Reklamowy (E-commerce)\" to kompleksowe szkolenie, kt\u00f3re pozwoli Ci zdoby\u0107 umiej\u0119tno\u015bci niezb\u0119dne do profesjonalnej obr\u00f3bki zdj\u0119\u0107 produktowych na potrzeby zastosowa\u0144 e-commerce. To nie tylko nauka technik, ale r\u00f3wnie\u017c umiej\u0119tno\u015bci \u015bwiadomego podejmowania decyzji w retuszu e-comm. Bez wzgl\u0119du na to, czy jeste\u015b pocz\u0105tkuj\u0105cym retuszerem, czy masz ju\u017c do\u015bwiadczenie, te warsztaty pomog\u0105 Ci zorganizowa\u0107 i udoskonali\u0107 sw\u00f3j warsztat.   Warsztaty jednodniowe 8 godzin (sobota 9:00-17:00)      Lokalizacja: studio House of Retouching ul. Grabowskiego 8\/6, Krak\u00f3w      W trakcie warsztat\u00f3w przewidziane s\u0105: 2-3 kr\u00f3tsze przerwy na kaw\u0119\/herbat\u0119 1 przerwa lunchowa (lunch we w\u0142asnym zakresie)","og_url":"https:\/\/houseofretouching.com\/warsztaty\/produkt\/retusz-reklamowy-ecommerce\/","og_site_name":"Warsztaty House of Retouching","article_modified_time":"2025-04-29T08:35:22+00:00","og_image":[{"width":1200,"height":1200,"url":"https:\/\/houseofretouching.com\/warsztaty\/wp-content\/uploads\/2023\/10\/Retusz-reklamowy.jpg","type":"image\/jpeg"}],"twitter_card":"summary_large_image","twitter_misc":{"Szacowany czas czytania":"3 minuty"},"schema":{"@context":"https:\/\/schema.org","@graph":[{"@type":"WebPage","@id":"https:\/\/houseofretouching.com\/warsztaty\/produkt\/retusz-reklamowy-ecommerce\/","url":"https:\/\/houseofretouching.com\/warsztaty\/produkt\/retusz-reklamowy-ecommerce\/","name":"Retusz Reklamowy (E-commerce) - Warsztaty House of Retouching","isPartOf":{"@id":"https:\/\/houseofretouching.com\/warsztaty\/#website"},"primaryImageOfPage":{"@id":"https:\/\/houseofretouching.com\/warsztaty\/produkt\/retusz-reklamowy-ecommerce\/#primaryimage"},"image":{"@id":"https:\/\/houseofretouching.com\/warsztaty\/produkt\/retusz-reklamowy-ecommerce\/#primaryimage"},"thumbnailUrl":"https:\/\/houseofretouching.com\/warsztaty\/wp-content\/uploads\/2023\/10\/Retusz-reklamowy.jpg","datePublished":"2023-10-31T10:04:33+00:00","dateModified":"2025-04-29T08:35:22+00:00","breadcrumb":{"@id":"https:\/\/houseofretouching.com\/warsztaty\/produkt\/retusz-reklamowy-ecommerce\/#breadcrumb"},"inLanguage":"pl-PL","potentialAction":[{"@type":"ReadAction","target":["https:\/\/houseofretouching.com\/warsztaty\/produkt\/retusz-reklamowy-ecommerce\/"]}]},{"@type":"ImageObject","inLanguage":"pl-PL","@id":"https:\/\/houseofretouching.com\/warsztaty\/produkt\/retusz-reklamowy-ecommerce\/#primaryimage","url":"https:\/\/houseofretouching.com\/warsztaty\/wp-content\/uploads\/2023\/10\/Retusz-reklamowy.jpg","contentUrl":"https:\/\/houseofretouching.com\/warsztaty\/wp-content\/uploads\/2023\/10\/Retusz-reklamowy.jpg","width":1200,"height":1200,"caption":"Warsztaty z retuszu reklamowego"},{"@type":"BreadcrumbList","@id":"https:\/\/houseofretouching.com\/warsztaty\/produkt\/retusz-reklamowy-ecommerce\/#breadcrumb","itemListElement":[{"@type":"ListItem","position":1,"name":"Strona g\u0142\u00f3wna","item":"https:\/\/houseofretouching.com\/warsztaty\/"},{"@type":"ListItem","position":2,"name":"Sklep","item":"https:\/\/houseofretouching.com\/warsztaty\/sklep\/"},{"@type":"ListItem","position":3,"name":"Retusz Reklamowy (E-commerce)"}]},{"@type":"WebSite","@id":"https:\/\/houseofretouching.com\/warsztaty\/#website","url":"https:\/\/houseofretouching.com\/warsztaty\/","name":"Warsztaty House of Retouching","description":"","publisher":{"@id":"https:\/\/houseofretouching.com\/warsztaty\/#organization"},"potentialAction":[{"@type":"SearchAction","target":{"@type":"EntryPoint","urlTemplate":"https:\/\/houseofretouching.com\/warsztaty\/?s={search_term_string}"},"query-input":{"@type":"PropertyValueSpecification","valueRequired":true,"valueName":"search_term_string"}}],"inLanguage":"pl-PL"},{"@type":"Organization","@id":"https:\/\/houseofretouching.com\/warsztaty\/#organization","name":"Warsztaty House of Retouching","url":"https:\/\/houseofretouching.com\/warsztaty\/","logo":{"@type":"ImageObject","inLanguage":"pl-PL","@id":"https:\/\/houseofretouching.com\/warsztaty\/#\/schema\/logo\/image\/","url":"https:\/\/houseofretouching.com\/warsztaty\/wp-content\/uploads\/2023\/10\/hofr-logo-primary.svg","contentUrl":"https:\/\/houseofretouching.com\/warsztaty\/wp-content\/uploads\/2023\/10\/hofr-logo-primary.svg","width":300,"height":20,"caption":"Warsztaty House of Retouching"},"image":{"@id":"https:\/\/houseofretouching.com\/warsztaty\/#\/schema\/logo\/image\/"}}]}},"_links":{"self":[{"href":"https:\/\/houseofretouching.com\/warsztaty\/wp-json\/wp\/v2\/product\/1055","targetHints":{"allow":["GET"]}}],"collection":[{"href":"https:\/\/houseofretouching.com\/warsztaty\/wp-json\/wp\/v2\/product"}],"about":[{"href":"https:\/\/houseofretouching.com\/warsztaty\/wp-json\/wp\/v2\/types\/product"}],"replies":[{"embeddable":true,"href":"https:\/\/houseofretouching.com\/warsztaty\/wp-json\/wp\/v2\/comments?post=1055"}],"wp:featuredmedia":[{"embeddable":true,"href":"https:\/\/houseofretouching.com\/warsztaty\/wp-json\/wp\/v2\/media\/1991"}],"wp:attachment":[{"href":"https:\/\/houseofretouching.com\/warsztaty\/wp-json\/wp\/v2\/media?parent=1055"}],"wp:term":[{"taxonomy":"product_brand","embeddable":true,"href":"https:\/\/houseofretouching.com\/warsztaty\/wp-json\/wp\/v2\/product_brand?post=1055"},{"taxonomy":"product_cat","embeddable":true,"href":"https:\/\/houseofretouching.com\/warsztaty\/wp-json\/wp\/v2\/product_cat?post=1055"},{"taxonomy":"product_tag","embeddable":true,"href":"https:\/\/houseofretouching.com\/warsztaty\/wp-json\/wp\/v2\/product_tag?post=1055"}],"curies":[{"name":"wp","href":"https:\/\/api.w.org\/{rel}","templated":true}]}}