{"id":1049,"date":"2023-10-31T10:06:13","date_gmt":"2023-10-31T09:06:13","guid":{"rendered":"https:\/\/houseofretouching.com\/warsztaty\/?post_type=product&#038;p=1049"},"modified":"2026-01-19T09:28:53","modified_gmt":"2026-01-19T08:28:53","slug":"kurs-postprodukcja-fotograficzna-adobe-photoshop","status":"publish","type":"product","link":"https:\/\/houseofretouching.com\/warsztaty\/produkt\/kurs-postprodukcja-fotograficzna-adobe-photoshop\/","title":{"rendered":"Postprodukcja fotograficzna w Adobe Photoshop"},"content":{"rendered":"<div class=\"pp\">\n<div class=\"pp-container\">\n<div class=\"pp-two-columns pp-mb-xxl\">\n<p class=\"pp-text-1\">Czego si\u0119 nauczysz?<\/p>\n<div>\n<p class=\"pp-text-3 pp-mb-l\">Celem warsztat\u00f3w nie jest nauczenie Was od podstaw obs\u0142ugi programu Photoshop, lecz <span class=\"pp-text-accent\">ca\u0142ego procesu postprodukcji fotograficznej<\/span> w oparciu o workflow wypracowany przez House of Retouching.<\/p>\n<p class=\"pp-text-body pp-mb-l\">Wsp\u00f3lnie z nami przejdziecie krok po kroku przez ca\u0142\u0105 drog\u0119 od pliku RAW, a\u017c do wypuszczenia pliku ko\u0144cowego. Nauczymy Was jak retuszowa\u0107 metodami niedestrukcyjnymi oraz poka\u017cemy jak mo\u017cecie pracowa\u0107 nad zdj\u0119ciami w ramach zespo\u0142\u00f3w.<\/p>\n<p class=\"pp-text-body\">Na warsztatach wszyscy b\u0119dziecie pracowa\u0107 z tym samym zdj\u0119ciem, w stylu kolorystycznym, kt\u00f3ry sami stworzycie lub wybierzecie spo\u015br\u00f3d stworzonych przez HofR. Efektem ca\u0142ego dnia Waszej pracy b\u0119dzie zdj\u0119cie poddane wieloetapowemu i szczeg\u00f3\u0142owemu procesowi postprodukcji wed\u0142ug metodologii i know-how House of Retouching, ale uj\u0119te z r\u00f3\u017cnych punkt\u00f3w widzenia uczestnik\u00f3w.<\/p>\n<\/div>\n<\/div>\n<div class=\"pp-mb-xl\">\n<p class=\"pp-text-body pp-mb-xs\">Program<\/p>\n<p class=\"pp-text-2\">W ramach <span class=\"pp-text-accent\">warsztat\u00f3w<\/span> poruszymy nast\u0119puj\u0105ce tematy:<\/p>\n<\/div>\n<div class=\"pp-three-columns\">\n<div class=\"pp-grid-item\">\n<p class=\"pp-text-body pp-mb-xs\">[01]<\/p>\n<p class=\"pp-text-3 pp-mb-m\">Analiza obrazu<\/p>\n<ul class=\"pp-list-unordered\">\n<li class=\"pp-text-body\">Analiza generalna pod ka\u0328tem wytycznych klienta, fotografa, brandu, generalnej idei dla zdj\u0119cia.<\/li>\n<li class=\"pp-text-body\">Analiza pomniejszych element\u00f3w oraz pod k\u0105tem poszczeg\u00f3lnych etap\u00f3w pracy nad zdj\u0119ciem \u2013 co nale\u017cy poprawi\u0107, w kt\u00f3re miejsca nale\u017ca\u0142oby ingerowa\u0107 czy co usun\u0105\u0107.<\/li>\n<li class=\"pp-text-body\">Na jakich etapach oraz kt\u00f3re korekcje najlepiej zastosowac\u0301.<\/li>\n<\/ul>\n<\/div>\n<div class=\"pp-grid-item\">\n<p class=\"pp-text-body pp-mb-xs\">[02]<\/p>\n<p class=\"pp-text-3 pp-mb-m\">Styl kolorystyczny.<\/p>\n<p class=\"pp-text-body\">Tworzenie\/ wyb\u00f3r stylu wed\u0142ug preferencji kaz\u0307dego z uczestnik\u00f3w.<\/p>\n<\/div>\n<div class=\"pp-grid-item\">\n<p class=\"pp-text-body pp-mb-xs\">[03]<\/p>\n<p class=\"pp-text-3 pp-mb-m\">Wo\u0142anie plik\u00f3w, preferowane parametry.<\/p>\n<p class=\"pp-text-body\">Wo\u0142anie wielu ekspozycji, jakie parametry i dlaczego.<\/p>\n<\/div>\n<div class=\"pp-grid-item\">\n<p class=\"pp-text-body pp-mb-xs\">[04]<\/p>\n<p class=\"pp-text-3 pp-mb-m\">Techniczne ustawienia narz\u0119dzi.<\/p>\n<ul class=\"pp-list-unordered\">\n<li class=\"pp-text-body\">Zanim zaczniemy, podstawowe ustawienia w PS.<\/li>\n<li class=\"pp-text-body\">Kontrola przestrzeni kolorystycznych.<\/li>\n<li class=\"pp-text-body\">Tablet graficzny i jego zwi\u0105zek z prac\u0105 w Photoshopie.<\/li>\n<li class=\"pp-text-body\">Ustawienia podstawowych narz\u0119dzi retuszerskich dost\u0119pnych w programie Photoshop.<\/li>\n<li class=\"pp-text-body\">Operacje i inne u\u0142atwiacze (automatyzacja).<\/li>\n<\/ul>\n<\/div>\n<div class=\"pp-grid-item\">\n<p class=\"pp-text-body pp-mb-xs\">[05]<\/p>\n<p class=\"pp-text-3 pp-mb-m\">Budowanie podstawowej ekspozycji oraz kontrolowanie os\u0301wietlenia.<\/p>\n<ul class=\"pp-list-unordered\">\n<li class=\"pp-text-body\">Korygowanie os\u0301wietlenia \u201cglobalnego\u201d.<\/li>\n<li class=\"pp-text-body\">Kierowanie wzrokiem widza poprzez budowanie sceny.<\/li>\n<li class=\"pp-text-body\">Kreatywne odzyskiwanie szczeg\u00f3\u0142\u00f3w z cieni i s\u0301wiate\u0142.<\/li>\n<li class=\"pp-text-body\">Praca nad kszta\u0142tem oraz przestrzennos\u0301cia\u0328 poprzez korekcje\u0328 s\u0301wiat\u0142ocienia.<\/li>\n<\/ul>\n<\/div>\n<div class=\"pp-grid-item\">\n<p class=\"pp-text-body pp-mb-xs\">[06]<\/p>\n<p class=\"pp-text-3 pp-mb-m\">Retusz \u2013 Co, gdzie, jak i kiedy? Przejmujemy kontrol\u0119!<\/p>\n<ul class=\"pp-list-unordered\">\n<li class=\"pp-text-body\">Kolejnos\u0301c\u0301 r\u00f3z\u0307nych warstw retuszu poszczeg\u00f3lnych aspekt\u00f3w zdje\u0328cia.<\/li>\n<li class=\"pp-text-body\">Spos\u00f3b oraz poziom wymaganego retuszu.<\/li>\n<li class=\"pp-text-body\">Zagroz\u0307enia, czyli m.in. jak utrzymac\u0301 strukture\u0328.<\/li>\n<li class=\"pp-text-body\">Zalety korygowania struktury i s\u0301wiat\u0142ocienia w skali 100% oraz innych skalach.<\/li>\n<\/ul>\n<\/div>\n<div class=\"pp-grid-item\">\n<p class=\"pp-text-body pp-mb-xs\">[07]<\/p>\n<p class=\"pp-text-3 pp-mb-m\">Lokalne korekcje kolorystyczne.<\/p>\n<ul class=\"pp-list-unordered\">\n<li class=\"pp-text-body\">Dbanie o utrzymanie wiernos\u0301cci pierwotnej idei klimatu zdje\u0328cia.<\/li>\n<\/ul>\n<\/div>\n<div class=\"pp-grid-item\">\n<p class=\"pp-text-body pp-mb-xs\">[08]<\/p>\n<p class=\"pp-text-3 pp-mb-m\">Niezbe\u0328dne zmiany kszta\u0142tu plus ewentualne transformacje.<\/p>\n<ul class=\"pp-list-unordered\">\n<li class=\"pp-text-body\">Niezbe\u0328dne korekcje kszta\u0142t\u00f3w i ich zagroz\u0307enia.<\/li>\n<li class=\"pp-text-body\">Jak zachowa\u0107 naturalno\u015b\u0107.<\/li>\n<\/ul>\n<\/div>\n<div class=\"pp-grid-item\">\n<p class=\"pp-text-body pp-mb-xs\">[09]<\/p>\n<p class=\"pp-text-3 pp-mb-m\">Na koniec.<\/p>\n<ul class=\"pp-list-unordered\">\n<li class=\"pp-text-body\">Przeanalizowanie powsta\u0142ego pliku, hierarchii warstw.<\/li>\n<li class=\"pp-text-body\">Praca w grupach nad jednym zdje\u0328ciem, dyskusja o jej zaletach i wadach, dyscyplina pracy i zachowanie okres\u0301lonej struktury pliku jako klucz do sukcesu.<\/li>\n<\/ul>\n<\/div>\n<\/div>\n<p class=\"pp-text-body\">Jes\u0301li czas pozwoli wsp\u00f3lnie por\u00f3wnamy prace\u0328 uczestnik\u00f3w, om\u00f3wimy zasadnicze r\u00f3z\u0307nice, ewentualne b\u0142e\u0328dy ale przede wszystkim sukcesy.<\/p>\n<\/div>\n<div class=\"pp-two-columns-2\">\n<div class=\"pp-container pp-bg-2\">\n<div class=\"pp-mb-xl\">\n<p class=\"pp-text-body pp-mb-xs pp-text-white\">Wa\u017cne!<\/p>\n<p class=\"pp-text-1 pp-text-white\">Co musisz<br \/>\nwiedzie\u0107?<\/p>\n<\/div>\n<div class=\"pp-two-columns\">\n<div class=\"pp-grid-item-2\">\n<p class=\"pp-text-body pp-mb-xs\">[01]<\/p>\n<p class=\"pp-text-3 pp-mb-m pp-text-white\">Czy warsztaty s\u0105 dla\u00a0mnie?<\/p>\n<p class=\"pp-text-body\">Warsztaty nie s\u0105 przeznaczone dla os\u00f3b ca\u0142kiem pocz\u0105tkuj\u0105cych. Wymagana jest znajomo\u015b\u0107 podstaw dzia\u0142ania najnowszej wersji programu Adobe Photoshop.<\/p>\n<\/div>\n<div class=\"pp-grid-item-2\">\n<p class=\"pp-text-body pp-mb-xs\">[02]<\/p>\n<p class=\"pp-text-3 pp-mb-m pp-text-white\">Minimalna liczba os\u00f3b bior\u0105ca udzia\u0142 w\u00a0warsztatach.<\/p>\n<p class=\"pp-text-body\">Warunkiem ruszenia warsztat\u00f3w w okre\u015blonym terminie jest uzbieranie si\u0119 minimum 4 os\u00f3b ch\u0119tnych.<\/p>\n<p class=\"pp-text-body\">Przeczytaj: <a class=\"pp-link pp-text-bold\" href=\"https:\/\/houseofretouching.com\/warsztaty\/regulamin\/\">Regulamin warsztat\u00f3w<\/a><\/p>\n<\/div>\n<div class=\"pp-grid-item-2\">\n<p class=\"pp-text-body pp-mb-xs\">[03]<\/p>\n<p class=\"pp-text-3 pp-mb-m pp-text-white\">Rezygnacja z udzia\u0142u w\u00a0warsztatach<\/p>\n<p class=\"pp-text-body\">Mo\u017cesz bezp\u0142atnie zrezygnowa\u0107 z udzia\u0142u w wykupionych warsztatach w terminie 14 dni od daty zakupu. Wyj\u0105tkiem jest sytuacja, kiedy kupisz udzia\u0142 w warsztatach p\u00f3\u017aniej ni\u017c 14 dni przed ich rozpocz\u0119ciem.<\/p>\n<p class=\"pp-text-body\">Przeczytaj: <a class=\"pp-link pp-text-bold\" href=\"https:\/\/houseofretouching.com\/warsztaty\/regulamin\/\">Regulamin warsztat\u00f3w<\/a><\/p>\n<\/div>\n<div class=\"pp-grid-item-2\">\n<p class=\"pp-text-body pp-mb-xs\">[04]<\/p>\n<p class=\"pp-text-3 pp-mb-m pp-text-white\">Warsztaty odbywaj\u0105 si\u0119 stacjonarnie w\u00a0Krakowie.<\/p>\n<p class=\"pp-text-body\">Uczestnik\u00f3w warsztat\u00f3w zapraszamy do naszego studia zlokalizowanego w centrum Krakowa.<\/p>\n<\/div>\n<\/div>\n<\/div>\n<div class=\"pp-container pp-bg-3 pp-flex-ac-sb\">\n<div class=\"pp-mb-xxl\">\n<p class=\"pp-text-body pp-mb-xs pp-text-white\">Kontakt<\/p>\n<p class=\"pp-text-1 pp-mb-xl pp-text-white\">Masz pytania?<\/p>\n<p class=\"pp-text-body pp-mb-m\">Sprawd\u017a nasz\u0105 sekcj\u0119 FAQ, w kt\u00f3rej odpowiedzieli\u015bmy na najcz\u0119\u015bciej pojawiaj\u0105ce si\u0119 pytania.<\/p>\n<p><a class=\"pp-button pp-text-body pp-text-bold\" href=\"https:\/\/houseofretouching.com\/warsztaty\/#faq\">Zobacz FAQ<\/a><\/p>\n<\/div>\n<div>\n<p class=\"pp-text-body pp-mb-xs\">Nie znalaz\u0142e\u015b\/a\u015b odpowiedzi? Napisz do nas!<\/p>\n<p><a class=\"pp-text-3 pp-word-break pp-link-no-hover\" href=\"mailto:workshops@houseofretouching.com\">workshops@<br \/>\nhouseofretouching.com<\/a><\/p>\n<\/div>\n<\/div>\n<\/div>\n<\/div>\n","protected":false},"excerpt":{"rendered":"<p>Zapisz si\u0119 na kurs Photoshop z \u015bwiatowej klasy retuszerami. Nie nauczymy Ci\u0119 od podstaw obs\u0142ugi programu Adobe Photoshop, lecz ca\u0142ego procesu postprodukcji fotograficznej w oparciu o workflow wypracowany przez House of Retouching. Razem przejdziemy krok po kroku przez ca\u0142\u0105 drog\u0119 od pliku RAW, a\u017c do wypuszczenia pliku ko\u0144cowego. Nauczymy Ci\u0119 jak retuszowa\u0107 metodami niedestrukcyjnymi oraz poka\u017cemy jak mo\u017cesz pracowa\u0107 nad zdj\u0119ciami w zespole.<\/p>\n","protected":false},"featured_media":1992,"comment_status":"open","ping_status":"closed","template":"","meta":{"site-sidebar-layout":"default","site-content-layout":"","ast-site-content-layout":"default","site-content-style":"default","site-sidebar-style":"default","ast-global-header-display":"","ast-banner-title-visibility":"","ast-main-header-display":"","ast-hfb-above-header-display":"","ast-hfb-below-header-display":"","ast-hfb-mobile-header-display":"","site-post-title":"","ast-breadcrumbs-content":"","ast-featured-img":"","footer-sml-layout":"","ast-disable-related-posts":"","theme-transparent-header-meta":"default","adv-header-id-meta":"","stick-header-meta":"","header-above-stick-meta":"","header-main-stick-meta":"","header-below-stick-meta":"","astra-migrate-meta-layouts":"set","ast-page-background-enabled":"default","ast-page-background-meta":{"desktop":{"background-color":"var(--ast-global-color-4)","background-image":"","background-repeat":"repeat","background-position":"center center","background-size":"auto","background-attachment":"scroll","background-type":"","background-media":"","overlay-type":"","overlay-color":"","overlay-opacity":"","overlay-gradient":""},"tablet":{"background-color":"","background-image":"","background-repeat":"repeat","background-position":"center center","background-size":"auto","background-attachment":"scroll","background-type":"","background-media":"","overlay-type":"","overlay-color":"","overlay-opacity":"","overlay-gradient":""},"mobile":{"background-color":"","background-image":"","background-repeat":"repeat","background-position":"center center","background-size":"auto","background-attachment":"scroll","background-type":"","background-media":"","overlay-type":"","overlay-color":"","overlay-opacity":"","overlay-gradient":""}},"ast-content-background-meta":{"desktop":{"background-color":"var(--ast-global-color-5)","background-image":"","background-repeat":"repeat","background-position":"center center","background-size":"auto","background-attachment":"scroll","background-type":"","background-media":"","overlay-type":"","overlay-color":"","overlay-opacity":"","overlay-gradient":""},"tablet":{"background-color":"var(--ast-global-color-5)","background-image":"","background-repeat":"repeat","background-position":"center center","background-size":"auto","background-attachment":"scroll","background-type":"","background-media":"","overlay-type":"","overlay-color":"","overlay-opacity":"","overlay-gradient":""},"mobile":{"background-color":"var(--ast-global-color-5)","background-image":"","background-repeat":"repeat","background-position":"center center","background-size":"auto","background-attachment":"scroll","background-type":"","background-media":"","overlay-type":"","overlay-color":"","overlay-opacity":"","overlay-gradient":""}}},"product_brand":[],"product_cat":[19],"product_tag":[],"class_list":{"0":"post-1049","1":"product","2":"type-product","3":"status-publish","4":"has-post-thumbnail","6":"product_cat-stacjonarne","7":"desktop-align-left","8":"tablet-align-left","9":"mobile-align-left","11":"first","12":"instock","13":"taxable","14":"shipping-taxable","15":"purchasable","16":"product-type-variable"},"yoast_head":"<!-- This site is optimized with the Yoast SEO plugin v27.4 - https:\/\/yoast.com\/product\/yoast-seo-wordpress\/ -->\n<title>Postprodukcja fotograficzna w Adobe Photoshop - Warsztaty House of Retouching<\/title>\n<meta name=\"robots\" content=\"index, follow, max-snippet:-1, max-image-preview:large, max-video-preview:-1\" \/>\n<link rel=\"canonical\" href=\"https:\/\/houseofretouching.com\/warsztaty\/produkt\/kurs-postprodukcja-fotograficzna-adobe-photoshop\/\" \/>\n<meta property=\"og:locale\" content=\"pl_PL\" \/>\n<meta property=\"og:type\" content=\"article\" \/>\n<meta property=\"og:title\" content=\"Postprodukcja fotograficzna w Adobe Photoshop - Warsztaty House of Retouching\" \/>\n<meta property=\"og:description\" content=\"Zapisz si\u0119 na kurs Photoshop z \u015bwiatowej klasy retuszerami. Nie nauczymy Ci\u0119 od podstaw obs\u0142ugi programu Adobe Photoshop, lecz ca\u0142ego procesu postprodukcji fotograficznej w oparciu o workflow wypracowany przez House of Retouching. Razem przejdziemy krok po kroku przez ca\u0142\u0105 drog\u0119 od pliku RAW, a\u017c do wypuszczenia pliku ko\u0144cowego. Nauczymy Ci\u0119 jak retuszowa\u0107 metodami niedestrukcyjnymi oraz poka\u017cemy jak mo\u017cesz pracowa\u0107 nad zdj\u0119ciami w zespole.\" \/>\n<meta property=\"og:url\" content=\"https:\/\/houseofretouching.com\/warsztaty\/produkt\/kurs-postprodukcja-fotograficzna-adobe-photoshop\/\" \/>\n<meta property=\"og:site_name\" content=\"Warsztaty House of Retouching\" \/>\n<meta property=\"article:modified_time\" content=\"2026-01-19T08:28:53+00:00\" \/>\n<meta property=\"og:image\" content=\"https:\/\/houseofretouching.com\/warsztaty\/wp-content\/uploads\/2023\/10\/Adobe-photoshop.jpg\" \/>\n\t<meta property=\"og:image:width\" content=\"1200\" \/>\n\t<meta property=\"og:image:height\" content=\"1200\" \/>\n\t<meta property=\"og:image:type\" content=\"image\/jpeg\" \/>\n<meta name=\"twitter:card\" content=\"summary_large_image\" \/>\n<meta name=\"twitter:label1\" content=\"Szacowany czas czytania\" \/>\n\t<meta name=\"twitter:data1\" content=\"4 minuty\" \/>\n<script type=\"application\/ld+json\" class=\"yoast-schema-graph\">{\"@context\":\"https:\\\/\\\/schema.org\",\"@graph\":[{\"@type\":\"WebPage\",\"@id\":\"https:\\\/\\\/houseofretouching.com\\\/warsztaty\\\/produkt\\\/kurs-postprodukcja-fotograficzna-adobe-photoshop\\\/\",\"url\":\"https:\\\/\\\/houseofretouching.com\\\/warsztaty\\\/produkt\\\/kurs-postprodukcja-fotograficzna-adobe-photoshop\\\/\",\"name\":\"Postprodukcja fotograficzna w Adobe Photoshop - Warsztaty House of Retouching\",\"isPartOf\":{\"@id\":\"https:\\\/\\\/houseofretouching.com\\\/warsztaty\\\/#website\"},\"primaryImageOfPage\":{\"@id\":\"https:\\\/\\\/houseofretouching.com\\\/warsztaty\\\/produkt\\\/kurs-postprodukcja-fotograficzna-adobe-photoshop\\\/#primaryimage\"},\"image\":{\"@id\":\"https:\\\/\\\/houseofretouching.com\\\/warsztaty\\\/produkt\\\/kurs-postprodukcja-fotograficzna-adobe-photoshop\\\/#primaryimage\"},\"thumbnailUrl\":\"https:\\\/\\\/houseofretouching.com\\\/warsztaty\\\/wp-content\\\/uploads\\\/2023\\\/10\\\/Adobe-photoshop.jpg\",\"datePublished\":\"2023-10-31T09:06:13+00:00\",\"dateModified\":\"2026-01-19T08:28:53+00:00\",\"breadcrumb\":{\"@id\":\"https:\\\/\\\/houseofretouching.com\\\/warsztaty\\\/produkt\\\/kurs-postprodukcja-fotograficzna-adobe-photoshop\\\/#breadcrumb\"},\"inLanguage\":\"pl-PL\",\"potentialAction\":[{\"@type\":\"ReadAction\",\"target\":[\"https:\\\/\\\/houseofretouching.com\\\/warsztaty\\\/produkt\\\/kurs-postprodukcja-fotograficzna-adobe-photoshop\\\/\"]}]},{\"@type\":\"ImageObject\",\"inLanguage\":\"pl-PL\",\"@id\":\"https:\\\/\\\/houseofretouching.com\\\/warsztaty\\\/produkt\\\/kurs-postprodukcja-fotograficzna-adobe-photoshop\\\/#primaryimage\",\"url\":\"https:\\\/\\\/houseofretouching.com\\\/warsztaty\\\/wp-content\\\/uploads\\\/2023\\\/10\\\/Adobe-photoshop.jpg\",\"contentUrl\":\"https:\\\/\\\/houseofretouching.com\\\/warsztaty\\\/wp-content\\\/uploads\\\/2023\\\/10\\\/Adobe-photoshop.jpg\",\"width\":1200,\"height\":1200,\"caption\":\"Warsztaty z postprodukcji fotografii w Adobe Photoshop\"},{\"@type\":\"BreadcrumbList\",\"@id\":\"https:\\\/\\\/houseofretouching.com\\\/warsztaty\\\/produkt\\\/kurs-postprodukcja-fotograficzna-adobe-photoshop\\\/#breadcrumb\",\"itemListElement\":[{\"@type\":\"ListItem\",\"position\":1,\"name\":\"Strona g\u0142\u00f3wna\",\"item\":\"https:\\\/\\\/houseofretouching.com\\\/warsztaty\\\/\"},{\"@type\":\"ListItem\",\"position\":2,\"name\":\"Sklep\",\"item\":\"https:\\\/\\\/houseofretouching.com\\\/warsztaty\\\/sklep\\\/\"},{\"@type\":\"ListItem\",\"position\":3,\"name\":\"Postprodukcja fotograficzna w Adobe Photoshop\"}]},{\"@type\":\"WebSite\",\"@id\":\"https:\\\/\\\/houseofretouching.com\\\/warsztaty\\\/#website\",\"url\":\"https:\\\/\\\/houseofretouching.com\\\/warsztaty\\\/\",\"name\":\"Warsztaty House of Retouching\",\"description\":\"\",\"publisher\":{\"@id\":\"https:\\\/\\\/houseofretouching.com\\\/warsztaty\\\/#organization\"},\"potentialAction\":[{\"@type\":\"SearchAction\",\"target\":{\"@type\":\"EntryPoint\",\"urlTemplate\":\"https:\\\/\\\/houseofretouching.com\\\/warsztaty\\\/?s={search_term_string}\"},\"query-input\":{\"@type\":\"PropertyValueSpecification\",\"valueRequired\":true,\"valueName\":\"search_term_string\"}}],\"inLanguage\":\"pl-PL\"},{\"@type\":\"Organization\",\"@id\":\"https:\\\/\\\/houseofretouching.com\\\/warsztaty\\\/#organization\",\"name\":\"Warsztaty House of Retouching\",\"url\":\"https:\\\/\\\/houseofretouching.com\\\/warsztaty\\\/\",\"logo\":{\"@type\":\"ImageObject\",\"inLanguage\":\"pl-PL\",\"@id\":\"https:\\\/\\\/houseofretouching.com\\\/warsztaty\\\/#\\\/schema\\\/logo\\\/image\\\/\",\"url\":\"https:\\\/\\\/houseofretouching.com\\\/warsztaty\\\/wp-content\\\/uploads\\\/2023\\\/10\\\/hofr-logo-primary.svg\",\"contentUrl\":\"https:\\\/\\\/houseofretouching.com\\\/warsztaty\\\/wp-content\\\/uploads\\\/2023\\\/10\\\/hofr-logo-primary.svg\",\"width\":300,\"height\":20,\"caption\":\"Warsztaty House of Retouching\"},\"image\":{\"@id\":\"https:\\\/\\\/houseofretouching.com\\\/warsztaty\\\/#\\\/schema\\\/logo\\\/image\\\/\"}}]}<\/script>\n<!-- \/ Yoast SEO plugin. -->","yoast_head_json":{"title":"Postprodukcja fotograficzna w Adobe Photoshop - Warsztaty House of Retouching","robots":{"index":"index","follow":"follow","max-snippet":"max-snippet:-1","max-image-preview":"max-image-preview:large","max-video-preview":"max-video-preview:-1"},"canonical":"https:\/\/houseofretouching.com\/warsztaty\/produkt\/kurs-postprodukcja-fotograficzna-adobe-photoshop\/","og_locale":"pl_PL","og_type":"article","og_title":"Postprodukcja fotograficzna w Adobe Photoshop - Warsztaty House of Retouching","og_description":"Zapisz si\u0119 na kurs Photoshop z \u015bwiatowej klasy retuszerami. Nie nauczymy Ci\u0119 od podstaw obs\u0142ugi programu Adobe Photoshop, lecz ca\u0142ego procesu postprodukcji fotograficznej w oparciu o workflow wypracowany przez House of Retouching. Razem przejdziemy krok po kroku przez ca\u0142\u0105 drog\u0119 od pliku RAW, a\u017c do wypuszczenia pliku ko\u0144cowego. Nauczymy Ci\u0119 jak retuszowa\u0107 metodami niedestrukcyjnymi oraz poka\u017cemy jak mo\u017cesz pracowa\u0107 nad zdj\u0119ciami w zespole.","og_url":"https:\/\/houseofretouching.com\/warsztaty\/produkt\/kurs-postprodukcja-fotograficzna-adobe-photoshop\/","og_site_name":"Warsztaty House of Retouching","article_modified_time":"2026-01-19T08:28:53+00:00","og_image":[{"width":1200,"height":1200,"url":"https:\/\/houseofretouching.com\/warsztaty\/wp-content\/uploads\/2023\/10\/Adobe-photoshop.jpg","type":"image\/jpeg"}],"twitter_card":"summary_large_image","twitter_misc":{"Szacowany czas czytania":"4 minuty"},"schema":{"@context":"https:\/\/schema.org","@graph":[{"@type":"WebPage","@id":"https:\/\/houseofretouching.com\/warsztaty\/produkt\/kurs-postprodukcja-fotograficzna-adobe-photoshop\/","url":"https:\/\/houseofretouching.com\/warsztaty\/produkt\/kurs-postprodukcja-fotograficzna-adobe-photoshop\/","name":"Postprodukcja fotograficzna w Adobe Photoshop - Warsztaty House of Retouching","isPartOf":{"@id":"https:\/\/houseofretouching.com\/warsztaty\/#website"},"primaryImageOfPage":{"@id":"https:\/\/houseofretouching.com\/warsztaty\/produkt\/kurs-postprodukcja-fotograficzna-adobe-photoshop\/#primaryimage"},"image":{"@id":"https:\/\/houseofretouching.com\/warsztaty\/produkt\/kurs-postprodukcja-fotograficzna-adobe-photoshop\/#primaryimage"},"thumbnailUrl":"https:\/\/houseofretouching.com\/warsztaty\/wp-content\/uploads\/2023\/10\/Adobe-photoshop.jpg","datePublished":"2023-10-31T09:06:13+00:00","dateModified":"2026-01-19T08:28:53+00:00","breadcrumb":{"@id":"https:\/\/houseofretouching.com\/warsztaty\/produkt\/kurs-postprodukcja-fotograficzna-adobe-photoshop\/#breadcrumb"},"inLanguage":"pl-PL","potentialAction":[{"@type":"ReadAction","target":["https:\/\/houseofretouching.com\/warsztaty\/produkt\/kurs-postprodukcja-fotograficzna-adobe-photoshop\/"]}]},{"@type":"ImageObject","inLanguage":"pl-PL","@id":"https:\/\/houseofretouching.com\/warsztaty\/produkt\/kurs-postprodukcja-fotograficzna-adobe-photoshop\/#primaryimage","url":"https:\/\/houseofretouching.com\/warsztaty\/wp-content\/uploads\/2023\/10\/Adobe-photoshop.jpg","contentUrl":"https:\/\/houseofretouching.com\/warsztaty\/wp-content\/uploads\/2023\/10\/Adobe-photoshop.jpg","width":1200,"height":1200,"caption":"Warsztaty z postprodukcji fotografii w Adobe Photoshop"},{"@type":"BreadcrumbList","@id":"https:\/\/houseofretouching.com\/warsztaty\/produkt\/kurs-postprodukcja-fotograficzna-adobe-photoshop\/#breadcrumb","itemListElement":[{"@type":"ListItem","position":1,"name":"Strona g\u0142\u00f3wna","item":"https:\/\/houseofretouching.com\/warsztaty\/"},{"@type":"ListItem","position":2,"name":"Sklep","item":"https:\/\/houseofretouching.com\/warsztaty\/sklep\/"},{"@type":"ListItem","position":3,"name":"Postprodukcja fotograficzna w Adobe Photoshop"}]},{"@type":"WebSite","@id":"https:\/\/houseofretouching.com\/warsztaty\/#website","url":"https:\/\/houseofretouching.com\/warsztaty\/","name":"Warsztaty House of Retouching","description":"","publisher":{"@id":"https:\/\/houseofretouching.com\/warsztaty\/#organization"},"potentialAction":[{"@type":"SearchAction","target":{"@type":"EntryPoint","urlTemplate":"https:\/\/houseofretouching.com\/warsztaty\/?s={search_term_string}"},"query-input":{"@type":"PropertyValueSpecification","valueRequired":true,"valueName":"search_term_string"}}],"inLanguage":"pl-PL"},{"@type":"Organization","@id":"https:\/\/houseofretouching.com\/warsztaty\/#organization","name":"Warsztaty House of Retouching","url":"https:\/\/houseofretouching.com\/warsztaty\/","logo":{"@type":"ImageObject","inLanguage":"pl-PL","@id":"https:\/\/houseofretouching.com\/warsztaty\/#\/schema\/logo\/image\/","url":"https:\/\/houseofretouching.com\/warsztaty\/wp-content\/uploads\/2023\/10\/hofr-logo-primary.svg","contentUrl":"https:\/\/houseofretouching.com\/warsztaty\/wp-content\/uploads\/2023\/10\/hofr-logo-primary.svg","width":300,"height":20,"caption":"Warsztaty House of Retouching"},"image":{"@id":"https:\/\/houseofretouching.com\/warsztaty\/#\/schema\/logo\/image\/"}}]}},"_links":{"self":[{"href":"https:\/\/houseofretouching.com\/warsztaty\/wp-json\/wp\/v2\/product\/1049","targetHints":{"allow":["GET"]}}],"collection":[{"href":"https:\/\/houseofretouching.com\/warsztaty\/wp-json\/wp\/v2\/product"}],"about":[{"href":"https:\/\/houseofretouching.com\/warsztaty\/wp-json\/wp\/v2\/types\/product"}],"replies":[{"embeddable":true,"href":"https:\/\/houseofretouching.com\/warsztaty\/wp-json\/wp\/v2\/comments?post=1049"}],"wp:featuredmedia":[{"embeddable":true,"href":"https:\/\/houseofretouching.com\/warsztaty\/wp-json\/wp\/v2\/media\/1992"}],"wp:attachment":[{"href":"https:\/\/houseofretouching.com\/warsztaty\/wp-json\/wp\/v2\/media?parent=1049"}],"wp:term":[{"taxonomy":"product_brand","embeddable":true,"href":"https:\/\/houseofretouching.com\/warsztaty\/wp-json\/wp\/v2\/product_brand?post=1049"},{"taxonomy":"product_cat","embeddable":true,"href":"https:\/\/houseofretouching.com\/warsztaty\/wp-json\/wp\/v2\/product_cat?post=1049"},{"taxonomy":"product_tag","embeddable":true,"href":"https:\/\/houseofretouching.com\/warsztaty\/wp-json\/wp\/v2\/product_tag?post=1049"}],"curies":[{"name":"wp","href":"https:\/\/api.w.org\/{rel}","templated":true}]}}