{"id":3121,"date":"2024-09-16T11:45:00","date_gmt":"2024-09-16T09:45:00","guid":{"rendered":"https:\/\/houseofretouching.com\/warsztaty\/?page_id=3121"},"modified":"2025-12-18T13:35:13","modified_gmt":"2025-12-18T12:35:13","slug":"indywidualne-konsultacje","status":"publish","type":"page","link":"https:\/\/houseofretouching.com\/warsztaty\/indywidualne-konsultacje\/","title":{"rendered":"Indywidualne konsultacje"},"content":{"rendered":"\n<h2 class=\"wp-block-heading has-text-align-center\">Warsztaty <span style=\"color: #CC1642;\">1:1<\/span><\/h2>\n\n\n\n<p class=\"has-text-align-center\"><strong>Wype\u0142nij formularz kontaktowy<\/strong>, a my odezwiemy si\u0119 do Ciebie, aby om\u00f3wi\u0107 szczeg\u00f3\u0142y i przedstawi\u0107 dopasowan\u0105 do Twoich oczekiwa\u0144 ofert\u0119.<\/p>\n\n\n\n<div style=\"height:80px\" aria-hidden=\"true\" class=\"wp-block-spacer\"><\/div>\n\n\n<p><div class=\"forminator-ui forminator-custom-form forminator-custom-form-3120 forminator-design--material  forminator_ajax\" data-forminator-render=\"0\" data-form=\"forminator-module-3120\" data-uid=\"69e7acc90180c\"><br\/><\/div><form\n\t\t\t\tid=\"forminator-module-3120\"\n\t\t\t\tclass=\"forminator-ui forminator-custom-form forminator-custom-form-3120 forminator-design--material  forminator_ajax\"\n\t\t\t\tmethod=\"post\"\n\t\t\t\tdata-forminator-render=\"0\"\n\t\t\t\tdata-form-id=\"3120\"\n\t\t\t\t data-color-option=\"default\" data-design=\"material\" data-grid=\"open\" style=\"display: none;\"\n\t\t\t\tdata-uid=\"69e7acc90180c\"\n\t\t\t><div role=\"alert\" aria-live=\"polite\" class=\"forminator-response-message forminator-error\" aria-hidden=\"true\"><\/div><div class=\"forminator-row\"><div id=\"name-1\" class=\"forminator-field-name forminator-col forminator-col-12 \"><div class=\"forminator-row forminator-no-margin\" data-multiple=\"true\"><div class=\"forminator-col forminator-col-md-6\"><div class=\"forminator-field\"><label for=\"forminator-field-first-name-1_69e7acc90180c\" id=\"forminator-field-first-name-1_69e7acc90180c-label\" class=\"forminator-label\">Imi\u0119 <span class=\"forminator-required\">*<\/span><\/label><input type=\"text\" name=\"name-1-first-name\" placeholder=\"Jan\" id=\"forminator-field-first-name-1_69e7acc90180c\" class=\"forminator-input\" aria-required=\"true\" data-multi=\"1\" autocomplete=\"given-name\" value=\"\" \/><\/div><\/div><div class=\"forminator-col forminator-col-md-6\"><div class=\"forminator-field\"><label for=\"forminator-field-last-name-1_69e7acc90180c\" id=\"forminator-field-last-name-1_69e7acc90180c-label\" class=\"forminator-label\">Nazwisko <span class=\"forminator-required\">*<\/span><\/label><input type=\"text\" name=\"name-1-last-name\" placeholder=\"Kowalski\" id=\"forminator-field-last-name-1_69e7acc90180c\" class=\"forminator-input\" aria-required=\"true\" data-multi=\"1\" autocomplete=\"family-name\" value=\"\" \/><\/div><\/div><\/div><\/div><\/div><div class=\"forminator-row\"><div id=\"phone-1\" class=\"forminator-field-phone forminator-col forminator-col-12 \"><div class=\"forminator-field\"><label for=\"forminator-field-phone-1_69e7acc90180c\" id=\"forminator-field-phone-1_69e7acc90180c-label\" class=\"forminator-label\">Numer telefonu <span class=\"forminator-required\">*<\/span><\/label><input type=\"text\" name=\"phone-1\" value=\"\" placeholder=\"+48 300 400 500\" id=\"forminator-field-phone-1_69e7acc90180c\" class=\"forminator-input forminator-field--phone\" data-required=\"1\" aria-required=\"true\" autocomplete=\"off\" \/><\/div><\/div><\/div><div class=\"forminator-row\"><div id=\"email-1\" class=\"forminator-field-email forminator-col forminator-col-12 \"><div class=\"forminator-field\"><label for=\"forminator-field-email-1_69e7acc90180c\" id=\"forminator-field-email-1_69e7acc90180c-label\" class=\"forminator-label\">Adres e-mail <span class=\"forminator-required\">*<\/span><\/label><input type=\"email\" name=\"email-1\" value=\"\" placeholder=\"jan@kowalski.com\" id=\"forminator-field-email-1_69e7acc90180c\" class=\"forminator-input forminator-email--field\" data-required=\"1\" aria-required=\"true\" autocomplete=\"email\" \/><\/div><\/div><\/div><div class=\"forminator-row\"><div id=\"radio-1\" class=\"forminator-field-radio forminator-col forminator-col-12 \"><div role=\"radiogroup\" class=\"forminator-field\" aria-labelledby=\"forminator-radiogroup-radio-1-69e7acc90180c-label\"><span id=\"forminator-radiogroup-radio-1-69e7acc90180c-label\" class=\"forminator-label\">Preferowany rodzaj kontaktu<\/span><label id=\"forminator-field-radio-1-label-1\" for=\"forminator-field-radio-1-1-69e7acc90180c\" class=\"forminator-radio\" title=\"telefoniczny\"><input type=\"radio\" name=\"radio-1\" value=\"one\" id=\"forminator-field-radio-1-1-69e7acc90180c\" aria-labelledby=\"forminator-field-radio-1-label-1\" data-calculation=\"0\"   data-hidden-behavior=\"zero\"\/><span class=\"forminator-radio-bullet\" aria-hidden=\"true\"><\/span><span class=\"forminator-radio-label\">telefoniczny<\/span><\/label><label id=\"forminator-field-radio-1-label-2\" for=\"forminator-field-radio-1-2-69e7acc90180c\" class=\"forminator-radio\" title=\"mailowy\"><input type=\"radio\" name=\"radio-1\" value=\"two\" id=\"forminator-field-radio-1-2-69e7acc90180c\" aria-labelledby=\"forminator-field-radio-1-label-2\" data-calculation=\"0\"   data-hidden-behavior=\"zero\"\/><span class=\"forminator-radio-bullet\" aria-hidden=\"true\"><\/span><span class=\"forminator-radio-label\">mailowy<\/span><\/label><\/div><\/div><\/div><div class=\"forminator-row\"><div id=\"checkbox-1\" class=\"forminator-field-checkbox forminator-col forminator-col-12 \"><div role=\"group\" class=\"forminator-field\" aria-labelledby=\"forminator-checkbox-group-forminator-field-checkbox-1-69e7acc90180c-label\"><span id=\"forminator-checkbox-group-forminator-field-checkbox-1-69e7acc90180c-label\" class=\"forminator-label\">Konsultacjami z jakiego programu jeste\u015b zainteresowany?<\/span><label id=\"forminator-field-checkbox-1-1-69e7acc90180c-label\" for=\"forminator-field-checkbox-1-1-69e7acc90180c\" class=\"forminator-checkbox\" title=\"Adobe Photoshop\"><input type=\"checkbox\" name=\"checkbox-1[]\" value=\"one\" id=\"forminator-field-checkbox-1-1-69e7acc90180c\" aria-labelledby=\"forminator-field-checkbox-1-1-69e7acc90180c-label\" data-calculation=\"0\"   data-hidden-behavior=\"zero\"\/><span class=\"forminator-checkbox-box\" aria-hidden=\"true\"><\/span><span class=\"forminator-checkbox-label\">Adobe Photoshop<\/span><\/label><label id=\"forminator-field-checkbox-1-2-69e7acc90180c-label\" for=\"forminator-field-checkbox-1-2-69e7acc90180c\" class=\"forminator-checkbox\" title=\"Capture One\"><input type=\"checkbox\" name=\"checkbox-1[]\" value=\"two\" id=\"forminator-field-checkbox-1-2-69e7acc90180c\" aria-labelledby=\"forminator-field-checkbox-1-2-69e7acc90180c-label\" data-calculation=\"0\"   data-hidden-behavior=\"zero\"\/><span class=\"forminator-checkbox-box\" aria-hidden=\"true\"><\/span><span class=\"forminator-checkbox-label\">Capture One<\/span><\/label><label id=\"forminator-field-checkbox-1-3-69e7acc90180c-label\" for=\"forminator-field-checkbox-1-3-69e7acc90180c\" class=\"forminator-checkbox\" title=\"Adobe Lightroom\"><input type=\"checkbox\" name=\"checkbox-1[]\" value=\"Adobe-Lightroom\" id=\"forminator-field-checkbox-1-3-69e7acc90180c\" aria-labelledby=\"forminator-field-checkbox-1-3-69e7acc90180c-label\" data-calculation=\"0\"   data-hidden-behavior=\"zero\"\/><span class=\"forminator-checkbox-box\" aria-hidden=\"true\"><\/span><span class=\"forminator-checkbox-label\">Adobe Lightroom<\/span><\/label><label id=\"forminator-field-checkbox-1-4-69e7acc90180c-label\" for=\"forminator-field-checkbox-1-4-69e7acc90180c\" class=\"forminator-checkbox\" title=\"inne\"><input type=\"checkbox\" name=\"checkbox-1[]\" value=\"inne\" id=\"forminator-field-checkbox-1-4-69e7acc90180c\" aria-labelledby=\"forminator-field-checkbox-1-4-69e7acc90180c-label\" data-calculation=\"0\"   data-hidden-behavior=\"zero\"\/><span class=\"forminator-checkbox-box\" aria-hidden=\"true\"><\/span><span class=\"forminator-checkbox-label\">inne<\/span><\/label><\/div><\/div><\/div><div class=\"forminator-row\"><div id=\"radio-2\" class=\"forminator-field-radio forminator-col forminator-col-12 \"><div role=\"radiogroup\" class=\"forminator-field\" aria-labelledby=\"forminator-radiogroup-radio-2-69e7acc90180c-label\"><span id=\"forminator-radiogroup-radio-2-69e7acc90180c-label\" class=\"forminator-label\">Jaki jest Tw\u00f3j poziom zaawansowania?<\/span><label id=\"forminator-field-radio-2-label-1\" for=\"forminator-field-radio-2-1-69e7acc90180c\" class=\"forminator-radio\" title=\"pocz\u0105tkuj\u0105cy\"><input type=\"radio\" name=\"radio-2\" value=\"one\" id=\"forminator-field-radio-2-1-69e7acc90180c\" aria-labelledby=\"forminator-field-radio-2-label-1\" data-calculation=\"0\"   data-hidden-behavior=\"zero\"\/><span class=\"forminator-radio-bullet\" aria-hidden=\"true\"><\/span><span class=\"forminator-radio-label\">pocz\u0105tkuj\u0105cy<\/span><\/label><label id=\"forminator-field-radio-2-label-2\" for=\"forminator-field-radio-2-2-69e7acc90180c\" class=\"forminator-radio\" title=\"\u015bredniozaawansowany\"><input type=\"radio\" name=\"radio-2\" value=\"two\" id=\"forminator-field-radio-2-2-69e7acc90180c\" aria-labelledby=\"forminator-field-radio-2-label-2\" data-calculation=\"0\"   data-hidden-behavior=\"zero\"\/><span class=\"forminator-radio-bullet\" aria-hidden=\"true\"><\/span><span class=\"forminator-radio-label\">\u015bredniozaawansowany<\/span><\/label><label id=\"forminator-field-radio-2-label-3\" for=\"forminator-field-radio-2-3-69e7acc90180c\" class=\"forminator-radio\" title=\"zaawansowany\"><input type=\"radio\" name=\"radio-2\" value=\"zaawansowany\" id=\"forminator-field-radio-2-3-69e7acc90180c\" aria-labelledby=\"forminator-field-radio-2-label-3\" data-calculation=\"0\"   data-hidden-behavior=\"zero\"\/><span class=\"forminator-radio-bullet\" aria-hidden=\"true\"><\/span><span class=\"forminator-radio-label\">zaawansowany<\/span><\/label><\/div><\/div><\/div><div class=\"forminator-row\"><div id=\"textarea-1\" class=\"forminator-field-textarea forminator-col forminator-col-12 \"><div class=\"forminator-field\"><label for=\"forminator-field-textarea-1_69e7acc90180c\" id=\"forminator-field-textarea-1_69e7acc90180c-label\" class=\"forminator-label\">Dodatkowe informacje<\/label><textarea name=\"textarea-1\" placeholder=\"Wpisz pozosta\u0142e informacje, kt\u00f3re mog\u0105 by\u0107 przydatne do przygotowania dla Ciebie oferty.\" id=\"forminator-field-textarea-1_69e7acc90180c\" class=\"forminator-textarea\" rows=\"6\" style=\"--forminator-textarea-min-height:140px;\" ><\/textarea><\/div><\/div><\/div><div class=\"forminator-row\"><div id=\"consent-1\" class=\"forminator-field-consent forminator-col forminator-col-12 \"><div class=\"forminator-field\"><label for=\"forminator-field-consent-1_69e7acc90180c\" id=\"forminator-field-consent-1_69e7acc90180c-label\" class=\"forminator-label\">Polityka Prywatno\u015bci <span class=\"forminator-required\">*<\/span><\/label><div class=\"forminator-checkbox__wrapper\"><label id=\"forminator-field-consent-1_69e7acc90180c__label\" class=\"forminator-checkbox forminator-consent\"><input type=\"checkbox\" name=\"consent-1\" id=\"forminator-field-consent-1_69e7acc90180c\" value=\"checked\" aria-labelledby=\"forminator-field-consent-1_69e7acc90180c-label\" aria-describedby=\"forminator-field-consent-1_69e7acc90180c__description\" data-required=\"true\" aria-required=\"true\" \/><span class=\"forminator-checkbox-box\" aria-hidden=\"true\"><\/span><\/label><div id=\"forminator-field-consent-1_69e7acc90180c__description\" class=\"forminator-checkbox__label forminator-consent__label\"><p>Akceptuj\u0119 <a rel=\"noopener\" target=\"_blank\" href=\"https:\/\/houseofretouching.com\/warsztaty\/polityka-prywatnosci\/\">Polityk\u0119 Prywatno\u015bci<\/a>.<\/p><\/div><\/div><\/div><\/div><\/div><input type=\"hidden\" name=\"referer_url\" value=\"\" \/><div class=\"forminator-row forminator-row-last\"><div class=\"forminator-col\"><div class=\"forminator-field\"><button class=\"forminator-button forminator-button-submit\"><span>Wy\u015blij wiadomo\u015b\u0107<\/span><span aria-hidden=\"true\"><\/span><\/button><\/div><\/div><\/div><input type=\"hidden\" id=\"forminator_nonce\" name=\"forminator_nonce\" value=\"38de04a04a\" \/><input type=\"hidden\" name=\"_wp_http_referer\" value=\"\/warsztaty\/wp-json\/wp\/v2\/pages\/3121\" \/><input type=\"hidden\" name=\"form_id\" value=\"3120\"><input type=\"hidden\" name=\"page_id\" value=\"3121\"><input type=\"hidden\" name=\"form_type\" value=\"default\"><input type=\"hidden\" name=\"current_url\" value=\"https:\/\/houseofretouching.com\/warsztaty\/indywidualne-konsultacje\/\"><input type=\"hidden\" name=\"render_id\" value=\"0\"><input type=\"hidden\" name=\"action\" value=\"forminator_submit_form_custom-forms\"><\/form><\/p>\n\n\n\n<p><\/p>\n","protected":false},"excerpt":{"rendered":"<p>Warsztaty 1:1 Wype\u0142nij formularz kontaktowy, a my odezwiemy si\u0119 do Ciebie, aby om\u00f3wi\u0107 szczeg\u00f3\u0142y i przedstawi\u0107 dopasowan\u0105 do Twoich oczekiwa\u0144 [&hellip;]<\/p>\n","protected":false},"author":1,"featured_media":0,"parent":0,"menu_order":0,"comment_status":"closed","ping_status":"closed","template":"","meta":{"site-sidebar-layout":"default","site-content-layout":"","ast-site-content-layout":"narrow-width-container","site-content-style":"boxed","site-sidebar-style":"default","ast-global-header-display":"","ast-banner-title-visibility":"","ast-main-header-display":"","ast-hfb-above-header-display":"","ast-hfb-below-header-display":"","ast-hfb-mobile-header-display":"","site-post-title":"","ast-breadcrumbs-content":"","ast-featured-img":"","footer-sml-layout":"","ast-disable-related-posts":"","theme-transparent-header-meta":"","adv-header-id-meta":"","stick-header-meta":"","header-above-stick-meta":"","header-main-stick-meta":"","header-below-stick-meta":"","astra-migrate-meta-layouts":"default","ast-page-background-enabled":"default","ast-page-background-meta":{"desktop":{"background-color":"var(--ast-global-color-4)","background-image":"","background-repeat":"repeat","background-position":"center center","background-size":"auto","background-attachment":"scroll","background-type":"","background-media":"","overlay-type":"","overlay-color":"","overlay-opacity":"","overlay-gradient":""},"tablet":{"background-color":"","background-image":"","background-repeat":"repeat","background-position":"center center","background-size":"auto","background-attachment":"scroll","background-type":"","background-media":"","overlay-type":"","overlay-color":"","overlay-opacity":"","overlay-gradient":""},"mobile":{"background-color":"","background-image":"","background-repeat":"repeat","background-position":"center center","background-size":"auto","background-attachment":"scroll","background-type":"","background-media":"","overlay-type":"","overlay-color":"","overlay-opacity":"","overlay-gradient":""}},"ast-content-background-meta":{"desktop":{"background-color":"var(--ast-global-color-5)","background-image":"","background-repeat":"repeat","background-position":"center center","background-size":"auto","background-attachment":"scroll","background-type":"","background-media":"","overlay-type":"","overlay-color":"","overlay-opacity":"","overlay-gradient":""},"tablet":{"background-color":"var(--ast-global-color-5)","background-image":"","background-repeat":"repeat","background-position":"center center","background-size":"auto","background-attachment":"scroll","background-type":"","background-media":"","overlay-type":"","overlay-color":"","overlay-opacity":"","overlay-gradient":""},"mobile":{"background-color":"var(--ast-global-color-5)","background-image":"","background-repeat":"repeat","background-position":"center center","background-size":"auto","background-attachment":"scroll","background-type":"","background-media":"","overlay-type":"","overlay-color":"","overlay-opacity":"","overlay-gradient":""}},"footnotes":""},"class_list":["post-3121","page","type-page","status-publish","hentry"],"yoast_head":"<!-- This site is optimized with the Yoast SEO plugin v27.4 - https:\/\/yoast.com\/product\/yoast-seo-wordpress\/ -->\n<title>Indywidualne konsultacje - Warsztaty House of Retouching<\/title>\n<meta name=\"robots\" content=\"index, follow, max-snippet:-1, max-image-preview:large, max-video-preview:-1\" \/>\n<link rel=\"canonical\" href=\"https:\/\/houseofretouching.com\/warsztaty\/indywidualne-konsultacje\/\" \/>\n<meta property=\"og:locale\" content=\"pl_PL\" \/>\n<meta property=\"og:type\" content=\"article\" \/>\n<meta property=\"og:title\" content=\"Indywidualne konsultacje - Warsztaty House of Retouching\" \/>\n<meta property=\"og:description\" content=\"Warsztaty 1:1 Wype\u0142nij formularz kontaktowy, a my odezwiemy si\u0119 do Ciebie, aby om\u00f3wi\u0107 szczeg\u00f3\u0142y i przedstawi\u0107 dopasowan\u0105 do Twoich oczekiwa\u0144 [&hellip;]\" \/>\n<meta property=\"og:url\" content=\"https:\/\/houseofretouching.com\/warsztaty\/indywidualne-konsultacje\/\" \/>\n<meta property=\"og:site_name\" content=\"Warsztaty House of Retouching\" \/>\n<meta property=\"article:modified_time\" content=\"2025-12-18T12:35:13+00:00\" \/>\n<meta name=\"twitter:card\" content=\"summary_large_image\" \/>\n<meta name=\"twitter:label1\" content=\"Szacowany czas czytania\" \/>\n\t<meta name=\"twitter:data1\" content=\"1 minuta\" \/>\n<script type=\"application\/ld+json\" class=\"yoast-schema-graph\">{\"@context\":\"https:\\\/\\\/schema.org\",\"@graph\":[{\"@type\":\"WebPage\",\"@id\":\"https:\\\/\\\/houseofretouching.com\\\/warsztaty\\\/indywidualne-konsultacje\\\/\",\"url\":\"https:\\\/\\\/houseofretouching.com\\\/warsztaty\\\/indywidualne-konsultacje\\\/\",\"name\":\"Indywidualne konsultacje - Warsztaty House of Retouching\",\"isPartOf\":{\"@id\":\"https:\\\/\\\/houseofretouching.com\\\/warsztaty\\\/#website\"},\"datePublished\":\"2024-09-16T09:45:00+00:00\",\"dateModified\":\"2025-12-18T12:35:13+00:00\",\"breadcrumb\":{\"@id\":\"https:\\\/\\\/houseofretouching.com\\\/warsztaty\\\/indywidualne-konsultacje\\\/#breadcrumb\"},\"inLanguage\":\"pl-PL\",\"potentialAction\":[{\"@type\":\"ReadAction\",\"target\":[\"https:\\\/\\\/houseofretouching.com\\\/warsztaty\\\/indywidualne-konsultacje\\\/\"]}]},{\"@type\":\"BreadcrumbList\",\"@id\":\"https:\\\/\\\/houseofretouching.com\\\/warsztaty\\\/indywidualne-konsultacje\\\/#breadcrumb\",\"itemListElement\":[{\"@type\":\"ListItem\",\"position\":1,\"name\":\"Strona g\u0142\u00f3wna\",\"item\":\"https:\\\/\\\/houseofretouching.com\\\/warsztaty\\\/\"},{\"@type\":\"ListItem\",\"position\":2,\"name\":\"Indywidualne konsultacje\"}]},{\"@type\":\"WebSite\",\"@id\":\"https:\\\/\\\/houseofretouching.com\\\/warsztaty\\\/#website\",\"url\":\"https:\\\/\\\/houseofretouching.com\\\/warsztaty\\\/\",\"name\":\"Warsztaty House of Retouching\",\"description\":\"\",\"publisher\":{\"@id\":\"https:\\\/\\\/houseofretouching.com\\\/warsztaty\\\/#organization\"},\"potentialAction\":[{\"@type\":\"SearchAction\",\"target\":{\"@type\":\"EntryPoint\",\"urlTemplate\":\"https:\\\/\\\/houseofretouching.com\\\/warsztaty\\\/?s={search_term_string}\"},\"query-input\":{\"@type\":\"PropertyValueSpecification\",\"valueRequired\":true,\"valueName\":\"search_term_string\"}}],\"inLanguage\":\"pl-PL\"},{\"@type\":\"Organization\",\"@id\":\"https:\\\/\\\/houseofretouching.com\\\/warsztaty\\\/#organization\",\"name\":\"Warsztaty House of Retouching\",\"url\":\"https:\\\/\\\/houseofretouching.com\\\/warsztaty\\\/\",\"logo\":{\"@type\":\"ImageObject\",\"inLanguage\":\"pl-PL\",\"@id\":\"https:\\\/\\\/houseofretouching.com\\\/warsztaty\\\/#\\\/schema\\\/logo\\\/image\\\/\",\"url\":\"https:\\\/\\\/houseofretouching.com\\\/warsztaty\\\/wp-content\\\/uploads\\\/2023\\\/10\\\/hofr-logo-primary.svg\",\"contentUrl\":\"https:\\\/\\\/houseofretouching.com\\\/warsztaty\\\/wp-content\\\/uploads\\\/2023\\\/10\\\/hofr-logo-primary.svg\",\"width\":300,\"height\":20,\"caption\":\"Warsztaty House of Retouching\"},\"image\":{\"@id\":\"https:\\\/\\\/houseofretouching.com\\\/warsztaty\\\/#\\\/schema\\\/logo\\\/image\\\/\"}}]}<\/script>\n<!-- \/ Yoast SEO plugin. -->","yoast_head_json":{"title":"Indywidualne konsultacje - Warsztaty House of Retouching","robots":{"index":"index","follow":"follow","max-snippet":"max-snippet:-1","max-image-preview":"max-image-preview:large","max-video-preview":"max-video-preview:-1"},"canonical":"https:\/\/houseofretouching.com\/warsztaty\/indywidualne-konsultacje\/","og_locale":"pl_PL","og_type":"article","og_title":"Indywidualne konsultacje - Warsztaty House of Retouching","og_description":"Warsztaty 1:1 Wype\u0142nij formularz kontaktowy, a my odezwiemy si\u0119 do Ciebie, aby om\u00f3wi\u0107 szczeg\u00f3\u0142y i przedstawi\u0107 dopasowan\u0105 do Twoich oczekiwa\u0144 [&hellip;]","og_url":"https:\/\/houseofretouching.com\/warsztaty\/indywidualne-konsultacje\/","og_site_name":"Warsztaty House of Retouching","article_modified_time":"2025-12-18T12:35:13+00:00","twitter_card":"summary_large_image","twitter_misc":{"Szacowany czas czytania":"1 minuta"},"schema":{"@context":"https:\/\/schema.org","@graph":[{"@type":"WebPage","@id":"https:\/\/houseofretouching.com\/warsztaty\/indywidualne-konsultacje\/","url":"https:\/\/houseofretouching.com\/warsztaty\/indywidualne-konsultacje\/","name":"Indywidualne konsultacje - Warsztaty House of Retouching","isPartOf":{"@id":"https:\/\/houseofretouching.com\/warsztaty\/#website"},"datePublished":"2024-09-16T09:45:00+00:00","dateModified":"2025-12-18T12:35:13+00:00","breadcrumb":{"@id":"https:\/\/houseofretouching.com\/warsztaty\/indywidualne-konsultacje\/#breadcrumb"},"inLanguage":"pl-PL","potentialAction":[{"@type":"ReadAction","target":["https:\/\/houseofretouching.com\/warsztaty\/indywidualne-konsultacje\/"]}]},{"@type":"BreadcrumbList","@id":"https:\/\/houseofretouching.com\/warsztaty\/indywidualne-konsultacje\/#breadcrumb","itemListElement":[{"@type":"ListItem","position":1,"name":"Strona g\u0142\u00f3wna","item":"https:\/\/houseofretouching.com\/warsztaty\/"},{"@type":"ListItem","position":2,"name":"Indywidualne konsultacje"}]},{"@type":"WebSite","@id":"https:\/\/houseofretouching.com\/warsztaty\/#website","url":"https:\/\/houseofretouching.com\/warsztaty\/","name":"Warsztaty House of Retouching","description":"","publisher":{"@id":"https:\/\/houseofretouching.com\/warsztaty\/#organization"},"potentialAction":[{"@type":"SearchAction","target":{"@type":"EntryPoint","urlTemplate":"https:\/\/houseofretouching.com\/warsztaty\/?s={search_term_string}"},"query-input":{"@type":"PropertyValueSpecification","valueRequired":true,"valueName":"search_term_string"}}],"inLanguage":"pl-PL"},{"@type":"Organization","@id":"https:\/\/houseofretouching.com\/warsztaty\/#organization","name":"Warsztaty House of Retouching","url":"https:\/\/houseofretouching.com\/warsztaty\/","logo":{"@type":"ImageObject","inLanguage":"pl-PL","@id":"https:\/\/houseofretouching.com\/warsztaty\/#\/schema\/logo\/image\/","url":"https:\/\/houseofretouching.com\/warsztaty\/wp-content\/uploads\/2023\/10\/hofr-logo-primary.svg","contentUrl":"https:\/\/houseofretouching.com\/warsztaty\/wp-content\/uploads\/2023\/10\/hofr-logo-primary.svg","width":300,"height":20,"caption":"Warsztaty House of Retouching"},"image":{"@id":"https:\/\/houseofretouching.com\/warsztaty\/#\/schema\/logo\/image\/"}}]}},"_links":{"self":[{"href":"https:\/\/houseofretouching.com\/warsztaty\/wp-json\/wp\/v2\/pages\/3121","targetHints":{"allow":["GET"]}}],"collection":[{"href":"https:\/\/houseofretouching.com\/warsztaty\/wp-json\/wp\/v2\/pages"}],"about":[{"href":"https:\/\/houseofretouching.com\/warsztaty\/wp-json\/wp\/v2\/types\/page"}],"author":[{"embeddable":true,"href":"https:\/\/houseofretouching.com\/warsztaty\/wp-json\/wp\/v2\/users\/1"}],"replies":[{"embeddable":true,"href":"https:\/\/houseofretouching.com\/warsztaty\/wp-json\/wp\/v2\/comments?post=3121"}],"version-history":[{"count":4,"href":"https:\/\/houseofretouching.com\/warsztaty\/wp-json\/wp\/v2\/pages\/3121\/revisions"}],"predecessor-version":[{"id":4964,"href":"https:\/\/houseofretouching.com\/warsztaty\/wp-json\/wp\/v2\/pages\/3121\/revisions\/4964"}],"wp:attachment":[{"href":"https:\/\/houseofretouching.com\/warsztaty\/wp-json\/wp\/v2\/media?parent=3121"}],"curies":[{"name":"wp","href":"https:\/\/api.w.org\/{rel}","templated":true}]}}