{"id":2285,"date":"2023-12-14T08:24:20","date_gmt":"2023-12-14T07:24:20","guid":{"rendered":"https:\/\/houseofretouching.com\/warsztaty\/?page_id=2285"},"modified":"2023-12-14T14:40:36","modified_gmt":"2023-12-14T13:40:36","slug":"regulamin-vouchera-podarunkowego","status":"publish","type":"page","link":"https:\/\/houseofretouching.com\/warsztaty\/regulamin-vouchera-podarunkowego\/","title":{"rendered":"Regulamin Vouchera Podarunkowego"},"content":{"rendered":"\n<h1 class=\"wp-block-heading\" style=\"font-size:56px;font-style:normal;font-weight:600;letter-spacing:-2.2px;line-height:1.2\">Regulamin Vouchera Podarunkowego<\/h1>\n\n\n\n<div style=\"height:64px\" aria-hidden=\"true\" class=\"wp-block-spacer\"><\/div>\n\n\n\n<ol class=\"wp-block-list\">\n<li>Voucher Podarunkowy jest dokumentem elektronicznym zwanym inaczej kodem rabatowym lub e-kodem o unikalnym numerze, warto\u015bci r\u00f3wnej 250 z\u0142, 500 z\u0142, 1000 z\u0142 lub 1250 z\u0142.&nbsp;<\/li>\n\n\n\n<li>Wystawc\u0105 Vouchera, zwanym dalej Organizatorem jest House of Retouching s.c. z siedzib\u0105 przy ulicy Ambro\u017cego Grabowskiego 8\/6, 31-126 Krak\u00f3w, NIP 944-215-02-44.<\/li>\n\n\n\n<li>Voucher bez wzgl\u0119du na jego warto\u015b\u0107 ma okre\u015blony termin wa\u017cno\u015bci i s\u0105 to 3 miesi\u0105ce od daty zakupu.<\/li>\n\n\n\n<li>Niewykorzystanie Vouchera w terminie 3 miesi\u0119cy od daty zakupu jest r\u00f3wnoznaczne z utrat\u0105 wa\u017cno\u015bci Vouchera i nie stanowi podstawy do wyst\u0105pienia z roszczeniami w tym zakresie wobec Wystawcy.<\/li>\n\n\n\n<li>Voucher mo\u017cna wykorzysta\u0107 do pokrycia pe\u0142nej lub cz\u0119\u015bciowej ceny za warsztaty wybrane z oferty House of Retouching s.c., dost\u0119pnej na stronie internetowej: <a href=\"https:\/\/houseofretouching.com\/warsztaty\/\"><strong>https:\/\/houseofretouching.com\/warsztaty<\/strong><\/a>\/, przy zastrze\u017ceniu, \u017ce kody rabatowe i promocje si\u0119 nie \u0142\u0105cz\u0105, chyba, \u017ce w regulaminie promocji wyra\u017anie zaznaczono inaczej.<\/li>\n\n\n\n<li>Voucher mo\u017ce by\u0107 wykorzystany jednorazowo, bez mo\u017cliwo\u015bci podzia\u0142u.<\/li>\n\n\n\n<li>Voucher nie podlega wymianie na \u015brodki pieni\u0119\u017cne ( w ca\u0142o\u015bci lub cz\u0119\u015bci) oraz nie podlega zwrotowi.<\/li>\n\n\n\n<li>Posiadacz Vouchera mo\u017ce dokona\u0107 maksymalnie 2-krotnie zmiany terminu warsztat\u00f3w kupionych z u\u017cyciem Vouchera, bez utraty wa\u017cno\u015bci kodu rabatowego. Po tym czasie kod rabatowy traci wa\u017cno\u015b\u0107 i udzia\u0142 w Warsztatach wymaga dop\u0142acenia kwoty na kt\u00f3r\u0105 opiewa\u0142 Voucher.<\/li>\n\n\n\n<li>Zmiana terminu warsztat\u00f3w\/ odwo\u0142anie warsztat\u00f3w z winy Organizatora powoduje przed\u0142u\u017cenie wa\u017cno\u015bci Vouchera oraz nie powoduje utraty&nbsp; maksymalnie 2-krotnej zmiany terminu warsztat\u00f3w przys\u0142uguj\u0105cej Posiadaczowi (patrz punkt 8 Regulaminu).<\/li>\n\n\n\n<li>W przypadku rezygnacji z uczestnictwa oraz \u017c\u0105dania zwroty wp\u0142aconych \u015brodk\u00f3w (o ile Voucher nie pokry\u0142 ca\u0142o\u015bci szkolenia) kupon rabatowy traci wa\u017cno\u015b\u0107.<\/li>\n\n\n\n<li>Wystawca nie odpowiada za zgubienie Vouchera przez Nabywc\u0119\/ Posiadacza. Nie przewiduje si\u0119 wystawienia duplikatu Vouchera.<\/li>\n\n\n\n<li>Voucher, kt\u00f3rego termin wa\u017cno\u015bci min\u0105\u0142 uznaje si\u0119 za niewykorzystany.<\/li>\n<\/ol>\n","protected":false},"excerpt":{"rendered":"<p>Regulamin Vouchera Podarunkowego<\/p>\n","protected":false},"author":1,"featured_media":0,"parent":0,"menu_order":0,"comment_status":"closed","ping_status":"closed","template":"","meta":{"site-sidebar-layout":"default","site-content-layout":"","ast-site-content-layout":"normal-width-container","site-content-style":"default","site-sidebar-style":"default","ast-global-header-display":"","ast-banner-title-visibility":"","ast-main-header-display":"","ast-hfb-above-header-display":"","ast-hfb-below-header-display":"","ast-hfb-mobile-header-display":"","site-post-title":"","ast-breadcrumbs-content":"","ast-featured-img":"","footer-sml-layout":"","ast-disable-related-posts":"","theme-transparent-header-meta":"","adv-header-id-meta":"","stick-header-meta":"","header-above-stick-meta":"","header-main-stick-meta":"","header-below-stick-meta":"","astra-migrate-meta-layouts":"","ast-page-background-enabled":"default","ast-page-background-meta":{"desktop":{"background-color":"var(--ast-global-color-4)","background-image":"","background-repeat":"repeat","background-position":"center center","background-size":"auto","background-attachment":"scroll","background-type":"","background-media":"","overlay-type":"","overlay-color":"","overlay-opacity":"","overlay-gradient":""},"tablet":{"background-color":"","background-image":"","background-repeat":"repeat","background-position":"center center","background-size":"auto","background-attachment":"scroll","background-type":"","background-media":"","overlay-type":"","overlay-color":"","overlay-opacity":"","overlay-gradient":""},"mobile":{"background-color":"","background-image":"","background-repeat":"repeat","background-position":"center center","background-size":"auto","background-attachment":"scroll","background-type":"","background-media":"","overlay-type":"","overlay-color":"","overlay-opacity":"","overlay-gradient":""}},"ast-content-background-meta":{"desktop":{"background-color":"var(--ast-global-color-5)","background-image":"","background-repeat":"repeat","background-position":"center center","background-size":"auto","background-attachment":"scroll","background-type":"","background-media":"","overlay-type":"","overlay-color":"","overlay-opacity":"","overlay-gradient":""},"tablet":{"background-color":"var(--ast-global-color-5)","background-image":"","background-repeat":"repeat","background-position":"center center","background-size":"auto","background-attachment":"scroll","background-type":"","background-media":"","overlay-type":"","overlay-color":"","overlay-opacity":"","overlay-gradient":""},"mobile":{"background-color":"var(--ast-global-color-5)","background-image":"","background-repeat":"repeat","background-position":"center center","background-size":"auto","background-attachment":"scroll","background-type":"","background-media":"","overlay-type":"","overlay-color":"","overlay-opacity":"","overlay-gradient":""}},"footnotes":""},"class_list":["post-2285","page","type-page","status-publish","hentry"],"yoast_head":"<!-- This site is optimized with the Yoast SEO plugin v27.4 - https:\/\/yoast.com\/product\/yoast-seo-wordpress\/ -->\n<title>Regulamin Vouchera Podarunkowego - Warsztaty House of Retouching<\/title>\n<meta name=\"robots\" content=\"index, follow, max-snippet:-1, max-image-preview:large, max-video-preview:-1\" \/>\n<link rel=\"canonical\" href=\"https:\/\/houseofretouching.com\/warsztaty\/regulamin-vouchera-podarunkowego\/\" \/>\n<meta property=\"og:locale\" content=\"pl_PL\" \/>\n<meta property=\"og:type\" content=\"article\" \/>\n<meta property=\"og:title\" content=\"Regulamin Vouchera Podarunkowego - Warsztaty House of Retouching\" \/>\n<meta property=\"og:description\" content=\"Regulamin Vouchera Podarunkowego\" \/>\n<meta property=\"og:url\" content=\"https:\/\/houseofretouching.com\/warsztaty\/regulamin-vouchera-podarunkowego\/\" \/>\n<meta property=\"og:site_name\" content=\"Warsztaty House of Retouching\" \/>\n<meta property=\"article:modified_time\" content=\"2023-12-14T13:40:36+00:00\" \/>\n<meta name=\"twitter:card\" content=\"summary_large_image\" \/>\n<meta name=\"twitter:label1\" content=\"Szacowany czas czytania\" \/>\n\t<meta name=\"twitter:data1\" content=\"2 minuty\" \/>\n<script type=\"application\/ld+json\" class=\"yoast-schema-graph\">{\"@context\":\"https:\\\/\\\/schema.org\",\"@graph\":[{\"@type\":\"WebPage\",\"@id\":\"https:\\\/\\\/houseofretouching.com\\\/warsztaty\\\/regulamin-vouchera-podarunkowego\\\/\",\"url\":\"https:\\\/\\\/houseofretouching.com\\\/warsztaty\\\/regulamin-vouchera-podarunkowego\\\/\",\"name\":\"Regulamin Vouchera Podarunkowego - Warsztaty House of Retouching\",\"isPartOf\":{\"@id\":\"https:\\\/\\\/houseofretouching.com\\\/warsztaty\\\/#website\"},\"datePublished\":\"2023-12-14T07:24:20+00:00\",\"dateModified\":\"2023-12-14T13:40:36+00:00\",\"breadcrumb\":{\"@id\":\"https:\\\/\\\/houseofretouching.com\\\/warsztaty\\\/regulamin-vouchera-podarunkowego\\\/#breadcrumb\"},\"inLanguage\":\"pl-PL\",\"potentialAction\":[{\"@type\":\"ReadAction\",\"target\":[\"https:\\\/\\\/houseofretouching.com\\\/warsztaty\\\/regulamin-vouchera-podarunkowego\\\/\"]}]},{\"@type\":\"BreadcrumbList\",\"@id\":\"https:\\\/\\\/houseofretouching.com\\\/warsztaty\\\/regulamin-vouchera-podarunkowego\\\/#breadcrumb\",\"itemListElement\":[{\"@type\":\"ListItem\",\"position\":1,\"name\":\"Strona g\u0142\u00f3wna\",\"item\":\"https:\\\/\\\/houseofretouching.com\\\/warsztaty\\\/\"},{\"@type\":\"ListItem\",\"position\":2,\"name\":\"Regulamin Vouchera Podarunkowego\"}]},{\"@type\":\"WebSite\",\"@id\":\"https:\\\/\\\/houseofretouching.com\\\/warsztaty\\\/#website\",\"url\":\"https:\\\/\\\/houseofretouching.com\\\/warsztaty\\\/\",\"name\":\"Warsztaty House of Retouching\",\"description\":\"\",\"publisher\":{\"@id\":\"https:\\\/\\\/houseofretouching.com\\\/warsztaty\\\/#organization\"},\"potentialAction\":[{\"@type\":\"SearchAction\",\"target\":{\"@type\":\"EntryPoint\",\"urlTemplate\":\"https:\\\/\\\/houseofretouching.com\\\/warsztaty\\\/?s={search_term_string}\"},\"query-input\":{\"@type\":\"PropertyValueSpecification\",\"valueRequired\":true,\"valueName\":\"search_term_string\"}}],\"inLanguage\":\"pl-PL\"},{\"@type\":\"Organization\",\"@id\":\"https:\\\/\\\/houseofretouching.com\\\/warsztaty\\\/#organization\",\"name\":\"Warsztaty House of Retouching\",\"url\":\"https:\\\/\\\/houseofretouching.com\\\/warsztaty\\\/\",\"logo\":{\"@type\":\"ImageObject\",\"inLanguage\":\"pl-PL\",\"@id\":\"https:\\\/\\\/houseofretouching.com\\\/warsztaty\\\/#\\\/schema\\\/logo\\\/image\\\/\",\"url\":\"https:\\\/\\\/houseofretouching.com\\\/warsztaty\\\/wp-content\\\/uploads\\\/2023\\\/10\\\/hofr-logo-primary.svg\",\"contentUrl\":\"https:\\\/\\\/houseofretouching.com\\\/warsztaty\\\/wp-content\\\/uploads\\\/2023\\\/10\\\/hofr-logo-primary.svg\",\"width\":300,\"height\":20,\"caption\":\"Warsztaty House of Retouching\"},\"image\":{\"@id\":\"https:\\\/\\\/houseofretouching.com\\\/warsztaty\\\/#\\\/schema\\\/logo\\\/image\\\/\"}}]}<\/script>\n<!-- \/ Yoast SEO plugin. -->","yoast_head_json":{"title":"Regulamin Vouchera Podarunkowego - Warsztaty House of Retouching","robots":{"index":"index","follow":"follow","max-snippet":"max-snippet:-1","max-image-preview":"max-image-preview:large","max-video-preview":"max-video-preview:-1"},"canonical":"https:\/\/houseofretouching.com\/warsztaty\/regulamin-vouchera-podarunkowego\/","og_locale":"pl_PL","og_type":"article","og_title":"Regulamin Vouchera Podarunkowego - Warsztaty House of Retouching","og_description":"Regulamin Vouchera Podarunkowego","og_url":"https:\/\/houseofretouching.com\/warsztaty\/regulamin-vouchera-podarunkowego\/","og_site_name":"Warsztaty House of Retouching","article_modified_time":"2023-12-14T13:40:36+00:00","twitter_card":"summary_large_image","twitter_misc":{"Szacowany czas czytania":"2 minuty"},"schema":{"@context":"https:\/\/schema.org","@graph":[{"@type":"WebPage","@id":"https:\/\/houseofretouching.com\/warsztaty\/regulamin-vouchera-podarunkowego\/","url":"https:\/\/houseofretouching.com\/warsztaty\/regulamin-vouchera-podarunkowego\/","name":"Regulamin Vouchera Podarunkowego - Warsztaty House of Retouching","isPartOf":{"@id":"https:\/\/houseofretouching.com\/warsztaty\/#website"},"datePublished":"2023-12-14T07:24:20+00:00","dateModified":"2023-12-14T13:40:36+00:00","breadcrumb":{"@id":"https:\/\/houseofretouching.com\/warsztaty\/regulamin-vouchera-podarunkowego\/#breadcrumb"},"inLanguage":"pl-PL","potentialAction":[{"@type":"ReadAction","target":["https:\/\/houseofretouching.com\/warsztaty\/regulamin-vouchera-podarunkowego\/"]}]},{"@type":"BreadcrumbList","@id":"https:\/\/houseofretouching.com\/warsztaty\/regulamin-vouchera-podarunkowego\/#breadcrumb","itemListElement":[{"@type":"ListItem","position":1,"name":"Strona g\u0142\u00f3wna","item":"https:\/\/houseofretouching.com\/warsztaty\/"},{"@type":"ListItem","position":2,"name":"Regulamin Vouchera Podarunkowego"}]},{"@type":"WebSite","@id":"https:\/\/houseofretouching.com\/warsztaty\/#website","url":"https:\/\/houseofretouching.com\/warsztaty\/","name":"Warsztaty House of Retouching","description":"","publisher":{"@id":"https:\/\/houseofretouching.com\/warsztaty\/#organization"},"potentialAction":[{"@type":"SearchAction","target":{"@type":"EntryPoint","urlTemplate":"https:\/\/houseofretouching.com\/warsztaty\/?s={search_term_string}"},"query-input":{"@type":"PropertyValueSpecification","valueRequired":true,"valueName":"search_term_string"}}],"inLanguage":"pl-PL"},{"@type":"Organization","@id":"https:\/\/houseofretouching.com\/warsztaty\/#organization","name":"Warsztaty House of Retouching","url":"https:\/\/houseofretouching.com\/warsztaty\/","logo":{"@type":"ImageObject","inLanguage":"pl-PL","@id":"https:\/\/houseofretouching.com\/warsztaty\/#\/schema\/logo\/image\/","url":"https:\/\/houseofretouching.com\/warsztaty\/wp-content\/uploads\/2023\/10\/hofr-logo-primary.svg","contentUrl":"https:\/\/houseofretouching.com\/warsztaty\/wp-content\/uploads\/2023\/10\/hofr-logo-primary.svg","width":300,"height":20,"caption":"Warsztaty House of Retouching"},"image":{"@id":"https:\/\/houseofretouching.com\/warsztaty\/#\/schema\/logo\/image\/"}}]}},"_links":{"self":[{"href":"https:\/\/houseofretouching.com\/warsztaty\/wp-json\/wp\/v2\/pages\/2285","targetHints":{"allow":["GET"]}}],"collection":[{"href":"https:\/\/houseofretouching.com\/warsztaty\/wp-json\/wp\/v2\/pages"}],"about":[{"href":"https:\/\/houseofretouching.com\/warsztaty\/wp-json\/wp\/v2\/types\/page"}],"author":[{"embeddable":true,"href":"https:\/\/houseofretouching.com\/warsztaty\/wp-json\/wp\/v2\/users\/1"}],"replies":[{"embeddable":true,"href":"https:\/\/houseofretouching.com\/warsztaty\/wp-json\/wp\/v2\/comments?post=2285"}],"version-history":[{"count":0,"href":"https:\/\/houseofretouching.com\/warsztaty\/wp-json\/wp\/v2\/pages\/2285\/revisions"}],"wp:attachment":[{"href":"https:\/\/houseofretouching.com\/warsztaty\/wp-json\/wp\/v2\/media?parent=2285"}],"curies":[{"name":"wp","href":"https:\/\/api.w.org\/{rel}","templated":true}]}}